{"id":823,"date":"2023-10-03T09:03:12","date_gmt":"2023-10-03T08:03:12","guid":{"rendered":"https:\/\/iicalgeri.esteri.it\/?page_id=823"},"modified":"2023-10-03T09:03:12","modified_gmt":"2023-10-03T08:03:12","slug":"i-media-in-italia","status":"publish","type":"page","link":"https:\/\/iicalgeri.esteri.it\/it\/lingua-e-cultura\/i-corsi-di-lingua\/studiare-litaliano-online\/i-media-in-italia\/","title":{"rendered":"I media in Italia"},"content":{"rendered":"<p><strong>TELEVISIONE<\/strong><\/p>\n<p><strong><a href=\"https:\/\/www.raiplay.it\/\">Rai Play<\/a><\/strong>\u00a0(gratuito con registrazione obbligatoria) \u00e8 il portale che vi consente di accedere a molteplici contenuti della nostra televisione pubblica. Alcuni contenuti non vengono diffusi all\u2019estero.<\/p>\n<p>Un accesso pi\u00f9 mirato a contenuti culturali e di rilevanza storica della Rai \u00e8 disponibile, senza necessit\u00e0 di registrazione, alle seguenti sezioni:<\/p>\n<p><strong><a href=\"https:\/\/www.raicultura.it\/\">RAI Cultura<\/a><\/strong>\u00a0contenente le sottosezioni: Rai 5, Rai Storia, Rai Scuola, Rai Orchestra, Rai Cultura LETTERATURA, Rai Cultura ARTE, Rai Cultura FILOSOFIA, Rai Cultura ECONOMIA, Rai Cultura SCIENZE, Rai Cultura ITALIANO;<\/p>\n<p><strong><a href=\"https:\/\/www.teche.rai.it\/\">Rai Teche<\/a><\/strong>\u00a0ampio archivio storico di programmi Rai radiofonici e televisivi dal 1924 ad oggi;<\/p>\n<p><strong><a href=\"https:\/\/www.rainews.it\/dl\/rainews\/live\/ContentItem-3156f2f2-dc70-4953-8e2f-70d7489d4ce9.html\">Rai News<\/a><\/strong>\u00a0notiziario ad accesso gratuito e libero.<\/p>\n<p>&nbsp;<\/p>\n<p><strong>RADIO<\/strong><\/p>\n<p><strong><a href=\"https:\/\/www.raiplayradio.it\/\">RAI PlayRadio<\/a><\/strong>\u00a0portale della radio pubblica italiana (accesso libero). Tra le risorse disponibili vi raccomandiamo il canale culturale Rai Radio3;<\/p>\n<p><strong><a href=\"https:\/\/www.italia.fm\/\">italia.fm<\/a><\/strong>\u00a0un portale su cui troverete numerose emittenti pubbliche e private.<\/p>\n<p>&nbsp;<\/p>\n<p><strong>ORGANI DI STAMPA<\/strong><\/p>\n<p><strong><a href=\"https:\/\/www.quotidiani.net\/\">www.quotidiani.net<\/a><\/strong>\u00a0vi offre una panoramica pressoch\u00e9 completa della stampa italiana quotidiana e periodica.<\/p>\n","protected":false},"excerpt":{"rendered":"TELEVISIONE Rai Play\u00a0(gratuito con registrazione obbligatoria) \u00e8 il portale che vi consente di accedere a molteplici contenuti della nostra televisione pubblica. Alcuni contenuti non vengono diffusi all\u2019estero. Un accesso pi\u00f9 mirato a contenuti culturali e di rilevanza storica della Rai \u00e8 disponibile, senza necessit\u00e0 di registrazione, alle seguenti sezioni: RAI Cultura\u00a0contenente le sottosezioni: Rai 5, [&hellip;]","protected":false},"author":4,"featured_media":0,"parent":815,"menu_order":0,"comment_status":"closed","ping_status":"closed","template":"","meta":{"footnotes":""},"class_list":["post-823","page","type-page","status-publish","hentry"],"_links":{"self":[{"href":"https:\/\/iicalgeri.esteri.it\/it\/wp-json\/wp\/v2\/pages\/823","targetHints":{"allow":["GET"]}}],"collection":[{"href":"https:\/\/iicalgeri.esteri.it\/it\/wp-json\/wp\/v2\/pages"}],"about":[{"href":"https:\/\/iicalgeri.esteri.it\/it\/wp-json\/wp\/v2\/types\/page"}],"author":[{"embeddable":true,"href":"https:\/\/iicalgeri.esteri.it\/it\/wp-json\/wp\/v2\/users\/4"}],"replies":[{"embeddable":true,"href":"https:\/\/iicalgeri.esteri.it\/it\/wp-json\/wp\/v2\/comments?post=823"}],"version-history":[{"count":1,"href":"https:\/\/iicalgeri.esteri.it\/it\/wp-json\/wp\/v2\/pages\/823\/revisions"}],"predecessor-version":[{"id":824,"href":"https:\/\/iicalgeri.esteri.it\/it\/wp-json\/wp\/v2\/pages\/823\/revisions\/824"}],"up":[{"embeddable":true,"href":"https:\/\/iicalgeri.esteri.it\/it\/wp-json\/wp\/v2\/pages\/815"}],"wp:attachment":[{"href":"https:\/\/iicalgeri.esteri.it\/it\/wp-json\/wp\/v2\/media?parent=823"}],"curies":[{"name":"wp","href":"https:\/\/api.w.org\/{rel}","templated":true}]}}