{"id":815,"date":"2023-10-03T08:57:53","date_gmt":"2023-10-03T07:57:53","guid":{"rendered":"https:\/\/iicalgeri.esteri.it\/?page_id=815"},"modified":"2025-07-08T12:06:21","modified_gmt":"2025-07-08T11:06:21","slug":"studiare-litaliano-online","status":"publish","type":"page","link":"https:\/\/iicalgeri.esteri.it\/it\/lingua-e-cultura\/i-corsi-di-lingua\/studiare-litaliano-online\/","title":{"rendered":"Corsi online"},"content":{"rendered":"<p data-start=\"150\" data-end=\"578\">L\u2019Istituto Italiano di Cultura di Algeri \u00e8 lieto di promuovere le iscrizioni ai <strong>corsi online di lingua italiana<\/strong>. I corsi sono tenuti da docenti qualificati e con esperienza, e offrono un\u2019ampia flessibilit\u00e0 oraria per rispondere alle esigenze di tutti i partecipanti. La didattica \u00e8 pensata per garantire un apprendimento di alta qualit\u00e0, con lezioni interattive e coinvolgenti, interamente fruibili a distanza.<\/p>\n<p data-start=\"580\" data-end=\"706\">Invitiamo tutti gli interessati a contattarci per ricevere ulteriori informazioni e per conoscere le modalit\u00e0 di iscrizione.<\/p>\n<p data-start=\"708\" data-end=\"757\"><strong>Per informazioni e per le iscrizioni: iicalgeri@esteri.it<\/strong><\/p>\n<p>Segnaliamo qui un elenco delle risorse disponibili per l&#8217;apprendimento dell&#8217;italiano online:<\/p>\n<p><a href=\"https:\/\/iicalgeri.esteri.it\/it\/lingua-e-cultura\/i-corsi-di-lingua\/studiare-litaliano-online\/dizionari-e-strumenti-per-la-traduzione\/\"><strong>Dizionari e strumenti per la traduzione<\/strong><\/a><\/p>\n<p>Dizionari di italiano consultabili in rete, specifici strumenti per la traduzione dall\u2019italiano all&#8217;arabo o al francese e viceversa, e un sito con numerose risorse di lavoro per i traduttori dall\u2019italiano e in italiano;<\/p>\n<p><a href=\"https:\/\/iicalgeri.esteri.it\/it\/lingua-e-cultura\/i-corsi-di-lingua\/studiare-litaliano-online\/risorse-didattiche\/\"><strong>Risorse didattiche<\/strong><\/a><\/p>\n<p>Una selezione ragionata di contenuti e strumenti disponibili gratuitamente per discenti e docenti: grammatica, esercizi, giochi da realizzare in autonomia etc.;<\/p>\n<p><a href=\"https:\/\/iicalgeri.esteri.it\/it\/lingua-e-cultura\/i-corsi-di-lingua\/studiare-litaliano-online\/libri-e-book-e-spartiti\/\"><strong>Libri, e-book, spartiti<\/strong><\/a><\/p>\n<p>Una serie di link utili sia per conoscere i libri italiani attraverso recensioni o programmi radiofonici e televisivi, sia per scaricare gratis e legalmente libri digitali in italiano, libretti d\u2019opera, spartiti di musica strumentale e vocale italiana;<\/p>\n<p><a href=\"https:\/\/iicalgeri.esteri.it\/it\/lingua-e-cultura\/i-corsi-di-lingua\/studiare-litaliano-online\/i-media-in-italia\/\"><strong>I media in Italia<\/strong><\/a><\/p>\n<p>La stampa italiana quotidiana e periodica, le emittenti radio italiane e le sezioni culturali della nostra TV pubblica;<\/p>\n<p><a href=\"https:\/\/iicalgeri.esteri.it\/it\/lingua-e-cultura\/i-corsi-di-lingua\/studiare-litaliano-online\/il-teatro-italiano-in-rete\/\"><strong>Il teatro italiano in rete<\/strong><\/a><\/p>\n<p>Una guida a siti istituzionali con pregevoli contenuti teatrali o di riflessione sul teatro.<\/p>\n","protected":false},"excerpt":{"rendered":"L\u2019Istituto Italiano di Cultura di Algeri \u00e8 lieto di promuovere le iscrizioni ai corsi online di lingua italiana. I corsi sono tenuti da docenti qualificati e con esperienza, e offrono un\u2019ampia flessibilit\u00e0 oraria per rispondere alle esigenze di tutti i partecipanti. La didattica \u00e8 pensata per garantire un apprendimento di alta qualit\u00e0, con lezioni interattive [&hellip;]","protected":false},"author":4,"featured_media":0,"parent":42,"menu_order":3,"comment_status":"closed","ping_status":"closed","template":"","meta":{"footnotes":""},"class_list":["post-815","page","type-page","status-publish","hentry"],"_links":{"self":[{"href":"https:\/\/iicalgeri.esteri.it\/it\/wp-json\/wp\/v2\/pages\/815","targetHints":{"allow":["GET"]}}],"collection":[{"href":"https:\/\/iicalgeri.esteri.it\/it\/wp-json\/wp\/v2\/pages"}],"about":[{"href":"https:\/\/iicalgeri.esteri.it\/it\/wp-json\/wp\/v2\/types\/page"}],"author":[{"embeddable":true,"href":"https:\/\/iicalgeri.esteri.it\/it\/wp-json\/wp\/v2\/users\/4"}],"replies":[{"embeddable":true,"href":"https:\/\/iicalgeri.esteri.it\/it\/wp-json\/wp\/v2\/comments?post=815"}],"version-history":[{"count":6,"href":"https:\/\/iicalgeri.esteri.it\/it\/wp-json\/wp\/v2\/pages\/815\/revisions"}],"predecessor-version":[{"id":6080,"href":"https:\/\/iicalgeri.esteri.it\/it\/wp-json\/wp\/v2\/pages\/815\/revisions\/6080"}],"up":[{"embeddable":true,"href":"https:\/\/iicalgeri.esteri.it\/it\/wp-json\/wp\/v2\/pages\/42"}],"wp:attachment":[{"href":"https:\/\/iicalgeri.esteri.it\/it\/wp-json\/wp\/v2\/media?parent=815"}],"curies":[{"name":"wp","href":"https:\/\/api.w.org\/{rel}","templated":true}]}}