{"id":6064,"date":"2025-07-07T15:47:36","date_gmt":"2025-07-07T14:47:36","guid":{"rendered":"https:\/\/iicalgeri.esteri.it\/?page_id=6064"},"modified":"2025-07-08T12:13:17","modified_gmt":"2025-07-08T11:13:17","slug":"corsi-individuali-o-in-piccoli-gruppi","status":"publish","type":"page","link":"https:\/\/iicalgeri.esteri.it\/it\/lingua-e-cultura\/i-corsi-di-lingua\/corsi-individuali-o-in-piccoli-gruppi\/","title":{"rendered":"Corsi individuali o in piccoli gruppi"},"content":{"rendered":"<p data-start=\"189\" data-end=\"535\">L\u2019Istituto Italiano di Cultura di Algeri \u00e8 lieto di promuovere le iscrizioni ai <strong>corsi di lingua italiana in formula individuale o per piccoli gruppi<\/strong>. Queste modalit\u00e0 offrono un percorso personalizzato e ancora pi\u00f9 attento alle esigenze specifiche di ciascun partecipante, garantendo flessibilit\u00e0 oraria e un approccio didattico di alta qualit\u00e0.<\/p>\n<p data-start=\"537\" data-end=\"740\">I corsi in piccoli gruppi prevedono un <strong>numero limitato di partecipanti (da 2 a un massimo di 6 studenti<\/strong>), cos\u00ec da favorire l\u2019interazione, l\u2019apprendimento attivo e il coinvolgimento diretto di ciascuno.<\/p>\n<p data-start=\"742\" data-end=\"896\">Le lezioni, interattive e stimolanti, si svolgono online e sono pensate per garantire un\u2019esperienza formativa efficace in un ambiente sereno e dinamico.<\/p>\n<p data-start=\"898\" data-end=\"1024\">Invitiamo tutti gli interessati a contattarci per ricevere ulteriori informazioni e per conoscere le modalit\u00e0 di iscrizione.<\/p>\n<p data-start=\"1026\" data-end=\"1078\"><strong>Per informazioni e iscrizioni: <a class=\"cursor-pointer\" rel=\"noopener\" data-start=\"1057\" data-end=\"1076\">iicalgeri@esteri.it<\/a><\/strong><\/p>\n<p>&nbsp;<\/p>\n","protected":false},"excerpt":{"rendered":"L\u2019Istituto Italiano di Cultura di Algeri \u00e8 lieto di promuovere le iscrizioni ai corsi di lingua italiana in formula individuale o per piccoli gruppi. Queste modalit\u00e0 offrono un percorso personalizzato e ancora pi\u00f9 attento alle esigenze specifiche di ciascun partecipante, garantendo flessibilit\u00e0 oraria e un approccio didattico di alta qualit\u00e0. I corsi in piccoli gruppi [&hellip;]","protected":false},"author":12,"featured_media":0,"parent":42,"menu_order":2,"comment_status":"closed","ping_status":"closed","template":"","meta":{"footnotes":""},"class_list":["post-6064","page","type-page","status-publish","hentry"],"_links":{"self":[{"href":"https:\/\/iicalgeri.esteri.it\/it\/wp-json\/wp\/v2\/pages\/6064","targetHints":{"allow":["GET"]}}],"collection":[{"href":"https:\/\/iicalgeri.esteri.it\/it\/wp-json\/wp\/v2\/pages"}],"about":[{"href":"https:\/\/iicalgeri.esteri.it\/it\/wp-json\/wp\/v2\/types\/page"}],"author":[{"embeddable":true,"href":"https:\/\/iicalgeri.esteri.it\/it\/wp-json\/wp\/v2\/users\/12"}],"replies":[{"embeddable":true,"href":"https:\/\/iicalgeri.esteri.it\/it\/wp-json\/wp\/v2\/comments?post=6064"}],"version-history":[{"count":3,"href":"https:\/\/iicalgeri.esteri.it\/it\/wp-json\/wp\/v2\/pages\/6064\/revisions"}],"predecessor-version":[{"id":6084,"href":"https:\/\/iicalgeri.esteri.it\/it\/wp-json\/wp\/v2\/pages\/6064\/revisions\/6084"}],"up":[{"embeddable":true,"href":"https:\/\/iicalgeri.esteri.it\/it\/wp-json\/wp\/v2\/pages\/42"}],"wp:attachment":[{"href":"https:\/\/iicalgeri.esteri.it\/it\/wp-json\/wp\/v2\/media?parent=6064"}],"curies":[{"name":"wp","href":"https:\/\/api.w.org\/{rel}","templated":true}]}}