{"id":46,"date":"2023-04-03T20:56:47","date_gmt":"2023-04-03T18:56:47","guid":{"rendered":"https:\/\/istitutobuenosaires.esteri.it\/?page_id=46"},"modified":"2026-01-18T10:56:48","modified_gmt":"2026-01-18T09:56:48","slug":"biblioteca","status":"publish","type":"page","link":"https:\/\/iicalgeri.esteri.it\/it\/lingua-e-cultura\/biblioteca\/","title":{"rendered":"Biblioteca"},"content":{"rendered":"<p><em><span class=\"titoloRosso\">Biblioteca dell&#8217;Istituto Italiano di Cultura &#8220;BIBLIOITALIA SPAZIO LIBERO&#8221;<\/span><\/em><\/p>\n<p><img loading=\"lazy\" decoding=\"async\" src=\"https:\/\/iicalgeri.esteri.it\/iic_algeri\/resource\/img\/2021\/09\/biblioteca_iic.jpg\" alt=\"biblioteca iic\" width=\"689\" height=\"355\" \/><\/p>\n<p>Dal 19 aprile 2016 esiste un nuovo spazio destinato ad accogliere la biblioteca. La nuova struttura chiamata \u201c<strong>BiblioItalia Spazio Lib(e)ro<\/strong>\u201d \u00e8 il risultato del progetto curato da questa Ambasciata e dall\u2019 IIC per la realizzazione di uno spazio integrato, moderno, funzionale e attraente in cui arte, cultura, cibo e design coesistono in un ambiente armonioso e originale.<br \/>\nBiblioItalia Spazio Lib(e)ro \u00e9 formato da una biblioteca, una sala lettura e di uno spazio caffetteria per permettere ai nostri iscritti di degustare un ottimo caff\u00e8 all\u2019italiana o un cappuccino.<\/p>\n<p>La Biblioteca \u00e9 interamente informatizzata e raccoglie circa 9000 opere di letteratura, filosofia, sociologia, linguistica, economia, politica, arte, religione, diritto, storia, scienze, geografia, archeologia, architettura, oltre a diverse enciclopedie e dizionari.<\/p>\n<p>Ampia risulta essere anche la sezione di glottodidattica, dedicata agli insegnanti di lingua italiana e quella rivolta a coloro che, avendo una preparazione linguistica ancora limitata, vogliono approfondire le proprie conoscenze, perfezionarle o semplicemente desiderano leggere dei testi in \u201citaliano facile\u201d accompagnati da CD o cassette.<\/p>\n<p>La Biblioteca comprende anche una piccola sezione per bambini e ragazzi.<\/p>\n<p>La Biblioteca \u00e8 aperta a tutti gli utenti, ai membri di Biblioitalia e agli studenti che frequentano i corsi di italiano dell&#8217;Istituto con il seguente orario:<span class=\"titoloRosso\"><br \/>\n<\/span><span class=\"titoloRosso\"><strong>Venerd\u00ec e sabato: 09.30 &#8211; 16:30<\/strong><\/span><\/p>\n<p><span class=\"titoloRosso\"><strong>Domenica, luned\u00ec, marted\u00ec e mercoled\u00ec 9:30-16:00<\/strong><br \/>\n<\/span><\/p>\n<p><strong>Gioved<span class=\"titoloRosso\">\u00ec giorno di chiusura<\/span><\/strong><\/p>\n<p>Il prestito delle opere \u00e8 riservato agli studenti dei corsi di italiano dell\u2019Istituto e agli aderenti della Biblioteca. La sua durata \u00e8 fissata in 15 giorni per i materiali bibliografici e per CD e DVD e pu\u00f2, eventualmente, essere rinnovato per telefono o inviando una mail a <a href=\"mailto:biblioteca.iicalgeri@esteri.it\">biblioteca.iicalgeri@esteri.it<\/a>\u00a0per altre due settimane.<\/p>\n<p>La tessera per il prestito ha validit\u00e0 di un anno ad un costo di 2000 DA per gli studenti e di 4000 DA per gli altri aderenti.<\/p>\n<p>La biblioteca \u00e8 gratuita per la durata dei corsi per coloro che sono studenti di italiano presso l&#8217;Istituto.<\/p>\n<p>I documenti da fornire per richiedere la tessera della biblioteca sono i seguenti:<\/p>\n<p>&nbsp;<\/p>\n<table class=\"table\" style=\"height: 273px;\" border=\"0\" width=\"686\">\n<tbody>\n<tr>\n<td style=\"text-align: justify;\">studenti<\/td>\n<td style=\"text-align: justify;\">cittadini algerini<\/td>\n<td style=\"text-align: justify;\">cittadini stranieri<\/td>\n<\/tr>\n<tr>\n<td style=\"text-align: justify;\">02 foto<\/p>\n<p>01 copia della carta d&#8217;identit\u00e0<\/p>\n<p>un certificato di scolarit\u00e0 (sconto)<\/p>\n<p>+ quota iscrizione<\/td>\n<td style=\"text-align: justify;\">02 foto<\/p>\n<p>01 copia della carta d&#8217;identit\u00e0<\/p>\n<p>un certificato di scolarit\u00e0 (sconto)<\/p>\n<p>+ quota iscrizione<\/td>\n<td>\n<p style=\"text-align: justify;\">02 foto<\/p>\n<p style=\"text-align: justify;\">01 copia del passaporto<\/p>\n<p style=\"text-align: justify;\">un certificato di scolarit\u00e0 (sconto)<\/p>\n<p>+ quota iscrizione<\/td>\n<\/tr>\n<\/tbody>\n<\/table>\n<p>Nel rispetto della legislazione vigente, \u00e8\u00a0possibile fare fotocopie. Il servizio non \u00e8 gratuito.<\/p>\n<p><a href=\"https:\/\/iicalgeri.esteri.it\/wp-content\/uploads\/2023\/09\/regolamento_biblioteca_iic.pdf\">Clicca qui per il regolamento della biblioteca<\/a><\/p>\n","protected":false},"excerpt":{"rendered":"Biblioteca dell&#8217;Istituto Italiano di Cultura &#8220;BIBLIOITALIA SPAZIO LIBERO&#8221; Dal 19 aprile 2016 esiste un nuovo spazio destinato ad accogliere la biblioteca. La nuova struttura chiamata \u201cBiblioItalia Spazio Lib(e)ro\u201d \u00e8 il risultato del progetto curato da questa Ambasciata e dall\u2019 IIC per la realizzazione di uno spazio integrato, moderno, funzionale e attraente in cui arte, cultura, [&hellip;]","protected":false},"author":1,"featured_media":0,"parent":16,"menu_order":10,"comment_status":"closed","ping_status":"closed","template":"","meta":{"footnotes":""},"class_list":["post-46","page","type-page","status-publish","hentry"],"_links":{"self":[{"href":"https:\/\/iicalgeri.esteri.it\/it\/wp-json\/wp\/v2\/pages\/46","targetHints":{"allow":["GET"]}}],"collection":[{"href":"https:\/\/iicalgeri.esteri.it\/it\/wp-json\/wp\/v2\/pages"}],"about":[{"href":"https:\/\/iicalgeri.esteri.it\/it\/wp-json\/wp\/v2\/types\/page"}],"author":[{"embeddable":true,"href":"https:\/\/iicalgeri.esteri.it\/it\/wp-json\/wp\/v2\/users\/1"}],"replies":[{"embeddable":true,"href":"https:\/\/iicalgeri.esteri.it\/it\/wp-json\/wp\/v2\/comments?post=46"}],"version-history":[{"count":6,"href":"https:\/\/iicalgeri.esteri.it\/it\/wp-json\/wp\/v2\/pages\/46\/revisions"}],"predecessor-version":[{"id":8201,"href":"https:\/\/iicalgeri.esteri.it\/it\/wp-json\/wp\/v2\/pages\/46\/revisions\/8201"}],"up":[{"embeddable":true,"href":"https:\/\/iicalgeri.esteri.it\/it\/wp-json\/wp\/v2\/pages\/16"}],"wp:attachment":[{"href":"https:\/\/iicalgeri.esteri.it\/it\/wp-json\/wp\/v2\/media?parent=46"}],"curies":[{"name":"wp","href":"https:\/\/api.w.org\/{rel}","templated":true}]}}