{"id":427,"date":"2023-07-17T10:25:54","date_gmt":"2023-07-17T09:25:54","guid":{"rendered":"https:\/\/iicalgeri.esteri.it\/?page_id=427"},"modified":"2023-07-17T10:25:54","modified_gmt":"2023-07-17T09:25:54","slug":"lettera-agli-amici-algerini","status":"publish","type":"page","link":"https:\/\/iicalgeri.esteri.it\/it\/chi-siamo\/contatti\/opportunita\/lettera-agli-amici-algerini\/","title":{"rendered":"LETTERA AGLI AMICI ALGERINI"},"content":{"rendered":"<p>Cari amici, studenti, docenti, appassionati della cultura italiana in questo difficile momento della nostra storia ci troviamo ad affrontare una situazione mai vissuta prima e siamo chiamati a riorganizzare le nostre vite, dal lavoro alla socialit\u00e0.<\/p>\n<p>L&#8217;Ambasciatore d\u2019Italia in Algeri, S.E. Pasquale Ferrara, ha ampiamente descritto \u2013 nella lettera di ringraziamento agli amici algerini apparsa su El Watan il 16 marzo u.s. \u2013 i difficili passi compiuti e le notevoli energie messe in campo dal nostro Paese per arginare l&#8217;emergenza. Ha di converso evidenziato come sia questo il momento per sostenere i nostri progetti comuni e di rafforzare la determinazione verso un futuro migliore e pi\u00f9 ricco di solidariet\u00e0 e cultura.<\/p>\n<p>Come avete potuto gi\u00e0 vedere sui nostri canali di comunicazione, le principali istituzioni culturali italiane si stanno mobilitando per offrire molteplici contenuti in modalit\u00e0 streaming a chi \u00e8 costretto a restare a casa per la tutela della salute di tutti.<\/p>\n<p>Mi piace sottolineare, tra i numerosissimi, possibili esempi, come l&#8217;Auditorium Parco della Musica di Roma, il Teatro Regio di Parma, il Teatro Massimo di Palermo abbiano annunciato la diffusione di registrazioni di concerti sui propri siti web. O ancora, come alcuni tra i principali musei, fra cui la stessa Gallerie degli Uffizi e le Scuderie del Quirinale, consentiranno agli utenti di ammirare le loro collezioni attraverso la rete. Sempre scegliendo fior da fiore, \u00e8 interessante notare che Radio Tre Rai permetter\u00e0 di ascoltare la lettura di romanzi e dar\u00e0 consigli di lettura in costante aggiornamento, mentre la Cineteca di Milano ha gi\u00e0 aperto alla visione gratuita, on line, centinaia e centinaia di film.<\/p>\n<p>Nonostante le difficolt\u00e0 del momento, dunque, \u201cla cultura non si ferma\u201d, l\u2019Italia vitale e creativa resiste all\u2019emergenza producendo e diffondendo cultura e noi ci permettiamo di aprire delle finestre sulle numerose iniziative avviate nel nostro Paese per condividerle con il pubblico algerino che sappiamo essere appassionato e innamorato della cultura italiana.<\/p>\n<p>Purtroppo il contagio non si \u00e8 fermato in Italia e sta toccando anche altri Paesi europei e non sta risparmiando neanche l\u2019Africa. Anche l\u2019Algeria ha quindi adottato decise misure di contenimento, per prevenire il precipitare della situazione.<\/p>\n<p>In ottemperanza a tali disposizioni, come sapete, l\u2019Istituto Italiano di Cultura di Algeri ha temporaneamente sospeso i corsi e le manifestazioni culturali. Tuttavia tutto il nostro personale \u2013 operando gi\u00e0 da giorni secondo le modalit\u00e0 del lavoro agile \u2013 continuer\u00e0 a rimanere a vostra disposizione per informazioni su corsi di lingua on line e altre attivit\u00e0 a distanza per la promozione della lingua e della cultura italiana in Algeria.<\/p>\n<p>Vi invitiamo a seguirci su tutti i canali social per essere costantemente aggiornati. Insieme, anche con la forza della cultura, del sapere, della scienza, supereremo questo difficilissimo momento.<\/p>\n<p>&nbsp;<\/p>\n<p><strong>Antonia Grande<\/strong><\/p>\n<p><strong>Direttrice dell\u2019Istituto Italiano di Cultura di Algeri<\/strong><\/p>\n","protected":false},"excerpt":{"rendered":"Cari amici, studenti, docenti, appassionati della cultura italiana in questo difficile momento della nostra storia ci troviamo ad affrontare una situazione mai vissuta prima e siamo chiamati a riorganizzare le nostre vite, dal lavoro alla socialit\u00e0. L&#8217;Ambasciatore d\u2019Italia in Algeri, S.E. Pasquale Ferrara, ha ampiamente descritto \u2013 nella lettera di ringraziamento agli amici algerini apparsa [&hellip;]","protected":false},"author":6,"featured_media":0,"parent":352,"menu_order":0,"comment_status":"closed","ping_status":"closed","template":"","meta":{"footnotes":""},"class_list":["post-427","page","type-page","status-publish","hentry"],"_links":{"self":[{"href":"https:\/\/iicalgeri.esteri.it\/it\/wp-json\/wp\/v2\/pages\/427","targetHints":{"allow":["GET"]}}],"collection":[{"href":"https:\/\/iicalgeri.esteri.it\/it\/wp-json\/wp\/v2\/pages"}],"about":[{"href":"https:\/\/iicalgeri.esteri.it\/it\/wp-json\/wp\/v2\/types\/page"}],"author":[{"embeddable":true,"href":"https:\/\/iicalgeri.esteri.it\/it\/wp-json\/wp\/v2\/users\/6"}],"replies":[{"embeddable":true,"href":"https:\/\/iicalgeri.esteri.it\/it\/wp-json\/wp\/v2\/comments?post=427"}],"version-history":[{"count":1,"href":"https:\/\/iicalgeri.esteri.it\/it\/wp-json\/wp\/v2\/pages\/427\/revisions"}],"predecessor-version":[{"id":428,"href":"https:\/\/iicalgeri.esteri.it\/it\/wp-json\/wp\/v2\/pages\/427\/revisions\/428"}],"up":[{"embeddable":true,"href":"https:\/\/iicalgeri.esteri.it\/it\/wp-json\/wp\/v2\/pages\/352"}],"wp:attachment":[{"href":"https:\/\/iicalgeri.esteri.it\/it\/wp-json\/wp\/v2\/media?parent=427"}],"curies":[{"name":"wp","href":"https:\/\/api.w.org\/{rel}","templated":true}]}}