{"id":420,"date":"2023-07-17T10:22:08","date_gmt":"2023-07-17T09:22:08","guid":{"rendered":"https:\/\/iicalgeri.esteri.it\/?page_id=420"},"modified":"2023-07-17T10:22:08","modified_gmt":"2023-07-17T09:22:08","slug":"tirocini","status":"publish","type":"page","link":"https:\/\/iicalgeri.esteri.it\/it\/chi-siamo\/contatti\/opportunita\/tirocini\/","title":{"rendered":"Tirocini"},"content":{"rendered":"<p><span class=\"titoloNotizia\"><span class=\"titoloRosso\"><strong>Tirocini MAE\/CRUI<br \/>\n<\/strong><br \/>\n<\/span><\/span><span class=\"titoloNotizia\">A chi sono rivolti<\/span><br \/>\nAi giovani italiani particolarmente meritevoli in possesso del titolo di laurea breve o laurea specialistica o laurea del vecchio ordinamento (conseguita da non pi\u00f9 di 18 mesi) oppure i laureandi delle Universit\u00e0 italiane.<\/p>\n<p><span class=\"titoloNotizia\"><strong>Dove e quando si svolgono<\/strong><br \/>\n<\/span>Viene offerta la possibilit\u00e0 di effettuare un periodo di tirocinio di tre mesi presso gli uffici\u00a0del Ministero degli Affari Esteri a Roma o presso le sedi del Ministero all&#8217;estero:<br \/>\n<a title=\"click to open\" href=\"http:\/\/www.esteri.it\/MAE\/IT\/Ministero\/Rappresentanze\/Istituti_Cultura\/\" target=\"_blank\" rel=\"noopener\">Istituti Italiani di Cultura<\/a><br \/>\n<a href=\"http:\/\/www.esteri.it\/MAE\/IT\/Ministero\/Rappresentanze\/\" target=\"_blank\" rel=\"noopener\">Ambasciate\u00a0<\/a>e\u00a0<a href=\"http:\/\/www.esteri.it\/MAE\/IT\/Ministero\/Rappresentanze\/\" target=\"_blank\" rel=\"noopener\">Consolati italiani<\/a><br \/>\n<a href=\"http:\/\/www.esteri.it\/MAE\/IT\/Ministero\/Rappresentanze\/Rappresentanze_Permanenti\/\" target=\"_blank\" rel=\"noopener\">Rappresentanze Permanenti presso le Organizzazioni Internazionali<\/a><\/p>\n<p>Per maggiori informazioni:<\/p>\n<p><a title=\"Convenzione MAE CRUI\" href=\"http:\/\/www.esteri.it\/MAE\/IT\/Ministero\/Servizi\/Italiani\/Opportunita\/Al_MAE\/Tirocinio_MAE\/Stage_al_MAE.htm\"><strong>Convenzione MAE CRUI<\/strong><\/a><\/p>\n<p>Sul sito internet della\u00a0<a href=\"http:\/\/www.crui.it\/crui\/tirocini1\/index.htm\" target=\"_blank\" rel=\"noopener\">Conferenza dei Rettori delle Universit\u00e0 italiane\u00a0<\/a>\u00e8 possibile inoltre avere ulteriori informazioni sulle procedure ed i requisiti di partecipazione, oltre che l&#8217;elenco delle Universit\u00e0 che aderiscono all&#8217;iniziativa. Gli interessati dovranno\u00a0 rivolgersi agli uffici competenti delle rispettive Universit\u00e0, che raccoglieranno le candidature e potranno loro fornire ogni indicazione in merito. Informazioni possono essere richieste all&#8217;Istituto Diplomatico del Ministero degli Affari Esteri alla seguente e-mail:\u00a0<a href=\"mailto:programma.tirocini@esteri.it%20?subject=Tirocini%20MAE%20CRUI\">programma.tirocini@esteri.it<\/a><\/p>\n","protected":false},"excerpt":{"rendered":"Tirocini MAE\/CRUI A chi sono rivolti Ai giovani italiani particolarmente meritevoli in possesso del titolo di laurea breve o laurea specialistica o laurea del vecchio ordinamento (conseguita da non pi\u00f9 di 18 mesi) oppure i laureandi delle Universit\u00e0 italiane. Dove e quando si svolgono Viene offerta la possibilit\u00e0 di effettuare un periodo di tirocinio di [&hellip;]","protected":false},"author":6,"featured_media":0,"parent":352,"menu_order":0,"comment_status":"closed","ping_status":"closed","template":"","meta":{"footnotes":""},"class_list":["post-420","page","type-page","status-publish","hentry"],"_links":{"self":[{"href":"https:\/\/iicalgeri.esteri.it\/it\/wp-json\/wp\/v2\/pages\/420","targetHints":{"allow":["GET"]}}],"collection":[{"href":"https:\/\/iicalgeri.esteri.it\/it\/wp-json\/wp\/v2\/pages"}],"about":[{"href":"https:\/\/iicalgeri.esteri.it\/it\/wp-json\/wp\/v2\/types\/page"}],"author":[{"embeddable":true,"href":"https:\/\/iicalgeri.esteri.it\/it\/wp-json\/wp\/v2\/users\/6"}],"replies":[{"embeddable":true,"href":"https:\/\/iicalgeri.esteri.it\/it\/wp-json\/wp\/v2\/comments?post=420"}],"version-history":[{"count":1,"href":"https:\/\/iicalgeri.esteri.it\/it\/wp-json\/wp\/v2\/pages\/420\/revisions"}],"predecessor-version":[{"id":421,"href":"https:\/\/iicalgeri.esteri.it\/it\/wp-json\/wp\/v2\/pages\/420\/revisions\/421"}],"up":[{"embeddable":true,"href":"https:\/\/iicalgeri.esteri.it\/it\/wp-json\/wp\/v2\/pages\/352"}],"wp:attachment":[{"href":"https:\/\/iicalgeri.esteri.it\/it\/wp-json\/wp\/v2\/media?parent=420"}],"curies":[{"name":"wp","href":"https:\/\/api.w.org\/{rel}","templated":true}]}}