{"id":380,"date":"2023-07-17T09:21:48","date_gmt":"2023-07-17T08:21:48","guid":{"rendered":"https:\/\/iicalgeri.esteri.it\/?page_id=380"},"modified":"2023-09-27T09:33:15","modified_gmt":"2023-09-27T08:33:15","slug":"contributi-per-visite-di-ricercatori-docenti-esperti-personalita-e-operatori-culturali","status":"publish","type":"page","link":"https:\/\/iicalgeri.esteri.it\/it\/chi-siamo\/contatti\/opportunita\/cooperazione-culturale\/contributi-per-visite-di-ricercatori-docenti-esperti-personalita-e-operatori-culturali\/","title":{"rendered":"CONTRIBUTI PER VISITE DI RICERCATORI, DOCENTI, ESPERTI, PERSONALITA&#8217; E OPERATORI CULTURALI"},"content":{"rendered":"<p>Il Ministero degli Affari Esteri e della Cooperazione Internazionale eroga contributi volti ad incentivare lo svolgimento in Italia e all&#8217;estero di missioni da parte di ricercatori, docenti, esperti, personalit\u00e0 e operatori culturali italiani o stranieri. Si tratta di un importante strumento di sostegno all&#8217;internazionalizzazione del sistema universitario, culturale e creativo italiano, di cui questa Direzione Generale auspica il pi\u00f9 ampio utilizzo. Si forniscono le istruzioni operative per le Sedi all&#8217;estero.<\/p>\n<p><strong>OGGETTO DEL CONTRIBUTO.<\/strong><\/p>\n<p>&#8211; Ricercatori, docenti, esperti, personalit\u00e0 e operatori culturali stranieri invitati a trascorrere un periodo di permanenza presso istituzioni universitarie o culturali italiane per ragioni di studio o di ricerca possono richiedere al MAECI un contributo economico consistente nella copertura parziale delle spese di soggiorno, erogato in forma forfettaria.<\/p>\n<p>Avranno priorit\u00e0 le richieste di contributo di ricercatori, docenti, esperti, personalit\u00e0 della cultura e operatori culturali stranieri.<\/p>\n<p>&#8211; Ricercatori, docenti, esperti, personalit\u00e0 e operatori culturali italiani residenti in Italia invitati a trascorrere un periodo di permanenza presso istituzioni universitarie o culturali straniere per ragioni di studio o di ricerca possono richiedere al MAECI un contributo economico consistente nella copertura parziale (nella misura dell&#8217;80%) delle spese di viaggio, erogato a missione conclusa. Si precisa che il viaggio, per il quale \u00e8 richiesto il rimborso, NON pu\u00f2 abbracciare pi\u00f9 Paesi e che l&#8217;invito all&#8217;estero non pu\u00f2 essere vincolato all&#8217;erogazione del contributo da parte del MAECI.<\/p>\n<p><strong>PROCEDURE PER LA RICHIESTA E L&#8217;EROGAZIONE.<\/strong><\/p>\n<p>Le richieste vanno presentate dagli interessati, sia italiani che stranieri, all&#8217;Istituto Italiano di Cultura competente per territorio. Laddove nel Paese non sia presente un Istituto Italiano di Cultura, le richieste andranno presentate alla Rappresentanza diplomatico-consolare competente per territorio. Si richiama l&#8217;attenzione sul fatto che verranno accettate unicamente richieste di contributo da parte di ricercatori, docenti, esperti, personalit\u00e0 e operatori culturali, sia italiani che stranieri, che siano titolari di un invito ufficiale da parte di un&#8217;istituzione universitaria o culturale, preferibilmente nell&#8217;ambito di Accordi e Programmi Esecutivi di Cooperazione Culturale bilaterale vigenti. Nel caso di richiedenti italiani l&#8217;invito dovr\u00e0 pervenire da parte di un&#8217;istituzione universitaria o culturale straniera; nel caso di richiedenti stranieri l&#8217;invito dovr\u00e0 pervenire da parte di un&#8217;istituzione universitaria o culturale italiana.<\/p>\n<p><strong>SCADENZE.<\/strong><\/p>\n<p>In considerazione dei tempi necessari per la disposizione del pagamento alla Sede competente, le domande (corredate dalla necessaria documentazione e dal parere favorevole della Sede) dovranno pervenire entro il 14 novembre 2022.<\/p>\n<p><a href=\"https:\/\/iicalgeri.esteri.it\/wp-content\/uploads\/2023\/09\/modulo_per_richiedenti_italiani-1.docx\">MODULO PER RICHIEDENTI ITALIANI<\/a><\/p>\n<p><a href=\"https:\/\/iicalgeri.esteri.it\/wp-content\/uploads\/2023\/09\/modulo_per_richiedenti_stranieri-1.docx\">MODULO PER RICHIEDENTI STRANIERI<\/a><\/p>\n","protected":false},"excerpt":{"rendered":"Il Ministero degli Affari Esteri e della Cooperazione Internazionale eroga contributi volti ad incentivare lo svolgimento in Italia e all&#8217;estero di missioni da parte di ricercatori, docenti, esperti, personalit\u00e0 e operatori culturali italiani o stranieri. Si tratta di un importante strumento di sostegno all&#8217;internazionalizzazione del sistema universitario, culturale e creativo italiano, di cui questa Direzione [&hellip;]","protected":false},"author":6,"featured_media":0,"parent":376,"menu_order":0,"comment_status":"closed","ping_status":"closed","template":"","meta":{"footnotes":""},"class_list":["post-380","page","type-page","status-publish","hentry"],"_links":{"self":[{"href":"https:\/\/iicalgeri.esteri.it\/it\/wp-json\/wp\/v2\/pages\/380","targetHints":{"allow":["GET"]}}],"collection":[{"href":"https:\/\/iicalgeri.esteri.it\/it\/wp-json\/wp\/v2\/pages"}],"about":[{"href":"https:\/\/iicalgeri.esteri.it\/it\/wp-json\/wp\/v2\/types\/page"}],"author":[{"embeddable":true,"href":"https:\/\/iicalgeri.esteri.it\/it\/wp-json\/wp\/v2\/users\/6"}],"replies":[{"embeddable":true,"href":"https:\/\/iicalgeri.esteri.it\/it\/wp-json\/wp\/v2\/comments?post=380"}],"version-history":[{"count":3,"href":"https:\/\/iicalgeri.esteri.it\/it\/wp-json\/wp\/v2\/pages\/380\/revisions"}],"predecessor-version":[{"id":629,"href":"https:\/\/iicalgeri.esteri.it\/it\/wp-json\/wp\/v2\/pages\/380\/revisions\/629"}],"up":[{"embeddable":true,"href":"https:\/\/iicalgeri.esteri.it\/it\/wp-json\/wp\/v2\/pages\/376"}],"wp:attachment":[{"href":"https:\/\/iicalgeri.esteri.it\/it\/wp-json\/wp\/v2\/media?parent=380"}],"curies":[{"name":"wp","href":"https:\/\/api.w.org\/{rel}","templated":true}]}}