{"id":367,"date":"2023-07-16T16:55:28","date_gmt":"2023-07-16T15:55:28","guid":{"rendered":"https:\/\/iicalgeri.esteri.it\/?page_id=367"},"modified":"2023-07-16T16:55:28","modified_gmt":"2023-07-16T15:55:28","slug":"borse-di-studio-2021-2022","status":"publish","type":"page","link":"https:\/\/iicalgeri.esteri.it\/it\/chi-siamo\/contatti\/opportunita\/borse-di-studio-2023-2024\/borse-di-studio-2021-2022\/","title":{"rendered":"Borse di studio 2021\/2022"},"content":{"rendered":"<p><strong>BANDO PER L\u2019ASSEGNAZIONE DI BORSE DI STUDIO OFFERTE DAL GOVERNO ITALIANO A STUDENTI STRANIERI E ITALIANI RESIDENTI ALL\u2019ESTERO (IRE)<\/strong><\/p>\n<p><strong>PER L\u2019ANNO ACCADEMICO 2021-2022<\/strong><\/p>\n<p><strong>SCADENZA 13 LUGLIO 2021<\/strong><\/p>\n<p><strong>Il Ministero degli Affari Esteri e della Cooperazione Internazionale (MAECI) offre borse di studio<\/strong>\u00a0in favore di\u00a0<strong>studenti stranieri* e cittadini italiani residenti all\u2019estero (IRE)**<\/strong>\u00a0per\u00a0<strong>l\u2019Anno Accademico 2021-2022<\/strong>, con l\u2019obiettivo di favorire la cooperazione in campo culturale, scientifico e tecnologico, la proiezione del sistema economico dell\u2019Italia nel mondo e la diffusione della conoscenza della lingua e cultura italiana (Rif. Legge 288\/55 e successive modifiche e integrazioni).<\/p>\n<p>Le borse di studio sono offerte per svolgere programmi di studio, formazione e\/o ricerca presso Istituzioni italiane statali o legalmente riconosciute.<\/p>\n<p><strong>La borsa di studio copre soltanto la frequenza di corsi sul territorio italiano.<\/strong><\/p>\n<p>La lista dei Paesi\u00a0<strong>beneficiari<\/strong>\u00a0\u00e8 consultabile alla seguente pagina del Portale \u201cStudy in Italy\u201d:<\/p>\n<p><a href=\"https:\/\/studyinitaly.esteri.it\/en\/call-for-procedure\">https:\/\/studyinitaly.esteri.it\/en\/call-for-procedure<\/a><\/p>\n<p><strong>Art. 1<\/strong><\/p>\n<p><strong>TIPOLOGIE DI BORSE DI STUDIO<\/strong><\/p>\n<p><strong>1.1 Corsi universitari di Laurea Magistrale (2\u00b0 ciclo)<\/strong><\/p>\n<p>Le borse di studio per corsi universitari di Laurea Magistrale possono avere una\u00a0<strong>durata di 6 (sei) o 9 (nove) mesi.<\/strong><\/p>\n<p>Per potersi iscrivere al primo anno di un corso di laurea di 2\u00b0 ciclo in Italia, il candidato dovr\u00e0 aver concluso un ciclo di studi di 1\u00b0 livello nel proprio Paese di provenienza, ossia l\u2019equivalente di una laurea triennale italiana (bachelor). Per potersi iscrivere al secondo anno, il candidato dovr\u00e0 aver conseguito almeno 15 crediti formativi nell\u2019anno precedente.<\/p>\n<p><strong>1.2 Corsi di alta formazione artistica, musicale e coreutica (AFAM)<\/strong><\/p>\n<p>Le borse di studio per i corsi di alta formazione artistica, musicale e coreutica (AFAM) possono avere una\u00a0<strong>durata di 6 (sei) o 9 (nove) mesi.<\/strong><\/p>\n<p>Per potersi iscrivere ad una AFAM in Italia il candidato dovr\u00e0 essere in possesso dei titoli di accesso richiesti dall\u2019Istituzione prescelta.<\/p>\n<p><strong>1.3 Dottorati di ricerca<\/strong><\/p>\n<p>Le borse di studio per Dottorati di Ricerca possono avere una\u00a0<strong>durata di 6 (sei) o 9 (nove) mesi.<\/strong><\/p>\n<p>Per potersi iscrivere ad un Dottorato di ricerca in Italia il candidato dovr\u00e0 essere in possesso dei titoli di accesso richiesti dall\u2019Istituzione prescelta e della lettera di accettazione da parte dell\u2019Universit\u00e0 italiana.<\/p>\n<p><strong>1.4 Progetti di Studio in co-tutela<\/strong><\/p>\n<p>Le borse di studio per progetti di studio in co-tutela possono avere una\u00a0<strong>durata di 6 (sei) o 9 (nove) mesi.<\/strong><\/p>\n<p>Questa tipologia di borsa di studio pu\u00f2 essere assegnata per attivit\u00e0 di ricerca presso gli enti pubblici di ricerca (CNR, ISS, INFN, INAF, ISPRA etc.), in co-tutela con Universit\u00e0 pubbliche statali, Enti museali ed enti archivistici riconosciuti.<\/p>\n<p>Il candidato che voglia usufruire di una borsa per svolgere un progetto di studio in co-tutela dovr\u00e0 allegare alla candidatura il programma di ricerca, indicando il nominativo e i contatti (email) del Docente Tutor della ricerca, oltre alle lettere di accettazione da parte dell\u2019Istituzione ospitante.<\/p>\n<p><strong>N.B. Per alcuni corsi di Laurea Magistrale o presso le Istituzioni AFAM, l\u2019iscrizione \u00e8 subordinata al superamento di prove di ammissione. I candidati sono invitati a verificare presso l\u2019Istituzione universitaria o AFAM prescelta se \u00e8 previsto un test di ingresso.<\/strong><\/p>\n<p><strong>1.5 Corsi di lingua e cultura italiana<\/strong><\/p>\n<p>Le borse di studio per corsi di lingua e cultura italiana sono destinate unicamente agli studenti attualmente frequentanti un corso di italiano a livello universitario o presso Istituti Italiani di Cultura e hanno una\u00a0<strong>durata di 3 mesi.<\/strong><\/p>\n<p>Il candidato dovr\u00e0 allegare alla domanda un certificato o attestato comprovante la competenza della lingua italiana a partire dal livello A2 del Quadro Comune Europeo di Riferimento :<\/p>\n<p><a href=\"https:\/\/europa.eu\/europass\/en\/common-european-framework-reference\">https:\/\/europa.eu\/europass\/en\/common-european-framework-reference<\/a><\/p>\n<p><strong>Art. 2<\/strong><\/p>\n<p><strong>REQUISITI DI ACCESSO<\/strong><\/p>\n<p><strong>Le candidature possono essere presentate esclusivamente da coloro che saranno in possesso dei seguenti requisiti alla data di scadenza del bando (13 LUGLIO 2021, 14.00 ora italiana).<\/strong><\/p>\n<p><strong>Titolo di studio<\/strong><\/p>\n<p>Possono concorrere alle borse gli studenti di cittadinanza straniera residenti all\u2019estero* e italiani residenti all\u2019estero (IRE)** in possesso di un\u00a0<strong>titolo di studio valido per l\u2019iscrizione ai corsi presso l\u2019Istituzione prescelta<\/strong>\u00a0(si veda anche\u00a0<a href=\"https:\/\/studyinitaly.esteri.it\/en\/Recognition-of-qualification\">https:\/\/studyinitaly.esteri.it\/en\/Recognition-of-qualification<\/a>).<\/p>\n<p><strong>Limiti d\u2019et\u00e0<\/strong><\/p>\n<p>Possono presentare domanda per una borsa per un corso di\u00a0<strong>Laurea Magistrale\/Alta Formazione artistica, musicale e coreutica (AFAM)\/corso di lingua e cultura italiana<\/strong>\u00a0i candidati di et\u00e0 non superiore a 28 anni compiuti alla data di scadenza del presente bando (13 luglio 2021), ad eccezione dei soli rinnovi.<\/p>\n<p>Possono presentare domanda per una borsa per un corso di\u00a0<strong>dottorato<\/strong>\u00a0i candidati di et\u00e0 non superiore\u00a0<strong>a 30 anni compiuti<\/strong>\u00a0alla data di scadenza del presente bando (13 luglio 2021), ad eccezione dei soli rinnovi.<\/p>\n<p>Possono presentare domanda per una borsa finalizzata alla realizzazione di un\u00a0<strong>progetto in co- tutela<\/strong>\u00a0i candidati di et\u00e0 non superiore a\u00a0<strong>40 anni compiuti<\/strong>\u00a0alla data di scadenza del presente bando (13 luglio 2021).<\/p>\n<p><strong>Competenza linguistica<\/strong><\/p>\n<p><strong>2.3.1 Corsi di studio in lingua italiana<\/strong><\/p>\n<p>Per l\u2019iscrizione ai corsi di studio che si svolgono in lingua italiana, il candidato dovr\u00e0 allegare alla domanda un certificato o un attestato comprovante la\u00a0<strong>competenza della lingua italiana a partire almeno dal livello B2 del Quadro Comune Europeo di Riferimento.<\/strong><\/p>\n<p>Nel caso in cui si siano frequentati corsi universitari in italiano, si potr\u00e0 allegare una certificazione rilasciata dal docente di lingua della facolt\u00e0.<\/p>\n<p><strong>2.3.2 Corsi di studio in lingua inglese<\/strong><\/p>\n<p>Nel caso di frequenza di un corso in lingua inglese, il candidato dovr\u00e0 allegare alla domanda un certificato o un attestato comprovante la\u00a0<strong>competenza della lingua inglese a partire dal livello B2 del Quadro Comune Europeo di Riferimento.<\/strong><\/p>\n<p>Nel caso di candidati provenienti da Paesi nei quali l\u2019inglese \u00e8 lingua ufficiale, si potr\u00e0 allegare una autocertificazione valida per l\u2019iscrizione ai corsi che si tengono interamente in lingua inglese.<\/p>\n<p><strong>Per l\u2019iscrizione a corsi universitari che si svolgono interamente in lingua inglese non \u00e8 richiesta la conoscenza della lingua italiana.<\/strong><\/p>\n<p><strong>2.3.3 Corsi di lingua e cultura italiana<\/strong><\/p>\n<p>Per i corsi di lingua e cultura italiana, il candidato dovr\u00e0 allegare alla domanda un certificato o un attestato comprovante la competenza della lingua italiana\u00a0<strong>a partire almeno dal livello A2 del Quadro Comune Europeo di Riferimento<\/strong>.<\/p>\n<p>Nel caso in cui si siano frequentati corsi universitari in italiano, si potr\u00e0 allegare una certificazione rilasciata dal docente di lingua della facolt\u00e0.<\/p>\n<p><strong>Art. 3<\/strong><\/p>\n<p><strong>RINNOVI<\/strong><\/p>\n<p>Coloro che nell\u2019Anno Accademico 2020-2021 abbiano usufruito di una borsa di studio MAECI possono candidarsi per la prosecuzione o il completamento di un corso di studi pluriennale, presentando normale domanda. L\u2019eventuale rinnovo della borsa \u00e8 concesso ai soli candidati che certifichino un soddisfacente andamento degli studi (<strong>minimo 15 crediti formativi universitari CFU<\/strong>). Per i dottorati servir\u00e0 presentare una lettera di valutazione positiva del tutor.<\/p>\n<p><strong>Per usufruire della borsa \u00e8 necessario essere iscritti all\u2019A.A. 2021-2022.<\/strong><\/p>\n<p><strong>Art. 4<\/strong><\/p>\n<p><strong>DECORRENZA DELLA BORSA<\/strong><\/p>\n<p>Le borse oggetto del presente bando possono essere usufruite a partire dal\u00a0<strong>1 gennaio 2022<\/strong>. Fanno eccezione le borse per i rinnovi, che potranno essere usufruite dal\u00a0<strong>1 novembre 2021<\/strong>. In ogni caso, le borse dovranno terminare entro il\u00a0<strong>31 ottobre 2022<\/strong>.<\/p>\n<p><strong>Art. 5<\/strong><\/p>\n<p><strong>INAMMISSIBILIT\u00c0<\/strong><\/p>\n<p>I dipendenti di Uffici della Pubblica Amministrazione italiana e i loro discendenti di I\u00b0 grado sono esclusi dalla concessione delle borse di studio.<\/p>\n<p>Le borse di studio MAECI non sono concesse per la frequenza di Corsi universitari di laurea a ciclo unico o Triennale (1\u00b0 ciclo) e di Master Universitari di I e II livello.<\/p>\n<p>Le borse di studio MAECI non sono concesse per la frequenza di corsi presso Istituzioni straniere, con sede in Italia o all\u2019estero, n\u00e9 presso Istituti, Centri o laboratori di ricerca privati non riconosciuti dal Ministero dell\u2019Universit\u00e0 e della Ricerca italiano (MUR).<\/p>\n<p>Le borse di studio MAECI non sono concesse a studenti iscritti fuori corso.<\/p>\n<p>Le domande presentate da candidati privi dei requisiti richiesti non saranno prese in considerazione.<\/p>\n<p><strong>Art. 6<\/strong><\/p>\n<p><strong>BORSE DI STUDIO DEDICATE ALLA MEMORIA<\/strong><\/p>\n<p><strong>DELL\u2019AMB. LUCA ATTANASIO<\/strong><\/p>\n<p>In ricordo dell\u2019Amb. Attanasio e dei suoi collaboratori (Vittorio Iacovacci e Mustapha Milambo), \u00e8 istituita una riserva per n. 3 borse di studio destinate a candidati provenienti da Marocco, Niger e Repubblica Democratica del Congo che intendano intraprendere o proseguire i loro studi nell\u2019ambito delle relazioni internazionali, della cooperazione allo sviluppo, del diritto internazionale umanitario e dei diritti umani, con preferenza per le classi LM-38 (Lingue moderne per la comunicazione e la cooperazione), LM-52 (Relazioni internazionali), LM-62 (Scienze della politica), LM-81 (Scienze per la cooperazione allo sviluppo) LM-87 (Servizio sociale e politiche sociali).<\/p>\n<p><strong>Art. 7<\/strong><\/p>\n<p><strong>PRESENTAZIONE DELLA DOMANDA<\/strong><\/p>\n<p><strong>Le candidature per la selezione relativa all\u2019assegnazione delle borse di studio dovranno essere inviate esclusivamente per via telematica, previa registrazione, accedendo al Portale Study in Italy<\/strong><\/p>\n<p><a href=\"https:\/\/studyinitaly.esteri.it\/\">https:\/\/studyinitaly.esteri.it<\/a><\/p>\n<p>Nella registrazione al Portale Study in Italy si raccomanda di utilizzare un indirizzo email di uso frequente; successive comunicazioni saranno infatti inviate a tale indirizzo.<\/p>\n<p><strong>Le candidature online devono essere trasmesse dal candidato entro le 14.00 (ora italiana) del 13 LUGLIO 2021.<\/strong><\/p>\n<p><strong>Le candidature pervenute oltre tale termine saranno considerate irricevibili.<\/strong><\/p>\n<p><strong>Art. 8<\/strong><\/p>\n<p><strong>PROCEDURE DI SELEZIONE E ASSEGNAZIONE DELLE BORSE<\/strong><\/p>\n<p><strong>Selezione dei candidati<\/strong><\/p>\n<p>Le candidature saranno esaminate da una Commissione istituita dalla Rappresentanza Diplomatica competente per territorio.<\/p>\n<p><strong>Procedure di Assegnazione<\/strong><\/p>\n<p>L\u2019assegnazione delle borse di studio sar\u00e0 effettuata sulla base di una valutazione comparativa delle candidature presentate, del possesso dei requisiti e di criteri attinenti al merito del curriculum del candidato.<\/p>\n<p><strong>8.3 Pubblicazione della graduatoria di merito<\/strong><\/p>\n<p>La Rappresentanza Diplomatica competente provveder\u00e0 alla pubblicazione della graduatoria dei vincitori e delle eventuali riserve sul sito Internet di ciascuna Rappresentanza.<\/p>\n<p><strong>Art. 9<\/strong><\/p>\n<p><strong>PAGAMENTO TASSE DI ISCRIZIONE<\/strong><\/p>\n<p>I vincitori di borse di studio offerte dal Governo italiano possono beneficiare dell\u2019esonero dal pagamento delle tasse di iscrizione e dei contributi universitari sulla base di quanto stabilito da ogni singola universit\u00e0 in base alla normativa sull\u2019autonomia delle Universit\u00e0. Le tasse regionali sono comunque dovute.<\/p>\n<p>L\u2019esenzione non \u00e8 applicata per i Corsi avanzati di lingua e cultura italiana per i quali \u00e8 necessario il versamento delle tasse d\u2019iscrizione.<\/p>\n<p><strong>Art. 10<\/strong><\/p>\n<p><strong>COPERTURA ASSICURATIVA MEDICA<\/strong><\/p>\n<p>I borsisti beneficiano di una polizza assicurativa per la copertura di eventuali spese per malattie o infortuni esclusivamente per la durata della borsa di studio a carico del MAECI.<\/p>\n<p>Sono escluse dalla copertura assicurativa le malattie dipendenti da condizioni fisiche o patologiche pre-esistenti e le cure dentali. Si consiglia i borsisti provenienti dai paesi UE di dotarsi della Tessera Europea di Assicurazione Malattia (EHIC).<\/p>\n<p><strong>Art. 11<\/strong><\/p>\n<p><strong>PAGAMENTO DELLA BORSA<\/strong><\/p>\n<p>Il vincitore di una borsa di studio MAECI ricever\u00e0 un\u00a0<strong>importo mensile di 900 euro<\/strong>\u00a0erogato con cadenza trimestrale sul conto corrente a lui intestato presso un istituto bancario\u00a0<strong>italiano<\/strong>.<\/p>\n<p>Il pagamento della borsa di studio potr\u00e0 essere effettuato\u00a0<strong>esclusivamente a seguito dell\u2019iscrizione presso l\u2019Istituzione prescelta<\/strong>\u00a0e della presentazione da parte del borsista della documentazione richiesta in base alle tempistiche amministrative necessarie.<\/p>\n<p>Il MAECI inizier\u00e0 le procedure per l\u2019erogazione della borsa al termine del trimestre. I singoli pagamenti avverranno quindi successivamente a tale periodo.<\/p>\n<p>L\u2019ultima rata di pagamento verr\u00e0 erogata solamente dopo l\u2019accertamento del buon andamento del percorso accademico.<\/p>\n<p><strong>Art. 12<\/strong><\/p>\n<p><strong>INCOMPATIBILIT\u00c0<\/strong><\/p>\n<p>La borsa di studio assegnata \u00e8 incompatibile con ogni altra borsa di studio erogata dal Governo Italiano o da Enti pubblici italiani, incluse quelle del diritto allo studio regionale.<\/p>\n<p>La borsa di studio \u00e8 compatibile con i programmi europei Erasmus, Erasmus+ e altri programmi finanziati da istituzioni internazionali, ma non potr\u00e0 essere erogata nei periodi di studio fuori dall\u2019Italia.<\/p>\n","protected":false},"excerpt":{"rendered":"BANDO PER L\u2019ASSEGNAZIONE DI BORSE DI STUDIO OFFERTE DAL GOVERNO ITALIANO A STUDENTI STRANIERI E ITALIANI RESIDENTI ALL\u2019ESTERO (IRE) PER L\u2019ANNO ACCADEMICO 2021-2022 SCADENZA 13 LUGLIO 2021 Il Ministero degli Affari Esteri e della Cooperazione Internazionale (MAECI) offre borse di studio\u00a0in favore di\u00a0studenti stranieri* e cittadini italiani residenti all\u2019estero (IRE)**\u00a0per\u00a0l\u2019Anno Accademico 2021-2022, con l\u2019obiettivo di [&hellip;]","protected":false},"author":6,"featured_media":0,"parent":355,"menu_order":0,"comment_status":"closed","ping_status":"closed","template":"","meta":{"footnotes":""},"class_list":["post-367","page","type-page","status-publish","hentry"],"_links":{"self":[{"href":"https:\/\/iicalgeri.esteri.it\/it\/wp-json\/wp\/v2\/pages\/367","targetHints":{"allow":["GET"]}}],"collection":[{"href":"https:\/\/iicalgeri.esteri.it\/it\/wp-json\/wp\/v2\/pages"}],"about":[{"href":"https:\/\/iicalgeri.esteri.it\/it\/wp-json\/wp\/v2\/types\/page"}],"author":[{"embeddable":true,"href":"https:\/\/iicalgeri.esteri.it\/it\/wp-json\/wp\/v2\/users\/6"}],"replies":[{"embeddable":true,"href":"https:\/\/iicalgeri.esteri.it\/it\/wp-json\/wp\/v2\/comments?post=367"}],"version-history":[{"count":1,"href":"https:\/\/iicalgeri.esteri.it\/it\/wp-json\/wp\/v2\/pages\/367\/revisions"}],"predecessor-version":[{"id":368,"href":"https:\/\/iicalgeri.esteri.it\/it\/wp-json\/wp\/v2\/pages\/367\/revisions\/368"}],"up":[{"embeddable":true,"href":"https:\/\/iicalgeri.esteri.it\/it\/wp-json\/wp\/v2\/pages\/355"}],"wp:attachment":[{"href":"https:\/\/iicalgeri.esteri.it\/it\/wp-json\/wp\/v2\/media?parent=367"}],"curies":[{"name":"wp","href":"https:\/\/api.w.org\/{rel}","templated":true}]}}