{"id":365,"date":"2023-07-16T16:52:54","date_gmt":"2023-07-16T15:52:54","guid":{"rendered":"https:\/\/iicalgeri.esteri.it\/?page_id=365"},"modified":"2023-07-16T16:52:54","modified_gmt":"2023-07-16T15:52:54","slug":"borse-di-studio-2019-2020","status":"publish","type":"page","link":"https:\/\/iicalgeri.esteri.it\/it\/chi-siamo\/contatti\/opportunita\/borse-di-studio-2023-2024\/borse-di-studio-2019-2020\/","title":{"rendered":"Borse di studio 2019\/2020"},"content":{"rendered":"<p><strong>BANDO PER L\u2019ASSEGNAZIONE DI BORSE DI STUDIO OFFERTE DAL GOVERNO ITALIANO A STUDENTI STRANIERI E ITALIANI RESIDENTI ALL\u2019ESTERO (IRE)<\/strong><\/p>\n<p><strong>PER L\u2019ANNO ACCADEMICO 2019-2020<\/strong><\/p>\n<p><strong>SCADENZA 30 MAGGIO 2019<\/strong><\/p>\n<p>Il Ministero degli Affari Esteri e della Cooperazione Internazionale (MAECI) offre borse di studio in favore di studenti stranieri* e cittadini italiani residenti all\u2019estero (IRE)** per l\u2019Anno Accademico 2019-2020, con l\u2019obiettivo di favorire la cooperazione in campo culturale, scientifico e tecnologico, la proiezione del sistema economico dell\u2019Italia nel mondo e la diffusione della conoscenza della lingua e cultura italiana (Rif. Legge 288\/55 e successive modifiche e integrazioni).<\/p>\n<p>Le borse di studio sono offerte per svolgere programmi di studio, formazione e\/o ricerca presso Istituzioni italiane statali o legalmente riconosciute.<\/p>\n<p>La borsa di studio copre soltanto la frequenza di corsi sul territorio italiano.<\/p>\n<p>La lista dei Paesi beneficiari \u00e8 consultabile alla seguente pagina del Portale \u201cStudy in Italy\u201d:\u00a0<a href=\"https:\/\/studyinitaly.esteri.it\/en\/call-for-procedure\">https:\/\/studyinitaly.esteri.it\/en\/call-for-procedure<\/a><\/p>\n<p><strong>Art. 1<\/strong><\/p>\n<p><strong>TIPOLOGIE DI BORSE DI STUDIO<\/strong><\/p>\n<p><strong>1.1 Corsi universitari di Laurea Magistrale (2\u00b0 ciclo)<\/strong><\/p>\n<p>Le borse di studio per corsi universitari di Laurea Magistrale possono avere una durata di 6 (sei) o 9 (nove) mesi.<\/p>\n<p>Per potersi iscrivere al primo anno di un corso di laurea di 2\u00b0 ciclo in Italia, il candidato dovr\u00e0 aver concluso un ciclo di studi di 1\u00b0 livello nel proprio Paese di provenienza, ossia l\u2019equivalente di una laurea triennale italiana (bachelor). Per potersi iscrivere al secondo anno, il candidato dovr\u00e0 essere in regola con gli esami dell\u2019anno precedente.<\/p>\n<p><strong>1.2 Corsi di alta formazione professionale, artistica e musicale (AFAM)<\/strong><\/p>\n<p>Le borse di studio per i corsi di alta formazione professionale, artistica e musicale (AFAM) possono avere una durata di 6 (sei) o 9 (nove) mesi.<\/p>\n<p>Per potersi iscrivere ad una AFAM in Italia il candidato dovr\u00e0 essere in possesso dei titoli di accesso richiesti dall\u2019Istituzione prescelta.<\/p>\n<p><strong>1.3 Dottorati di ricerca<\/strong><\/p>\n<p>Le borse di studio per Dottorati di Ricerca possono avere una durata di 6 (sei) o 9 (nove) mesi.<\/p>\n<p>Per potersi iscrivere ad un Dottorato di ricerca in Italia il candidato dovr\u00e0 essere in possesso dei titoli di accesso richiesti dall\u2019Istituzione prescelta e della lettera di accettazione da parte dell\u2019Universit\u00e0 italiana.<\/p>\n<p><strong>1.4 Progetti di Studio in co-tutela<\/strong><\/p>\n<p>Le borse di studio per progetti di studio in co-tutela possono avere una durata di 6 (sei) o 9 (nove) mesi.<\/p>\n<p>Il candidato che voglia usufruire di una borsa per svolgere un progetto di studio in co-tutela dovr\u00e0 allegare alla candidatura il programma di ricerca, indicando il nominativo e i contatti (email) del Docente Tutor della ricerca, oltre alle lettere di accettazione da parte dell\u2019Istituzione ospitante.<\/p>\n<p>Questa tipologia di borsa di studio pu\u00f2 essere assegnata per attivit\u00e0 di ricerca presso gli enti pubblici di ricerca (CNR, ISS, INFN, INAF, ISPRA etc.), in co-tutela con Universit\u00e0 pubbliche statali, Enti museali ed enti archivistici riconosciuti.<\/p>\n<p>N.B. Per alcuni corsi di Laurea Magistrale o presso le Istituzioni AFAM, l\u2019iscrizione \u00e8 subordinata al superamento di prove di ammissione. I candidati sono invitati a verificare presso l\u2019Istituzione universitaria o AFAM prescelta se \u00e8 previsto un test di ingresso.<\/p>\n<p><strong>1.5 Corsi di lingua e cultura italiana<\/strong><\/p>\n<p>Le borse di studio per corsi di lingua e cultura italiana sono destinate unicamente agli studenti attualmente frequentanti un corso di italiano a livello universitario o presso Istituti Italiani di Cultura e hanno una durata di 3 mesi.<\/p>\n<p>Il candidato dovr\u00e0 allegare alla domanda un certificato o attestato comprovante la competenza della lingua italiana a partire dal livello A2 del Quadro Comune Europeo di Riferimento (<a href=\"https:\/\/studyinitaly.esteri.it\/en\/call-for-procedure\">https:\/\/www.linguaitaliana.esteri.it\/data\/lingua\/corsi\/pdf\/tabella_certificazioni.pdf<\/a>).<\/p>\n<p><strong>Art. 2<\/strong><\/p>\n<p><strong>REQUISITI DI ACCESSO<\/strong><\/p>\n<p>Le candidature possono essere presentate esclusivamente da coloro che saranno in possesso dei seguenti requisiti alla data di scadenza del bando (30 maggio 2019, 14.00 ora italiana).<\/p>\n<p>Titolo di studio<\/p>\n<p>Possono concorrere alle borse gli studenti di cittadinanza straniera residenti all\u2019estero* e italiani residenti all\u2019estero (IRE)** in possesso di un titolo di studio valido per l\u2019iscrizione ai corsi presso l\u2019Istituzione prescelta (si veda anche\u00a0<a href=\"https:\/\/studyinitaly.esteri.it\/en\/Recognition-of-qualification\">https:\/\/studyinitaly.esteri.it\/en\/Recognition-of-qualification<\/a>).<\/p>\n<p><strong>Limiti d\u2019et\u00e0<\/strong><\/p>\n<p>Possono presentare domanda per una borsa per un corso di Laurea Magistrale\/Alta Formazione artistica e musicale (AFAM)\/corso di lingua e cultura italiana i candidati di et\u00e0 non superiore a 28 anni compiuti alla data di scadenza del presente bando (30 maggio 2019), ad eccezione dei soli rinnovi.<\/p>\n<p>Possono presentare domanda per una borsa per un corso di dottorato i candidati di et\u00e0 non superiore a 30 anni compiuti alla data di scadenza del presente bando (30 maggio 2019), ad eccezione dei soli rinnovi.<\/p>\n<p>Possono presentare domanda per una borsa finalizzata alla realizzazione di un progetto in co- tutela i candidati di et\u00e0 non superiore a 40 anni compiuti alla data di scadenza del presente bando (30 maggio 2019).<\/p>\n<p><strong>Competenza linguistica<\/strong><\/p>\n<p><strong>2.3.1 Corsi di studio in lingua italiana<\/strong><\/p>\n<p>Per l\u2019iscrizione ai corsi di studio che si svolgono in lingua italiana, il candidato dovr\u00e0 allegare alla domanda un certificato o un attestato comprovante la competenza della lingua italiana a partire almeno dal livello B2 del Quadro Comune Europeo di Riferimento:<\/p>\n<p>(<a href=\"https:\/\/www.linguaitaliana.esteri.it\/data\/lingua\/corsi\/pdf\/tabella_certificazioni.pdf\">https:\/\/www.linguaitaliana.esteri.it\/data\/lingua\/corsi\/pdf\/tabella_certificazioni.pdf<\/a>).<\/p>\n<p>Nel caso in cui si siano frequentati corsi universitari in italiano, si potr\u00e0 allegare una certificazione rilasciata dal docente di lingua della facolt\u00e0.<\/p>\n<p><strong>2.3.2 Corsi di studio in lingua inglese<\/strong><\/p>\n<p>Nel caso di frequenza di un corso in lingua inglese, il candidato dovr\u00e0 allegare alla domanda un certificato o un attestato comprovante la competenza della lingua inglese a partire dal livello B2 del Quadro Comune Europeo di Riferimento.<\/p>\n<p>Nel caso di candidati provenienti da Paesi nei quali l\u2019inglese \u00e8 lingua ufficiale, si potr\u00e0 allegare una autocertificazione valida per l\u2019iscrizione ai corsi che si tengono interamente in lingua inglese.<\/p>\n<p>Per l\u2019iscrizione a corsi universitari che si svolgono interamente in lingua inglese non \u00e8 richiesta la conoscenza della lingua italiana.<\/p>\n<p><strong>2.3.3 Corsi di lingua e cultura italiana<\/strong><\/p>\n<p>Per i soli corsi di lingua e cultura italiana, il candidato dovr\u00e0 allegare alla domanda un certificato o attestato comprovante la competenza della lingua italiana a partire almeno dal livello A2 del Quadro Comune Europeo di Riferimento:<\/p>\n<p>(<a href=\"https:\/\/www.linguaitaliana.esteri.it\/data\/lingua\/corsi\/pdf\/tabella_certificazioni.pdf\">https:\/\/www.linguaitaliana.esteri.it\/data\/lingua\/corsi\/pdf\/tabella_certificazioni.pdf<\/a>).<\/p>\n<p>Nel caso in cui si siano frequentati corsi universitari in italiano, si potr\u00e0 allegare una certificazione rilasciata dal docente di lingua della facolt\u00e0.<\/p>\n<p><strong>Art. 3<\/strong><\/p>\n<p><strong>RINNOVI<\/strong><\/p>\n<p>Coloro che nell\u2019Anno Accademico 2018-2019 abbiano usufruito di una borsa di studio MAECI possono candidarsi per la prosecuzione o il completamento di un corso di studi pluriennale, presentando normale domanda. L\u2019eventuale rinnovo della borsa \u00e8 concesso ai soli candidati che certifichino di essere in regola con gli esami di profitto previsti per ciascun Anno Accademico.<\/p>\n<p>Possono candidarsi per la frequenza di un Corso di laurea a Ciclo Unico per l\u2019anno accademico 2019-2020 solo coloro che nell\u2019anno accademico 2018-2019 abbiano usufruito di una borsa di studio MAECI per lo stesso corso di laurea. L\u2019eventuale rinnovo delle borse \u00e8 concesso ai soli candidati che certifichino di essere in regola con gli esami di profitto previsti per ciascun Anno Accademico.<\/p>\n<p><strong>Art. 4<\/strong><\/p>\n<p><strong>DECORRENZA DELLA BORSA<\/strong><\/p>\n<p>Le borse oggetto del presente bando possono essere usufruite dal 1 gennaio 2020 al 31 ottobre 2020. Fanno eccezione le borse per i rinnovi, che potranno essere usufruite dal 1 novembre 2019 al 31 ottobre 2020.<\/p>\n<p><strong>Art. 5<\/strong><\/p>\n<p><strong>INAMMISSIBILIT\u00c0<\/strong><\/p>\n<p>I dipendenti di Uffici della Pubblica Amministrazione italiana e i loro discendenti di I\u00b0 grado sono esclusi dalla concessione delle borse di studio.<\/p>\n<p>Le borse di studio MAECI non sono concesse per la frequenza di Corsi universitari di laurea a ciclo unico o Triennale (1\u00b0 ciclo), ad eccezione dei soli rinnovi di corsi iniziati prima dell\u2019anno accademico 2018-2019 (cfr. Art. 3.2).<\/p>\n<p>Le borse di studio MAECI non sono concesse per la frequenza di corsi presso Istituzioni straniere, con sede in Italia o all\u2019estero, n\u00e9 presso Istituti, Centri o laboratori di ricerca privati non riconosciuti dal Ministero dell\u2019Istruzione, dell\u2019Universit\u00e0 e della Ricerca italiano.<\/p>\n<p>Le domande presentate da candidati privi dei requisiti richiesti non saranno prese in considerazione.<\/p>\n<p><strong>Art. 6<\/strong><\/p>\n<p><strong>PRESENTAZIONE DELLA DOMANDA<\/strong><\/p>\n<p>Le candidature per la selezione relativa all\u2019assegnazione delle borse di studio dovranno essere inviate esclusivamente per via telematica, accedendo al Portale Study in Italy<\/p>\n<p><a href=\"https:\/\/studyinitaly.esteri.it\/\">https:\/\/studyinitaly.esteri.it<\/a><\/p>\n<p>previa registrazione attraverso username e password<\/p>\n<p>Cliccare per accedere alla procedura di registrazione<\/p>\n<p><a href=\"https:\/\/studyinitaly.esteri.it\/registrazione\">https:\/\/studyinitaly.esteri.it\/registrazione<\/a><\/p>\n<p>Nella registrazione al Portale Study in Italy si raccomanda di utilizzare un indirizzo email di uso frequente; successive comunicazioni saranno infatti inviate a tale indirizzo.<\/p>\n<p>Le candidature online devono essere trasmesse dal candidato entro le 14.00 (ora italiana) del 30 maggio 2019.<\/p>\n<p>Le candidature pervenute oltre tale termine saranno considerate irricevibili.<\/p>\n<p><strong>Art. 7<\/strong><\/p>\n<p><strong>PROCEDURE DI SELEZIONE E ASSEGNAZIONE DELLE BORSE<\/strong><\/p>\n<p><strong>Selezione dei candidati<\/strong><\/p>\n<p>Le candidature saranno esaminate da un comitato istituito dalla Rappresentanza Diplomatica competenti per territorio.<\/p>\n<p>Per i soli candidati di cittadinanza siriana, la selezione dei candidati sar\u00e0 effettuata dal Ministero degli Affari Esteri e della Cooperazione Internazionale, Ufficio VII DGSP, attraverso l&#8217;istituzione di un&#8217;apposita commissione.<\/p>\n<p>Procedure di Assegnazione<\/p>\n<p>L\u2019assegnazione delle borse di studio sar\u00e0 effettuata sulla base di una valutazione comparativa delle candidature presentate, del possesso dei requisiti e di criteri attinenti al merito e\/o all\u2019eccellenza del curriculum del candidato.<\/p>\n<p><strong>7.3 Pubblicazione della graduatoria di merito<\/strong><\/p>\n<p>La Rappresentanza Diplomatica competente provveder\u00e0 alla pubblicazione della graduatoria dei vincitori e delle eventuali riserve sul sito Internet di ciascuna Rappresentanza.<\/p>\n<p><strong>Art. 8<\/strong><\/p>\n<p><strong>PAGAMENTO TASSE DI ISCRIZIONE<\/strong><\/p>\n<p>I vincitori di borse di studio offerte dal Governo italiano possono beneficiare dell\u2019esonero dal pagamento delle tasse di iscrizione e dei contributi universitari sulla base di quanto stabilito da ogni singola universit\u00e0 in base alla alla normativa sull\u2019autonomia delle Universit\u00e0.<\/p>\n<p>L\u2019esenzione non \u00e8 applicata per i Corsi avanzati di lingua e cultura italiana per i quali \u00e8 necessario il versamento delle tasse d\u2019iscrizione.<\/p>\n<p><strong>Art. 9<\/strong><\/p>\n<p><strong>COPERTURA ASSICURATIVA MEDICA<\/strong><\/p>\n<p>I borsisti beneficiano di una polizza assicurativa per la copertura di eventuali spese per malattie o infortuni esclusivamente per la durata della borsa di studio a carico del MAECI.<\/p>\n<p>Sono escluse dalla copertura assicurativa le malattie dipendenti da condizioni fisiche o patologiche pre-esistenti.<\/p>\n<p><strong>Art. 10<\/strong><\/p>\n<p><strong>PAGAMENTO DELLA BORSA<\/strong><\/p>\n<p>Il vincitore di una borsa di studio MAECI ricever\u00e0 un importo mensile di 900 euro erogato con cadenza trimestrale sul conto corrente a lui intestato presso un istituto bancario italiano.<\/p>\n<p>Il pagamento della borsa di studio potr\u00e0 essere effettuato esclusivamente a seguito dell\u2019iscrizione presso l\u2019Istituzione prescelta e della presentazione da parte del borsista della documentazione richiesta in base alle tempistiche amministrative necessarie.<\/p>\n<p>Il MAECI inizier\u00e0 le procedure per l\u2019erogazione della borsa al termine del trimestre. I singoli pagamenti avverranno quindi successivamente a tale periodo.<\/p>\n<p>L\u2019ultima rata di pagamento verr\u00e0 erogata solamente dopo l\u2019accertamento del buon andamento del percorso accademico prescelto.<\/p>\n<p><strong>Art. 11<\/strong><\/p>\n<p><strong>INCOMPATIBILIT\u00c0<\/strong><\/p>\n<p>La borsa di studio assegnata \u00e8 incompatibile con ogni altra borsa di studio erogata dal Governo Italiano o da Enti pubblici italiani, incluse quelle del diritto allo studio regionale.<\/p>\n<p><strong>NOTA BENE<\/strong><\/p>\n<p>* I candidati provenienti dall\u2019India sono tenuti a registrarsi anche sul portale del Ministry of Human Resource Development (<a href=\"http:\/\/proposal.sakshat.ac.in\/scholarship\/\">http:\/\/proposal.sakshat.ac.in\/scholarship\/<\/a>)<\/p>\n<p>** Le borse di studio denominate \u201cborse IRE\u201d sono offerte unicamente per i seguenti Paesi: Argentina, Brasile, Cile, Colombia, Etiopia, Per\u00f9, Sud Africa, Uruguay e Venezuela.<\/p>\n","protected":false},"excerpt":{"rendered":"BANDO PER L\u2019ASSEGNAZIONE DI BORSE DI STUDIO OFFERTE DAL GOVERNO ITALIANO A STUDENTI STRANIERI E ITALIANI RESIDENTI ALL\u2019ESTERO (IRE) PER L\u2019ANNO ACCADEMICO 2019-2020 SCADENZA 30 MAGGIO 2019 Il Ministero degli Affari Esteri e della Cooperazione Internazionale (MAECI) offre borse di studio in favore di studenti stranieri* e cittadini italiani residenti all\u2019estero (IRE)** per l\u2019Anno Accademico [&hellip;]","protected":false},"author":6,"featured_media":0,"parent":355,"menu_order":0,"comment_status":"closed","ping_status":"closed","template":"","meta":{"footnotes":""},"class_list":["post-365","page","type-page","status-publish","hentry"],"_links":{"self":[{"href":"https:\/\/iicalgeri.esteri.it\/it\/wp-json\/wp\/v2\/pages\/365","targetHints":{"allow":["GET"]}}],"collection":[{"href":"https:\/\/iicalgeri.esteri.it\/it\/wp-json\/wp\/v2\/pages"}],"about":[{"href":"https:\/\/iicalgeri.esteri.it\/it\/wp-json\/wp\/v2\/types\/page"}],"author":[{"embeddable":true,"href":"https:\/\/iicalgeri.esteri.it\/it\/wp-json\/wp\/v2\/users\/6"}],"replies":[{"embeddable":true,"href":"https:\/\/iicalgeri.esteri.it\/it\/wp-json\/wp\/v2\/comments?post=365"}],"version-history":[{"count":1,"href":"https:\/\/iicalgeri.esteri.it\/it\/wp-json\/wp\/v2\/pages\/365\/revisions"}],"predecessor-version":[{"id":366,"href":"https:\/\/iicalgeri.esteri.it\/it\/wp-json\/wp\/v2\/pages\/365\/revisions\/366"}],"up":[{"embeddable":true,"href":"https:\/\/iicalgeri.esteri.it\/it\/wp-json\/wp\/v2\/pages\/355"}],"wp:attachment":[{"href":"https:\/\/iicalgeri.esteri.it\/it\/wp-json\/wp\/v2\/media?parent=365"}],"curies":[{"name":"wp","href":"https:\/\/api.w.org\/{rel}","templated":true}]}}