{"id":91,"date":"2023-04-03T20:56:47","date_gmt":"2023-04-03T19:56:47","guid":{"rendered":"https:\/\/iicalgeri.esteri.it\/lingua-e-cultura\/biblioteca\/"},"modified":"2024-01-16T12:28:51","modified_gmt":"2024-01-16T11:28:51","slug":"biblioteca","status":"publish","type":"page","link":"https:\/\/iicalgeri.esteri.it\/fr\/lingua-e-cultura\/biblioteca\/","title":{"rendered":"Biblioth\u00e8que"},"content":{"rendered":"<p><span class=\"titoloCategoria\">La\u00a0 Nouvelle Biblioth\u00e8que de l&rsquo;Institut Culturel Italien \u00ab\u00a0Biblioitalia &#8211; Spazio Libero\u00a0\u00bb<\/span><\/p>\n<p class=\"AlignCenter\"><img loading=\"lazy\" decoding=\"async\" src=\"https:\/\/iicalgeri.esteri.it\/iic_algeri\/resource\/img\/2021\/09\/biblioteca_iic.jpg\" alt=\"biblioteca iic\" width=\"633\" height=\"326\" \/><\/p>\n<p class=\"AlignCenter\">Depuis le 19 avril 2016, il y a un nouvel espace de biblioth\u00e8que. La nouvelle installation appel\u00e9e \u00ab\u00a0BiblioItalia Spazio Lib(e)ro\u00a0\u00bb est le r\u00e9sultat du projet curat\u00e9 par cette Ambassade et l&rsquo;IIC pour cr\u00e9er un espace int\u00e9gr\u00e9, moderne, fonctionnel et attractif o\u00f9 l&rsquo;art, la culture, la nourriture et le design coexistent dans un environnement harmonieux et original.<br \/>\nBiblioItalia Spazio Lib(e)ro se compose d&rsquo;une biblioth\u00e8que, d&rsquo;une salle de lecture et d&rsquo;un espace caf\u00e9t\u00e9ria pour permettre \u00e0 nos membres de d\u00e9guster un excellent caf\u00e9 italien ou un cappuccino.<\/p>\n<p>La biblioth\u00e8que est enti\u00e8rement informatis\u00e9e et contient environ 9000 ouvrages sur la litt\u00e9rature, la philosophie, la sociologie, la linguistique, l&rsquo;\u00e9conomie, la politique, l&rsquo;art, la religion, le droit, l&rsquo;histoire, les sciences, la g\u00e9ographie, l&rsquo;arch\u00e9ologie, l&rsquo;architecture, ainsi que diverses encyclop\u00e9dies et dictionnaires.<\/p>\n<p>Il existe \u00e9galement une importante section de glottodidactique, d\u00e9di\u00e9e aux professeurs de langue italienne et \u00e0 tous ceux qui, ayant une pr\u00e9paration linguistique encore limit\u00e9e, veulent approfondir leurs connaissances, les perfectionner ou simplement lire des textes en \u00ab\u00a0italien facile\u00a0\u00bb accompagn\u00e9s de CD ou de cassettes.<\/p>\n<p>La biblioth\u00e8que comprend \u00e9galement une petite section pour les enfants et les jeunes.<\/p>\n<p>La biblioth\u00e8que est ouverte \u00e0 tous les usagers, aux membres de Biblioitalia et aux \u00e9tudiants qui suivent les cours d&rsquo;italien de l&rsquo;Institut, aux heures d&rsquo;ouverture suivantes :<br \/>\n<strong>Vendredi et samedi : 09h30 &#8211; 16h30<\/strong><\/p>\n<p><strong>Dimanche, lundi, mardi et mercredi : 9h30 &#8211; 16h00<\/strong><\/p>\n<p><strong>Jeudi jour de fermeture<\/strong><\/p>\n<p>Le pr\u00eat d&rsquo;\u0153uvres est r\u00e9serv\u00e9 aux \u00e9tudiants des cours d&rsquo;italien de l&rsquo;Institut et aux membres de la Biblioth\u00e8que. Sa dur\u00e9e est fix\u00e9e \u00e0 15 jours pour le mat\u00e9riel bibliographique et pour les CD et DVD et peut, le cas \u00e9ch\u00e9ant, \u00eatre renouvel\u00e9e par t\u00e9l\u00e9phone ou en envoyant un e-mail \u00e0 biblioteca.iicalgeri@esteri.it pour deux semaines suppl\u00e9mentaires.<\/p>\n<p>La carte de pr\u00eat est valable un an au prix de 2000 DA pour les \u00e9tudiants et 4000 DA pour les autres membres.<\/p>\n<p>La biblioth\u00e8que est gratuite pendant la dur\u00e9e des cours pour les \u00e9tudiants d&rsquo;italien de l&rsquo;Institut.<\/p>\n<p>Les documents \u00e0 fournir pour demander la carte de biblioth\u00e8que sont les suivants :<\/p>\n<table class=\"table\" style=\"height: 273px;\" border=\"0\" width=\"686\">\n<tbody>\n<tr>\n<td style=\"text-align: justify;\">\u00e9tudiants<\/td>\n<td style=\"text-align: justify;\">citoyens alg\u00e9riens<\/td>\n<td style=\"text-align: justify;\">citoyens \u00e9trangers<\/td>\n<\/tr>\n<tr>\n<td style=\"text-align: justify;\">02 photos<\/p>\n<p>01 copie de la carte d&rsquo;identit\u00e9<\/p>\n<p>un certificat de scolarit\u00e9 (remise)<\/p>\n<p>+ quota inscription<\/td>\n<td style=\"text-align: justify;\">02 photos<\/p>\n<p>01 copie de la carte d&rsquo;identit\u00e9<\/p>\n<p>un certificat de scolarit\u00e9 (remise)<\/p>\n<p>+ quota inscription<\/td>\n<td>\n<p style=\"text-align: justify;\">02 photos<\/p>\n<p>01 copie de la carte d&rsquo;identit\u00e9<\/p>\n<p>un certificat de scolarit\u00e9 (remise)<\/p>\n<p>+ quota inscription<\/td>\n<\/tr>\n<\/tbody>\n<\/table>\n<p>Conform\u00e9ment \u00e0 la l\u00e9gislation en vigueur, les photocopies sont possibles. Ce service n&rsquo;est pas gratuit.<\/p>\n<p><a href=\"https:\/\/iicalgeri.esteri.it\/wp-content\/uploads\/2023\/09\/regolamento_biblioteca_iic.pdf\">Cliquez ici pour le r\u00e9glement de la biblioth\u00e8que<\/a><\/p>\n","protected":false},"excerpt":{"rendered":"La\u00a0 Nouvelle Biblioth\u00e8que de l&rsquo;Institut Culturel Italien \u00ab\u00a0Biblioitalia &#8211; Spazio Libero\u00a0\u00bb Depuis le 19 avril 2016, il y a un nouvel espace de biblioth\u00e8que. La nouvelle installation appel\u00e9e \u00ab\u00a0BiblioItalia Spazio Lib(e)ro\u00a0\u00bb est le r\u00e9sultat du projet curat\u00e9 par cette Ambassade et l&rsquo;IIC pour cr\u00e9er un espace int\u00e9gr\u00e9, moderne, fonctionnel et attractif o\u00f9 l&rsquo;art, la culture, [&hellip;]","protected":false},"author":1,"featured_media":0,"parent":87,"menu_order":10,"comment_status":"closed","ping_status":"closed","template":"","meta":{"footnotes":""},"class_list":["post-91","page","type-page","status-publish","hentry"],"_links":{"self":[{"href":"https:\/\/iicalgeri.esteri.it\/fr\/wp-json\/wp\/v2\/pages\/91","targetHints":{"allow":["GET"]}}],"collection":[{"href":"https:\/\/iicalgeri.esteri.it\/fr\/wp-json\/wp\/v2\/pages"}],"about":[{"href":"https:\/\/iicalgeri.esteri.it\/fr\/wp-json\/wp\/v2\/types\/page"}],"author":[{"embeddable":true,"href":"https:\/\/iicalgeri.esteri.it\/fr\/wp-json\/wp\/v2\/users\/1"}],"replies":[{"embeddable":true,"href":"https:\/\/iicalgeri.esteri.it\/fr\/wp-json\/wp\/v2\/comments?post=91"}],"version-history":[{"count":5,"href":"https:\/\/iicalgeri.esteri.it\/fr\/wp-json\/wp\/v2\/pages\/91\/revisions"}],"predecessor-version":[{"id":2547,"href":"https:\/\/iicalgeri.esteri.it\/fr\/wp-json\/wp\/v2\/pages\/91\/revisions\/2547"}],"up":[{"embeddable":true,"href":"https:\/\/iicalgeri.esteri.it\/fr\/wp-json\/wp\/v2\/pages\/87"}],"wp:attachment":[{"href":"https:\/\/iicalgeri.esteri.it\/fr\/wp-json\/wp\/v2\/media?parent=91"}],"curies":[{"name":"wp","href":"https:\/\/api.w.org\/{rel}","templated":true}]}}