{"id":89,"date":"2023-04-03T20:56:11","date_gmt":"2023-04-03T19:56:11","guid":{"rendered":"https:\/\/iicalgeri.esteri.it\/lingua-e-cultura\/certificazioni\/"},"modified":"2026-03-29T15:42:51","modified_gmt":"2026-03-29T14:42:51","slug":"certificazioni","status":"publish","type":"page","link":"https:\/\/iicalgeri.esteri.it\/fr\/lingua-e-cultura\/certificazioni\/","title":{"rendered":"Certifications"},"content":{"rendered":"<p><strong>Certification de l&rsquo;italien comme langue \u00e9trang\u00e8re<\/strong><\/p>\n<p style=\"text-align: justify;\">Les dipl\u00f4mes de certification de la langue italienne sont des attestations qui attestent du degr\u00e9 de comp\u00e9tence communicative de l&rsquo;italien comme langue \u00e9trang\u00e8re. Les candidats peuvent \u00eatre des citoyens \u00e9trangers, des citoyens italiens vivant \u00e0 l&rsquo;\u00e9tranger (descendants d&rsquo;\u00e9migr\u00e9s italiens) et des immigr\u00e9s \u00e9trangers en Italie.<\/p>\n<p><strong>L&rsquo;Institut culturel italien d&rsquo;Alger<\/strong> a conclu un accord avec le Centre CILS (Universit\u00e9 pour \u00e9trangers de Sienne) et avec le CELI (Universit\u00e9 pour \u00e9trangers de P\u00e9rouse) pour l&rsquo;organisation d&rsquo;examens en vue de l&rsquo;obtention d&rsquo;une certification de la connaissance de l&rsquo;italien.<\/p>\n<p>Pour plus d&rsquo;informations sur les examens CILS, <a href=\"https:\/\/iicalgeri.esteri.it\/wp-content\/uploads\/2026\/03\/Informazioni-esami-CILS-francese.pdf\">cliquez ici<\/a><\/p>\n<p>Il n&rsquo;est pas n\u00e9cessaire de poss\u00e9der des qualifications particuli\u00e8res pour passer les examens.<\/p>\n<p>La certification comprend <strong>six niveaux<\/strong> de comp\u00e9tence linguistique-communicative \u00e9tablis par <a href=\"https:\/\/europa.eu\/europass\/system\/files\/2020-05\/CEFR%20self-assessment%20grid%20IT.pdf\">le Cadre europ\u00e9en commun de r\u00e9f\u00e9rence<\/a>.<\/p>\n<p>Pour t\u00e9l\u00e9charger le calendrier des examens CILS pour l&rsquo;ann\u00e9e 2026 <a href=\"https:\/\/iicalgeri.esteri.it\/wp-content\/uploads\/2026\/03\/Calendario-CELI-2026.pdf\">cliquez ici<\/a>, pour le calendrier des examens CELI pour l&rsquo;ann\u00e9e 2026 <a href=\"https:\/\/iicalgeri.esteri.it\/wp-content\/uploads\/2026\/03\/Calendario-CELI-2026.pdf\">cliquez ici<\/a>.<\/p>\n<p>L&rsquo;Institut culturel italien d&rsquo;Alger organise des cours sp\u00e9cifiques de pr\u00e9paration aux examens CILS et CELI.<\/p>\n<p><strong>B1 normal et B1 citoyennet\u00e9<\/strong><\/p>\n<p>Selon la loi n\u00b0 132 du 1er d\u00e9cembre 2018, l&rsquo;obtention de la citoyennet\u00e9 italienne est li\u00e9e \u00e0 la possession du niveau B1 en langue italienne, selon le Cadre europ\u00e9en commun de r\u00e9f\u00e9rence pour les langues (2001). Le Centre CILS propose deux examens pour obtenir la certification n\u00e9cessaire, l&rsquo;examen B1 standard et l&rsquo;examen B1 cittadinanza. Les deux examens permettent de demander la citoyennet\u00e9, plus d&rsquo;informations ici.<\/p>\n<p><strong>Pour plus d&rsquo;informations concernant les inscriptions, vous \u00eates pri\u00e9s \u00e0 contacter iicalgeri@esteri.it ou appelez le 023 05 32 78.<\/strong><\/p>\n<p>Des sessions d&rsquo;entra\u00eenement au CILS sont organis\u00e9es sur la plateforme de l&rsquo;Universit\u00e9 pour \u00e9trangers de Sienne Centro FAST.<\/p>\n<p>Apr\u00e8s les examens, le Centre CILS publie les r\u00e9sultats sur son site dans un d\u00e9lai qui peut varier de 2 \u00e0 4 mois en fonction du niveau et du nombre de candidats. Les candidats peuvent consulter leurs r\u00e9sultats en ligne en introduisant leur num\u00e9ro de matricule et leur date de naissance.<\/p>\n<p><strong>Attestations de fr\u00e9quence<\/strong><\/p>\n<p>L&rsquo;Institut Culturel Italien d&rsquo;Alger peut d\u00e9livrer une <strong>attestation de fr\u00e9quence<\/strong> au cours suivi, apr\u00e8s la r\u00e9ussite de l&rsquo;examen final et avec un maximum de 5 absences.<\/p>\n<p>Pour obtenir l\u2019attestation, veuillez nous envoyer un e-mail une semaine avant la date \u00e0 laquelle vous avez besoin de celle-ci, en pr\u00e9cisant votre nom, pr\u00e9nom et le niveau de cours suivi, \u00e0 l&rsquo;adresse suivante : <a href=\"mailto:iicalgeri@esteri.it\">iicalgeri@esteri.it<\/a>.<\/p>\n","protected":false},"excerpt":{"rendered":"Certification de l&rsquo;italien comme langue \u00e9trang\u00e8re Les dipl\u00f4mes de certification de la langue italienne sont des attestations qui attestent du degr\u00e9 de comp\u00e9tence communicative de l&rsquo;italien comme langue \u00e9trang\u00e8re. Les candidats peuvent \u00eatre des citoyens \u00e9trangers, des citoyens italiens vivant \u00e0 l&rsquo;\u00e9tranger (descendants d&rsquo;\u00e9migr\u00e9s italiens) et des immigr\u00e9s \u00e9trangers en Italie. L&rsquo;Institut culturel italien d&rsquo;Alger [&hellip;]","protected":false},"author":1,"featured_media":0,"parent":87,"menu_order":4,"comment_status":"closed","ping_status":"closed","template":"","meta":{"footnotes":""},"class_list":["post-89","page","type-page","status-publish","hentry"],"_links":{"self":[{"href":"https:\/\/iicalgeri.esteri.it\/fr\/wp-json\/wp\/v2\/pages\/89","targetHints":{"allow":["GET"]}}],"collection":[{"href":"https:\/\/iicalgeri.esteri.it\/fr\/wp-json\/wp\/v2\/pages"}],"about":[{"href":"https:\/\/iicalgeri.esteri.it\/fr\/wp-json\/wp\/v2\/types\/page"}],"author":[{"embeddable":true,"href":"https:\/\/iicalgeri.esteri.it\/fr\/wp-json\/wp\/v2\/users\/1"}],"replies":[{"embeddable":true,"href":"https:\/\/iicalgeri.esteri.it\/fr\/wp-json\/wp\/v2\/comments?post=89"}],"version-history":[{"count":8,"href":"https:\/\/iicalgeri.esteri.it\/fr\/wp-json\/wp\/v2\/pages\/89\/revisions"}],"predecessor-version":[{"id":8455,"href":"https:\/\/iicalgeri.esteri.it\/fr\/wp-json\/wp\/v2\/pages\/89\/revisions\/8455"}],"up":[{"embeddable":true,"href":"https:\/\/iicalgeri.esteri.it\/fr\/wp-json\/wp\/v2\/pages\/87"}],"wp:attachment":[{"href":"https:\/\/iicalgeri.esteri.it\/fr\/wp-json\/wp\/v2\/media?parent=89"}],"curies":[{"name":"wp","href":"https:\/\/api.w.org\/{rel}","templated":true}]}}