{"id":87,"date":"2023-04-03T20:30:34","date_gmt":"2023-04-03T19:30:34","guid":{"rendered":"https:\/\/iicalgeri.esteri.it\/lingua-e-cultura\/"},"modified":"2026-03-12T16:19:45","modified_gmt":"2026-03-12T15:19:45","slug":"lingua-e-cultura","status":"publish","type":"page","link":"https:\/\/iicalgeri.esteri.it\/fr\/lingua-e-cultura\/","title":{"rendered":"Langue et culture"},"content":{"rendered":"<p><strong>Pourquoi \u00e9tudier l\u2019italien \u00e0 l\u2019Institut Culturel Italien ?<\/strong><\/p>\n<p>Parce que l\u2019Institut&#8230;<\/p>\n<ul>\n<li>Offre une gamme de cours de langue italienne pour toutes les exigences : du niveau d\u00e9butant au niveau sup\u00e9rieur (six niveaux) ; de l\u2019italien g\u00e9n\u00e9ral \u00e0 l\u2019italien sp\u00e9cialis\u00e9 ; des cours de conversation \u00e0 ceux pr\u00e9paratoires aux examens du Certificat IT ;<\/li>\n<li>Propose des cours intensifs (en \u00e9t\u00e9) et semi intensifs ou extensifs durant toute l\u2019ann\u00e9e et, \u00e0 la demande, des cours \u00ab \u00e0 la carte \u00bb ;<\/li>\n<li>Emploie des enseignants qualifi\u00e9s<\/li>\n<li>A la fin du cours, apr\u00e8s les tests, il d\u00e9livre des attestations qui certifient des comp\u00e9tences acquises \u00ab\u00a0met \u00e0 la disposition\u00a0\u00bb des ses \u00e9tudiants sa biblioth\u00e8que qui, en plus d\u2019une connexion Internet, est dot\u00e9e d\u2019une section de volumes pour l\u2019apprentissage de l\u2019italien (manuels, grammaires, dictionnaires, cassettes audio, livres d\u2019italien facile accompagn\u00e9s de cassettes et de CD, etc\u2026), d\u2019une vid\u00e9oth\u00e8que (cassettes vid\u00e9o et DVD) et propose le pr\u00eat gratuitement ;<\/li>\n<li>Octroie, chaque ann\u00e9e, en collaboration avec les Universit\u00e9s de P\u00e9rouse et de Sienne, des bourses d\u2019\u00e9tudes \u00e0 ses \u00e9tudiants les plus fid\u00e8les et les plus m\u00e9ritoires ;<\/li>\n<li>Invite les \u00e9tudiants inscrits aux cours de langue \u00e0 assister aux \u00e9v\u00e9nements qu\u2019il organise en ville;<\/li>\n<li>Propose r\u00e9guli\u00e8rement, \u00e0 ceux qui d\u00e9sirent approfondir leur connaissance de la culture italienne, des cycles de films dans sa propre salle de projection ;<\/li>\n<li>Est un centre agr\u00e9\u00e9 pour les examens de certification avec les universit\u00e9s de Sienne et P\u00e9rouse.<\/li>\n<\/ul>\n","protected":false},"excerpt":{"rendered":"Pourquoi \u00e9tudier l\u2019italien \u00e0 l\u2019Institut Culturel Italien ? Parce que l\u2019Institut&#8230; Offre une gamme de cours de langue italienne pour toutes les exigences : du niveau d\u00e9butant au niveau sup\u00e9rieur (six niveaux) ; de l\u2019italien g\u00e9n\u00e9ral \u00e0 l\u2019italien sp\u00e9cialis\u00e9 ; des cours de conversation \u00e0 ceux pr\u00e9paratoires aux examens du Certificat IT ; Propose des [&hellip;]","protected":false},"author":1,"featured_media":0,"parent":0,"menu_order":4,"comment_status":"closed","ping_status":"closed","template":"","meta":{"footnotes":""},"class_list":["post-87","page","type-page","status-publish","hentry"],"_links":{"self":[{"href":"https:\/\/iicalgeri.esteri.it\/fr\/wp-json\/wp\/v2\/pages\/87","targetHints":{"allow":["GET"]}}],"collection":[{"href":"https:\/\/iicalgeri.esteri.it\/fr\/wp-json\/wp\/v2\/pages"}],"about":[{"href":"https:\/\/iicalgeri.esteri.it\/fr\/wp-json\/wp\/v2\/types\/page"}],"author":[{"embeddable":true,"href":"https:\/\/iicalgeri.esteri.it\/fr\/wp-json\/wp\/v2\/users\/1"}],"replies":[{"embeddable":true,"href":"https:\/\/iicalgeri.esteri.it\/fr\/wp-json\/wp\/v2\/comments?post=87"}],"version-history":[{"count":4,"href":"https:\/\/iicalgeri.esteri.it\/fr\/wp-json\/wp\/v2\/pages\/87\/revisions"}],"predecessor-version":[{"id":8386,"href":"https:\/\/iicalgeri.esteri.it\/fr\/wp-json\/wp\/v2\/pages\/87\/revisions\/8386"}],"wp:attachment":[{"href":"https:\/\/iicalgeri.esteri.it\/fr\/wp-json\/wp\/v2\/media?parent=87"}],"curies":[{"name":"wp","href":"https:\/\/api.w.org\/{rel}","templated":true}]}}