{"id":83,"date":"2023-04-03T20:55:02","date_gmt":"2023-04-03T19:55:02","guid":{"rendered":"https:\/\/iicalgeri.esteri.it\/chi-siamo\/la-sede\/"},"modified":"2023-07-17T09:37:23","modified_gmt":"2023-07-17T08:37:23","slug":"la-sede","status":"publish","type":"page","link":"https:\/\/iicalgeri.esteri.it\/fr\/chi-siamo\/la-sede\/","title":{"rendered":"Le si\u00e8ge social"},"content":{"rendered":"<p>Les 90 instituts culturels, actuellement op\u00e9rationnels dans les principales villes des cinq continents, sont un lieu id\u00e9al de rencontre et de dialogue pour intellectuels, artistes et op\u00e9rateurs culturels, mais aussi pour de simples citoyens, italiens et \u00e9trangers, qui veulent instaurer ou maintenir un rapport avec notre Pays.<\/p>\n<p>L\u2019Institut Culturel Italien n\u2018est pas uniquement une vitrine de l\u2019Italie et une source d\u2019informations ajourn\u00e9es sur le \u00abSyst\u00e8me Pays\u00bb mais aussi un centre propulseur d\u2019initiatives et d\u2019activit\u00e9s de coop\u00e9ration culturelle. Il est un point de rep\u00e8re essentiel pour les collectivit\u00e9s italiennes \u00e0 l\u2019\u00e9tranger et pour la demande croissante de la culture italienne enregistr\u00e9e dans le monde.<\/p>\n<p>En appui aux activit\u00e9s des Ambassades et des Consulats, les Instituts Culturels Italiens identifient les instruments les plus ad\u00e9quats pour promouvoir l\u2019image de l\u2019Italie en tant que centre de production, de conservation et de vulgarisation culturelle de l\u2019\u00e9poque classique \u00e0 nos jours. Outre \u00e0 organiser des \u00e9v\u00e9nements culturels dans diff\u00e9rents secteurs (art, musique, cin\u00e9ma, th\u00e9\u00e2tre, danse, mode, design, photographie), les Instituts Culturels Italiens :<\/p>\n<p>\u2022\u00a0\u00a0\u00a0\u00a0\u00a0offrent l\u2019opportunit\u00e9, \u00e0 ceux qui le d\u00e9sirent, de conna\u00eetre la langue et la culture italienne, \u00e0<br \/>\ntravers\u00a0l\u2019organisation de cours, la gestion de biblioth\u00e8ques et l\u2019offre de mat\u00e9riel didactique et<br \/>\n\u00e9ditorial ;<br \/>\n\u2022\u00a0\u00a0\u00a0\u00a0\u00a0cr\u00e9ent les contacts et les bases pour faciliter l\u2019int\u00e9gration des op\u00e9rateurs italiens dans le<br \/>\nprocessus d\u2019\u00e9change et de production culturelle au niveau international ;<br \/>\n\u2022\u00a0\u00a0\u00a0\u00a0\u00a0fournissent des informations et des supports logistiques aux op\u00e9rateurs publiques et priv\u00e9s,<br \/>\nitaliens\u00a0et \u00e9trangers ;<br \/>\n\u2022\u00a0\u00a0\u00a0\u00a0soutiennent les initiatives qui favorisent le dialogue interculturel bas\u00e9 sur des principes<br \/>\nd\u00e9mocratique et de solidarit\u00e9 internationale.<\/p>\n<p class=\"AlignCenter\">\n<p class=\"AlignCenter\"><a href=\"http:\/\/www.esteri.it\/MAE\/IT\/Ministero\/Rappresentanze\/Istituti_Cultura\/\" target=\"_blank\" rel=\"noopener\"><strong>Sites web des diff\u00e9rents Instituts Culturels Italiens dans le monde<\/strong><\/a><\/p>\n","protected":false},"excerpt":{"rendered":"Les 90 instituts culturels, actuellement op\u00e9rationnels dans les principales villes des cinq continents, sont un lieu id\u00e9al de rencontre et de dialogue pour intellectuels, artistes et op\u00e9rateurs culturels, mais aussi pour de simples citoyens, italiens et \u00e9trangers, qui veulent instaurer ou maintenir un rapport avec notre Pays. L\u2019Institut Culturel Italien n\u2018est pas uniquement une vitrine [&hellip;]","protected":false},"author":1,"featured_media":0,"parent":81,"menu_order":2,"comment_status":"closed","ping_status":"closed","template":"","meta":{"footnotes":""},"class_list":["post-83","page","type-page","status-publish","hentry"],"_links":{"self":[{"href":"https:\/\/iicalgeri.esteri.it\/fr\/wp-json\/wp\/v2\/pages\/83","targetHints":{"allow":["GET"]}}],"collection":[{"href":"https:\/\/iicalgeri.esteri.it\/fr\/wp-json\/wp\/v2\/pages"}],"about":[{"href":"https:\/\/iicalgeri.esteri.it\/fr\/wp-json\/wp\/v2\/types\/page"}],"author":[{"embeddable":true,"href":"https:\/\/iicalgeri.esteri.it\/fr\/wp-json\/wp\/v2\/users\/1"}],"replies":[{"embeddable":true,"href":"https:\/\/iicalgeri.esteri.it\/fr\/wp-json\/wp\/v2\/comments?post=83"}],"version-history":[{"count":4,"href":"https:\/\/iicalgeri.esteri.it\/fr\/wp-json\/wp\/v2\/pages\/83\/revisions"}],"predecessor-version":[{"id":392,"href":"https:\/\/iicalgeri.esteri.it\/fr\/wp-json\/wp\/v2\/pages\/83\/revisions\/392"}],"up":[{"embeddable":true,"href":"https:\/\/iicalgeri.esteri.it\/fr\/wp-json\/wp\/v2\/pages\/81"}],"wp:attachment":[{"href":"https:\/\/iicalgeri.esteri.it\/fr\/wp-json\/wp\/v2\/media?parent=83"}],"curies":[{"name":"wp","href":"https:\/\/api.w.org\/{rel}","templated":true}]}}