{"id":82,"date":"2023-04-03T20:54:50","date_gmt":"2023-04-03T19:54:50","guid":{"rendered":"https:\/\/iicalgeri.esteri.it\/chi-siamo\/il-personale\/"},"modified":"2026-03-01T10:07:17","modified_gmt":"2026-03-01T09:07:17","slug":"il-personale","status":"publish","type":"page","link":"https:\/\/iicalgeri.esteri.it\/fr\/chi-siamo\/il-personale\/","title":{"rendered":"Personnel"},"content":{"rendered":"<p><strong>Paola Cordone<br \/>\n<\/strong>Directrice<\/p>\n<p><strong>Andrea Guadagnini<\/strong><\/p>\n<p>Directeur Adjoint<\/p>\n<p><strong>Sara Petrone<br \/>\n<\/strong>Administration<\/p>\n<p><strong>Leila Benamrouche<\/strong><\/p>\n<p>Secr\u00e9tariat, archives<\/p>\n<p><strong>Said Nefil<br \/>\n<\/strong>Chauffeur-standardiste<\/p>\n<p><strong>Lylia Houria Baba Aissa<\/strong><\/p>\n<p>Communication (r\u00e9seaux sociaux et presse) en italien et en fran\u00e7ais<\/p>\n<p><strong>Masylia Ouenoughi<\/strong><\/p>\n<p>Biblioth\u00e8que<\/p>\n<p>&nbsp;<\/p>\n","protected":false},"excerpt":{"rendered":"Paola Cordone Directrice Andrea Guadagnini Directeur Adjoint Sara Petrone Administration Leila Benamrouche Secr\u00e9tariat, archives Said Nefil Chauffeur-standardiste Lylia Houria Baba Aissa Communication (r\u00e9seaux sociaux et presse) en italien et en fran\u00e7ais Masylia Ouenoughi Biblioth\u00e8que &nbsp;","protected":false},"author":1,"featured_media":0,"parent":81,"menu_order":0,"comment_status":"closed","ping_status":"closed","template":"","meta":{"footnotes":""},"class_list":["post-82","page","type-page","status-publish","hentry"],"_links":{"self":[{"href":"https:\/\/iicalgeri.esteri.it\/fr\/wp-json\/wp\/v2\/pages\/82","targetHints":{"allow":["GET"]}}],"collection":[{"href":"https:\/\/iicalgeri.esteri.it\/fr\/wp-json\/wp\/v2\/pages"}],"about":[{"href":"https:\/\/iicalgeri.esteri.it\/fr\/wp-json\/wp\/v2\/types\/page"}],"author":[{"embeddable":true,"href":"https:\/\/iicalgeri.esteri.it\/fr\/wp-json\/wp\/v2\/users\/1"}],"replies":[{"embeddable":true,"href":"https:\/\/iicalgeri.esteri.it\/fr\/wp-json\/wp\/v2\/comments?post=82"}],"version-history":[{"count":6,"href":"https:\/\/iicalgeri.esteri.it\/fr\/wp-json\/wp\/v2\/pages\/82\/revisions"}],"predecessor-version":[{"id":8344,"href":"https:\/\/iicalgeri.esteri.it\/fr\/wp-json\/wp\/v2\/pages\/82\/revisions\/8344"}],"up":[{"embeddable":true,"href":"https:\/\/iicalgeri.esteri.it\/fr\/wp-json\/wp\/v2\/pages\/81"}],"wp:attachment":[{"href":"https:\/\/iicalgeri.esteri.it\/fr\/wp-json\/wp\/v2\/media?parent=82"}],"curies":[{"name":"wp","href":"https:\/\/api.w.org\/{rel}","templated":true}]}}