{"id":81,"date":"2023-04-03T20:29:59","date_gmt":"2023-04-03T19:29:59","guid":{"rendered":"https:\/\/iicalgeri.esteri.it\/chi-siamo\/"},"modified":"2025-07-07T15:40:57","modified_gmt":"2025-07-07T14:40:57","slug":"chi-siamo","status":"publish","type":"page","link":"https:\/\/iicalgeri.esteri.it\/fr\/chi-siamo\/","title":{"rendered":"Qui sommes-nous"},"content":{"rendered":"<p>L&rsquo;Institut culturel italien d&rsquo;Alger est un organisme officiel de l&rsquo;\u00c9tat italien qui d\u00e9pend directement du minist\u00e8re des Affaires \u00e9trang\u00e8res et jouit d&rsquo;une autonomie de fonctionnement. La mission institutionnelle de l&rsquo;Institut est de promouvoir, soutenir et d\u00e9velopper les relations d&rsquo;\u00e9change et de coop\u00e9ration dans les domaines culturel, scientifique et technologique entre l&rsquo;Alg\u00e9rie et l&rsquo;Italie.<\/p>\n<p>Aupr\u00e8s de l&rsquo;Institut il est possible :<\/p>\n<p>&nbsp;<\/p>\n<ul>\n<li>d\u2019avoir des informations sur l\u2019Italie dans le domaine de la formation et de la culture ;<\/li>\n<li>des informations sur les bourses d\u2019\u00e9tudes offertes par le Gouvernement italien dans le cadre de l\u2019accord de coop\u00e9ration culturelle ;<\/li>\n<li>des informations concernant les aides de l\u2019Etat italien pour la diffusion de la langue italienne (\u00e9dition, universit\u00e9, lyc\u00e9e\u2026) ;<\/li>\n<li>de Faire une pr\u00e9inscription aux universit\u00e9s italiennes ;<\/li>\n<li>de suivre des cours de langue et culture italienne ;<\/li>\n<li>de soutenir les examens de certification de langue italienne de l\u2019universit\u00e9 de Sienne ;<\/li>\n<li>d\u2019acc\u00e9der \u00e0 la biblioth\u00e8que et \u00e0 la m\u00e9diath\u00e8que pour la consultation de livres, documents vid\u00e9o, DVD, cassettes audio, CDRom. Les adh\u00e9rents du \u00abclub des Amis de l\u2019Institut\u00bb sont autoris\u00e9s \u00e0 faire des pr\u00eats quand les \u0153uvres ne sont pas r\u00e9serv\u00e9es uniquement \u00e0 la consultation ;<\/li>\n<li>d\u2019utiliser l\u2019Internet.<\/li>\n<\/ul>\n<p>L&rsquo;Institut organise, toujours en collaboration avec les plus importantes institutions culturelles alg\u00e9riennes, des manifestations culturelles de toutes sortes tout au long de l&rsquo;ann\u00e9e. Elle organise notamment en collaboration avec le Minist\u00e8re des Affaires Etrang\u00e8res et de la Coop\u00e9ration Internationale et l&rsquo;Ambassade d&rsquo;Italie en Alg\u00e9rie les \u00e9v\u00e9nements suivants : Journ\u00e9e du Design Italien dans le Monde (mars), Journ\u00e9e de la Recherche Italienne dans le Monde (avril), Fare Cin\u00e9ma (mai-juin), F\u00eate de la Musique (21 juin), Journ\u00e9e Contemporaine (octobre), Semaine de la Langue Italienne dans le Monde (octobre), Semaine de la Cuisine Italienne dans le Monde (novembre). Egalement en collaboration avec le Cluster Eunique la Journ\u00e9e des Langues Europ\u00e9ennes. Enfin, en collaboration avec la D\u00e9l\u00e9gation de l&rsquo;Union Europ\u00e9enne, le Festival Culturel Europ\u00e9en et les Journ\u00e9es du Cin\u00e9ma Europ\u00e9en.<\/p>\n<p>Un Comit\u00e9 de collaboration culturelle a \u00e9t\u00e9 constitu\u00e9 aupr\u00e8s de l\u2019Institut.<br \/>\nCe dernier est compos\u00e9 de prestigieux repr\u00e9sentants du monde culturel, acad\u00e9mique et \u00e9conomique alg\u00e9rien ainsi que de repr\u00e9sentants de la communaut\u00e9 italienne \u00e0 Alger.<\/p>\n<p>L&rsquo;Institut Culturel Italien d&rsquo;Alger est un lieu accueillant, ouvert aux personnes handicap\u00e9es.<\/p>\n","protected":false},"excerpt":{"rendered":"L&rsquo;Institut culturel italien d&rsquo;Alger est un organisme officiel de l&rsquo;\u00c9tat italien qui d\u00e9pend directement du minist\u00e8re des Affaires \u00e9trang\u00e8res et jouit d&rsquo;une autonomie de fonctionnement. La mission institutionnelle de l&rsquo;Institut est de promouvoir, soutenir et d\u00e9velopper les relations d&rsquo;\u00e9change et de coop\u00e9ration dans les domaines culturel, scientifique et technologique entre l&rsquo;Alg\u00e9rie et l&rsquo;Italie. Aupr\u00e8s de [&hellip;]","protected":false},"author":1,"featured_media":0,"parent":0,"menu_order":2,"comment_status":"closed","ping_status":"closed","template":"","meta":{"footnotes":""},"class_list":["post-81","page","type-page","status-publish","hentry"],"_links":{"self":[{"href":"https:\/\/iicalgeri.esteri.it\/fr\/wp-json\/wp\/v2\/pages\/81","targetHints":{"allow":["GET"]}}],"collection":[{"href":"https:\/\/iicalgeri.esteri.it\/fr\/wp-json\/wp\/v2\/pages"}],"about":[{"href":"https:\/\/iicalgeri.esteri.it\/fr\/wp-json\/wp\/v2\/types\/page"}],"author":[{"embeddable":true,"href":"https:\/\/iicalgeri.esteri.it\/fr\/wp-json\/wp\/v2\/users\/1"}],"replies":[{"embeddable":true,"href":"https:\/\/iicalgeri.esteri.it\/fr\/wp-json\/wp\/v2\/comments?post=81"}],"version-history":[{"count":6,"href":"https:\/\/iicalgeri.esteri.it\/fr\/wp-json\/wp\/v2\/pages\/81\/revisions"}],"predecessor-version":[{"id":6061,"href":"https:\/\/iicalgeri.esteri.it\/fr\/wp-json\/wp\/v2\/pages\/81\/revisions\/6061"}],"wp:attachment":[{"href":"https:\/\/iicalgeri.esteri.it\/fr\/wp-json\/wp\/v2\/media?parent=81"}],"curies":[{"name":"wp","href":"https:\/\/api.w.org\/{rel}","templated":true}]}}