{"id":555,"date":"2023-07-16T11:57:03","date_gmt":"2023-07-16T10:57:03","guid":{"rendered":"https:\/\/iicalgeri.esteri.it\/?page_id=555"},"modified":"2023-08-22T13:10:41","modified_gmt":"2023-08-22T12:10:41","slug":"quotidiens-et-revues","status":"publish","type":"page","link":"https:\/\/iicalgeri.esteri.it\/fr\/lingua-e-cultura\/biblioteca\/quotidiens-et-revues\/","title":{"rendered":"Quotidiens et revues"},"content":{"rendered":"<p><strong>L\u2019h\u00e9m\u00e9roth\u00e8que<\/strong>, int\u00e9gr\u00e9e \u00e0 la\u00a0biblioth\u00e8que, dispose de diff\u00e9rents journaux et revues italiens et\u00a0alg\u00e9riens\u00a0dont la consultation est libre et gratuite.\u00a0<a href=\"https:\/\/iicalgeri.esteri.it\/iicmanager\/sedi_resource_iic\/2007\/09\/31800_f_iic51journaux3.jpg\" target=\"_blank\" rel=\"noopener\"><img loading=\"lazy\" decoding=\"async\" src=\"https:\/\/iicalgeri.esteri.it\/iicmanager\/sedi_resource_iic\/2007\/09\/31800_f_iic51journaux4.jpg\" alt=\"\" width=\"102\" height=\"69\" longdesc=\"https:\/\/iicalgeri.esteri.it\/iic_algeri\/fr\/la_biblioteca\/quotidiani_e_riviste\/\" border=\"0\" hspace=\"0\" \/><\/a><\/p>\n<hr \/>\n<p><span class=\"titoloRosso\">\u00a0\u00a0\u00a0\u00a0\u00a0\u00a0\u00a0\u00a0P\u00e9riodiques<br \/>\n<\/span><\/p>\n<ul>\n<li>Il giornale dell\u2019arte<\/li>\n<li>La Crusca<\/li>\n<li>The Art news paper<\/li>\n<\/ul>\n<p><span class=\"titoloRosso\">\u00a0\u00a0\u00a0\u00a0\u00a0\u00a0\u00a0Revues\u00a0<\/span><\/p>\n<ul>\n<li>Sipario<\/li>\n<li>Il Veltro<\/li>\n<li>Antiquaria<\/li>\n<li>Arte in<\/li>\n<li>Esperienze letterarie<\/li>\n<li>Nuova Antologia<\/li>\n<li>Annali geographysics<\/li>\n<li>Livre et revues d\u2019Italie<\/li>\n<li>Quaderni degli annali dell\u2019istruzione<\/li>\n<li>Film critica<\/li>\n<li>Ottagono<\/li>\n<li>Bell&rsquo;Italia<\/li>\n<li>Insaniyat<\/li>\n<li>Leggere tutti<\/li>\n<li>Il giornale dell&rsquo;architettura<\/li>\n<li>Il giornale dell&rsquo;arte<\/li>\n<li><a href=\"http:\/\/www.storicamente.org\/\">StoricaMente\u00a0&#8211; Rivista di Storia online<br \/>\n<\/a><\/li>\n<\/ul>\n<p><span class=\"titoloRosso\">\u00a0\u00a0\u00a0\u00a0\u00a0\u00a0\u00a0\u00a0Quotidiens alg\u00e9riens\u00a0<\/span><\/p>\n<ul>\n<li>El Moudjahid<\/li>\n<li>El Watan<\/li>\n<li>Libert\u00e9<\/li>\n<li>El Khabar<\/li>\n<li>Le Soir d\u2019Alg\u00e9rie<\/li>\n<li>L\u2019Authentique<\/li>\n<li>La Tribune<\/li>\n<li>L\u2019Expression<\/li>\n<li>Horizons<\/li>\n<li>Info Soir<\/li>\n<li>Le Quotidien d\u2019Oran<\/li>\n<\/ul>\n","protected":false},"excerpt":{"rendered":"L\u2019h\u00e9m\u00e9roth\u00e8que, int\u00e9gr\u00e9e \u00e0 la\u00a0biblioth\u00e8que, dispose de diff\u00e9rents journaux et revues italiens et\u00a0alg\u00e9riens\u00a0dont la consultation est libre et gratuite.\u00a0 \u00a0\u00a0\u00a0\u00a0\u00a0\u00a0\u00a0\u00a0P\u00e9riodiques Il giornale dell\u2019arte La Crusca The Art news paper \u00a0\u00a0\u00a0\u00a0\u00a0\u00a0\u00a0Revues\u00a0 Sipario Il Veltro Antiquaria Arte in Esperienze letterarie Nuova Antologia Annali geographysics Livre et revues d\u2019Italie Quaderni degli annali dell\u2019istruzione Film critica Ottagono Bell&rsquo;Italia Insaniyat Leggere [&hellip;]","protected":false},"author":4,"featured_media":0,"parent":91,"menu_order":0,"comment_status":"closed","ping_status":"closed","template":"","meta":{"footnotes":""},"class_list":["post-555","page","type-page","status-publish","hentry"],"_links":{"self":[{"href":"https:\/\/iicalgeri.esteri.it\/fr\/wp-json\/wp\/v2\/pages\/555","targetHints":{"allow":["GET"]}}],"collection":[{"href":"https:\/\/iicalgeri.esteri.it\/fr\/wp-json\/wp\/v2\/pages"}],"about":[{"href":"https:\/\/iicalgeri.esteri.it\/fr\/wp-json\/wp\/v2\/types\/page"}],"author":[{"embeddable":true,"href":"https:\/\/iicalgeri.esteri.it\/fr\/wp-json\/wp\/v2\/users\/4"}],"replies":[{"embeddable":true,"href":"https:\/\/iicalgeri.esteri.it\/fr\/wp-json\/wp\/v2\/comments?post=555"}],"version-history":[{"count":1,"href":"https:\/\/iicalgeri.esteri.it\/fr\/wp-json\/wp\/v2\/pages\/555\/revisions"}],"predecessor-version":[{"id":556,"href":"https:\/\/iicalgeri.esteri.it\/fr\/wp-json\/wp\/v2\/pages\/555\/revisions\/556"}],"up":[{"embeddable":true,"href":"https:\/\/iicalgeri.esteri.it\/fr\/wp-json\/wp\/v2\/pages\/91"}],"wp:attachment":[{"href":"https:\/\/iicalgeri.esteri.it\/fr\/wp-json\/wp\/v2\/media?parent=555"}],"curies":[{"name":"wp","href":"https:\/\/api.w.org\/{rel}","templated":true}]}}