{"id":531,"date":"2023-07-16T11:59:39","date_gmt":"2023-07-16T10:59:39","guid":{"rendered":"https:\/\/iicalgeri.esteri.it\/?page_id=531"},"modified":"2023-08-22T10:23:08","modified_gmt":"2023-08-22T09:23:08","slug":"liens","status":"publish","type":"page","link":"https:\/\/iicalgeri.esteri.it\/fr\/lingua-e-cultura\/biblioteca\/liens\/","title":{"rendered":"Liens"},"content":{"rendered":"<p>Malgr\u00e9 l\u2019importance de la diffusion d\u2019excellents moteurs de recherche, capables de satisfaire les exigences des utilisateurs, nous avons estim\u00e9 utile de proposer une liste raisonnable des principaux\u00a0<em>liens<\/em>\u00a0relatifs a:<\/p>\n<ul>\n<li><a href=\"https:\/\/iicalgeri.esteri.it\/iic_algeri\/fr\/la_biblioteca\/link\/italia\"><span class=\"titoloNotizia\">L&rsquo;Italie<\/span><\/a>\u00a0(culture, m\u00e9dias, \u00e9dition, langue, science, tourisme, institutions, informations g\u00e9n\u00e9rales)<\/li>\n<li><a href=\"https:\/\/iicalgeri.esteri.it\/iic_algeri\/fr\/la_biblioteca\/link\/italia_in_nome_paese\"><span class=\"titoloNotizia\">L&rsquo;Italie en Alg\u00e9rie<\/span><\/a>\u00a0(syst\u00e8me Italie, langue et culture)<\/li>\n<li><a href=\"https:\/\/iicalgeri.esteri.it\/iic_algeri\/fr\/la_biblioteca\/link\/il_nome_paese_in_italia\"><span class=\"titoloNotizia\">L&rsquo;Alg\u00e9rie en Italie<\/span><\/a>\u00a0(principales institutions)<\/li>\n<\/ul>\n","protected":false},"excerpt":{"rendered":"Malgr\u00e9 l\u2019importance de la diffusion d\u2019excellents moteurs de recherche, capables de satisfaire les exigences des utilisateurs, nous avons estim\u00e9 utile de proposer une liste raisonnable des principaux\u00a0liens\u00a0relatifs a: L&rsquo;Italie\u00a0(culture, m\u00e9dias, \u00e9dition, langue, science, tourisme, institutions, informations g\u00e9n\u00e9rales) L&rsquo;Italie en Alg\u00e9rie\u00a0(syst\u00e8me Italie, langue et culture) L&rsquo;Alg\u00e9rie en Italie\u00a0(principales institutions)","protected":false},"author":4,"featured_media":0,"parent":91,"menu_order":0,"comment_status":"closed","ping_status":"closed","template":"","meta":{"footnotes":""},"class_list":["post-531","page","type-page","status-publish","hentry"],"_links":{"self":[{"href":"https:\/\/iicalgeri.esteri.it\/fr\/wp-json\/wp\/v2\/pages\/531","targetHints":{"allow":["GET"]}}],"collection":[{"href":"https:\/\/iicalgeri.esteri.it\/fr\/wp-json\/wp\/v2\/pages"}],"about":[{"href":"https:\/\/iicalgeri.esteri.it\/fr\/wp-json\/wp\/v2\/types\/page"}],"author":[{"embeddable":true,"href":"https:\/\/iicalgeri.esteri.it\/fr\/wp-json\/wp\/v2\/users\/4"}],"replies":[{"embeddable":true,"href":"https:\/\/iicalgeri.esteri.it\/fr\/wp-json\/wp\/v2\/comments?post=531"}],"version-history":[{"count":1,"href":"https:\/\/iicalgeri.esteri.it\/fr\/wp-json\/wp\/v2\/pages\/531\/revisions"}],"predecessor-version":[{"id":532,"href":"https:\/\/iicalgeri.esteri.it\/fr\/wp-json\/wp\/v2\/pages\/531\/revisions\/532"}],"up":[{"embeddable":true,"href":"https:\/\/iicalgeri.esteri.it\/fr\/wp-json\/wp\/v2\/pages\/91"}],"wp:attachment":[{"href":"https:\/\/iicalgeri.esteri.it\/fr\/wp-json\/wp\/v2\/media?parent=531"}],"curies":[{"name":"wp","href":"https:\/\/api.w.org\/{rel}","templated":true}]}}