{"id":520,"date":"2023-07-17T10:23:41","date_gmt":"2023-07-17T09:23:41","guid":{"rendered":"https:\/\/iicalgeri.esteri.it\/?page_id=520"},"modified":"2023-08-22T09:34:12","modified_gmt":"2023-08-22T08:34:12","slug":"etudier-en-italie","status":"publish","type":"page","link":"https:\/\/iicalgeri.esteri.it\/fr\/chi-siamo\/contatti\/opportunites\/etudier-en-italie\/","title":{"rendered":"Etudier en Italie"},"content":{"rendered":"<p><strong>UNIVERSITE<\/strong><\/p>\n<p>Des informations d&rsquo;int\u00e9r\u00eat g\u00e9n\u00e9ral sur l&rsquo;organisation et sur le fonctionnement des universit\u00e9s italiennes se trouvent dans la rubrique du site du\u00a0<a href=\"http:\/\/www.miur.it\/0002Univer\/index_cf2.htm\" target=\"_blank\" rel=\"noopener\">Minist\u00e8re\u00a0de l\u2019Education de l\u2019Universit\u00e9 et de la Recherche<\/a>\u00a0(MIUR)<\/p>\n<p><span class=\"titoloRosso\">Quelles sont-elles et combien sont-elles?<\/span><\/p>\n<p>La liste compl\u00e8te des universit\u00e9s peut-\u00eatre\u00a0consult\u00e9e \u00e0 travers<\/p>\n<ul>\n<li><a href=\"http:\/\/cercauniversita.cineca.it\/index.php?module=strutture&amp;page=StructureSearchParams&amp;advanced_serch=1\" target=\"_blank\" rel=\"noopener\">Le moteur\u00a0de recherche du MIUR\u00a0<\/a><\/li>\n<li><a href=\"http:\/\/www3.unibo.it\/infostud-altreuni\/eurouni\/itauni\/italia.htm\" target=\"_blank\" rel=\"noopener\">Le plan th\u00e8matique\u00a0propos\u00e9 par Universit\u00e9 de\u00a0Bologne<\/a><\/li>\n<li><a href=\"http:\/\/www.crui.it\/\" target=\"_blank\" rel=\"noopener\">La page de la CRUI\u00a0<\/a>(Conference des Recteurs des Universit\u00e9s Italiennes)<\/li>\n<\/ul>\n<p><strong>Inscriptions des \u00e9tudiants \u00e9trangers<\/p>\n<p><\/strong>Les \u00e9tudiants \u00e9trangers int\u00e9ress\u00e9s \u00e0 poursuivre leur \u00e9tudes dans les universit\u00e9s italiennes peuvent trouver des informations utiles sur le nombre de places qui leur est r\u00e9serv\u00e9, \u00e0 travers\u00a0<a href=\"http:\/\/sito.cineca.it\/\" target=\"_blank\" rel=\"noopener\">le moteur\u00a0de recherche Cineca\u00a0<\/a>et dans\u00a0<a href=\"http:\/\/www.miur.it\/0002Univer\/0023Studen\/0059Studen\/0619docume\/4794Dispos_cf2.htm\" target=\"_blank\" rel=\"noopener\">une rubrique\u00a0appropri\u00e9e du site MIUR<\/a>.<\/p>\n<p><span class=\"titoloRosso\"><a href=\"https:\/\/iicalgeri.esteri.it\/iicmanager\/sedi_resource_iic\/2013\/03\/111567_f_iic51Avvisopreiscrizioneuniv20132015.doc\">Renseignements<\/a><\/span><\/p>\n<p><strong><span class=\"titoloRosso\">Formulaires:<\/span><\/strong><br \/>\n<a href=\"https:\/\/iicalgeri.esteri.it\/iicmanager\/sedi_resource_iic\/2011\/05\/81850_f_iic51Modello_A.pdf\">A italien<\/a>\u00a0<a href=\"https:\/\/iicalgeri.esteri.it\/iicmanager\/sedi_resource_iic\/2011\/05\/81851_f_iic51Form_Aenglish.pdf\">A\/form anglais<\/a><\/p>\n<p>Les r\u00e9sidences universitaires de la CCU constituent des solutions remarquablement plus comp\u00e9titives en termes de rapport qualit\u00e9 \/ prix et sont situ\u00e9s dans 14 villes italiennes.<\/p>\n<p>Dans le cadre de la CCU on pourra indiquer \u00e9galement l&rsquo;excellence des coll\u00e8ges de la Fondation RUI (<a href=\"http:\/\/www.fondazionerui.it\/\">www.fondazionerui.it\u00a0<\/a>) et CAMPLUS (<a href=\"http:\/\/www.camplus.it\/\">www.camplus.it<\/a><a href=\"http:\/\/www.camplus.it\/\">).<\/a><\/p>\n<p><a href=\"http:\/\/www.camplus.it\/\"><br \/>\n<\/a><strong>\u00ab L\u2019IIC et le M.A.E. n\u2019assument aucune responsabilit\u00e9 en cas d\u2019\u00e9ventuels dommages r\u00e9sultant du choix d\u2019une de ces r\u00e9sidences universitaires \u00bb.<\/strong><\/p>\n<p><strong>ECOLES<\/strong><\/p>\n<p>Des Informations g\u00e9n\u00e9rales sur le syst\u00e8me scolaire italien et des informations utiles on peut les trouver dans la section du site\u00a0<a href=\"http:\/\/www.miur.it\/\">Ministero dell&rsquo;Istruzione dell&rsquo;Universit\u00e0 e della Ricerca (MIUR)<\/a>.<\/p>\n<p>&nbsp;<\/p>\n<p><span class=\"titoloNotizia\">Quelles sont et combien sont-elles?<br \/>\n<\/span><br \/>\nLa liste compl\u00e8te des \u00e9coles peut \u00eatre consult\u00e9e avec les moteurs de recherche suivants:<\/p>\n<ul>\n<li><a href=\"http:\/\/archivio.pubblica.istruzione.it\/anagrafica_scuole\/statali.shtml\" target=\"_blank\" rel=\"noopener\">Ecoles Etatiques<\/a><\/li>\n<li><a href=\"http:\/\/archivio.pubblica.istruzione.it\/anagrafica_scuole\/nonstatali.shtml\" target=\"_blank\" rel=\"noopener\">Ecoles Non Etatiques<\/a><\/li>\n<\/ul>\n<p class=\"titoloNotizia\">\n<strong>HAUTE FORMATION ARTISTIQUE ET MUSICALE\u00a0<\/strong><\/p>\n<p>La\u00a0<a href=\"http:\/\/www.miur.it\/0004Alta_F\/0027Istitu\/index_cf4.htm\" target=\"_blank\" rel=\"noopener\">liste compl\u00e8te des \u00e9coles, des conservatoires et des Instituts de Haute Formation Artistique et Musicale<\/a><\/p>\n<p><span class=\"titoloNotizia\">DEVENIR ENSEIGNANT D&rsquo;ITALIEN &#8211; LANGUE ETRANGERE<\/span><\/p>\n<ul>\n<li><a href=\"http:\/\/venus.unive.it\/italslab\/index.php\" target=\"_blank\" rel=\"noopener\">Progetto ITALS\u00a0<\/a>&#8211; D\u00e9partement des Sciences du Language de l&rsquo;Universit\u00e9 Ca&rsquo; Foscari de Venise<\/li>\n<li><a href=\"http:\/\/ditals.com\/\" target=\"_blank\" rel=\"noopener\">DITALS<\/a>\u00a0&#8211; Certificat de capacit\u00e9 en didactique de l&rsquo;italien pour \u00e9trangers &#8211; Universit\u00e0 per Stranieri di Siena<\/li>\n<li><a href=\"http:\/\/www.unistrapg.it\/italiano\/didattica\/laurea_primo\/ilis\/\" target=\"_blank\" rel=\"noopener\">Licence d&rsquo;enseignement de la langue et de la culture italienne pour \u00e9trangers<\/a><a href=\"http:\/\/www.unistrapg.it\/laurea-insegnamento-della-lingua-e-della-cultura-italiana-stranieri-50999\">\u00a0&#8211;<\/a>\u00a0Universit\u00e0 per Stranieri di Perugia<\/li>\n<\/ul>\n","protected":false},"excerpt":{"rendered":"UNIVERSITE Des informations d&rsquo;int\u00e9r\u00eat g\u00e9n\u00e9ral sur l&rsquo;organisation et sur le fonctionnement des universit\u00e9s italiennes se trouvent dans la rubrique du site du\u00a0Minist\u00e8re\u00a0de l\u2019Education de l\u2019Universit\u00e9 et de la Recherche\u00a0(MIUR) Quelles sont-elles et combien sont-elles? La liste compl\u00e8te des universit\u00e9s peut-\u00eatre\u00a0consult\u00e9e \u00e0 travers Le moteur\u00a0de recherche du MIUR\u00a0 Le plan th\u00e8matique\u00a0propos\u00e9 par Universit\u00e9 de\u00a0Bologne La page [&hellip;]","protected":false},"author":4,"featured_media":0,"parent":495,"menu_order":0,"comment_status":"closed","ping_status":"closed","template":"","meta":{"footnotes":""},"class_list":["post-520","page","type-page","status-publish","hentry"],"_links":{"self":[{"href":"https:\/\/iicalgeri.esteri.it\/fr\/wp-json\/wp\/v2\/pages\/520","targetHints":{"allow":["GET"]}}],"collection":[{"href":"https:\/\/iicalgeri.esteri.it\/fr\/wp-json\/wp\/v2\/pages"}],"about":[{"href":"https:\/\/iicalgeri.esteri.it\/fr\/wp-json\/wp\/v2\/types\/page"}],"author":[{"embeddable":true,"href":"https:\/\/iicalgeri.esteri.it\/fr\/wp-json\/wp\/v2\/users\/4"}],"replies":[{"embeddable":true,"href":"https:\/\/iicalgeri.esteri.it\/fr\/wp-json\/wp\/v2\/comments?post=520"}],"version-history":[{"count":1,"href":"https:\/\/iicalgeri.esteri.it\/fr\/wp-json\/wp\/v2\/pages\/520\/revisions"}],"predecessor-version":[{"id":521,"href":"https:\/\/iicalgeri.esteri.it\/fr\/wp-json\/wp\/v2\/pages\/520\/revisions\/521"}],"up":[{"embeddable":true,"href":"https:\/\/iicalgeri.esteri.it\/fr\/wp-json\/wp\/v2\/pages\/495"}],"wp:attachment":[{"href":"https:\/\/iicalgeri.esteri.it\/fr\/wp-json\/wp\/v2\/media?parent=520"}],"curies":[{"name":"wp","href":"https:\/\/api.w.org\/{rel}","templated":true}]}}