{"id":515,"date":"2023-07-17T10:25:54","date_gmt":"2023-07-17T09:25:54","guid":{"rendered":"https:\/\/iicalgeri.esteri.it\/?page_id=515"},"modified":"2023-08-22T09:08:44","modified_gmt":"2023-08-22T08:08:44","slug":"lettre-aux-amis-algeriens","status":"publish","type":"page","link":"https:\/\/iicalgeri.esteri.it\/fr\/chi-siamo\/contatti\/opportunites\/lettre-aux-amis-algeriens\/","title":{"rendered":"LETTRE AUX AMIS ALGERIENS"},"content":{"rendered":"<p>Chers amis, \u00e9tudiants, enseignants, passionn\u00e9s de la culture italienne dans ce moment difficile de notre histoire, nous sommes confront\u00e9s \u00e0 une situation jamais connue auparavant et nous sommes appel\u00e9s \u00e0 r\u00e9organiser nos vies, du travail \u00e0 la vie sociale.<\/p>\n<p>L&rsquo;Ambassadeur d&rsquo;Italie \u00e0 Alger, S.E. Pasquale Ferrara, a longuement d\u00e9crit &#8211; dans la lettre de remerciement aux amis alg\u00e9riens parue sur El Watan le 16 mars u.s. &#8211; les mesures difficiles prises et les \u00e9nergies consid\u00e9rables mises en place par notre pays pour endiguer l&rsquo;urgence.<\/p>\n<p>En outre, il a soulign\u00e9 \u00e0 quel point c&rsquo;est le moment de soutenir nos projets communs et de renforcer la d\u00e9termination vers un avenir meilleur, plus riche en solidarit\u00e9 et en culture.<\/p>\n<p>Comme vous l&rsquo;avez d\u00e9j\u00e0 vu sur nos canaux de communication, les principales institutions culturelles italiennes se mobilisent pour proposer de multiples contenus en streaming \u00e0 ceux qui sont contraints de rester chez eux pour prot\u00e9ger la sant\u00e9 de chacun.<\/p>\n<p>Je voudrais souligner, parmi les nombreux exemples possibles, tels que l&rsquo;Auditorium Parc de la Musique de Rome, le Th\u00e9\u00e2tre Regio de Parma, le Th\u00e9\u00e2tre Massimo de Palerme ont annonc\u00e9 la diffusion d&rsquo;enregistrements de concerts sur leurs sites web. Ou encore comme certains des principaux mus\u00e9es italiens, y compris les \u00ab Uffizi \u00bb et les \u00ab Scuderie del Quirinale \u00bb, permettront aux utilisateurs d&rsquo;admirer leurs collections \u00e0 travers les r\u00e9seaux. Toujours en choisissant le meilleur, il est int\u00e9ressant de noter que Radio Tre Rai vous permettra d&rsquo;\u00e9couter la lecture de passages litt\u00e9raires et vous donnera des conseils de lecture constamment mis \u00e0 jour, tandis que la Cin\u00e9math\u00e8que de Milan s&rsquo;est d\u00e9j\u00e0 ouverte \u00e0 la visualisation gratuite, en ligne, de centaines de films.<\/p>\n<p>Malgr\u00e9 les difficult\u00e9s du moment, \u00ab la culture ne s&rsquo;arr\u00eate pas \u00bb, l&rsquo;Italie vitale et cr\u00e9ative r\u00e9siste \u00e0 l&rsquo;urgence en produisant et diffusant la culture en nous permettant d&rsquo;ouvrir des fen\u00eatres sur les nombreuses initiatives lanc\u00e9es dans notre pays pour les partager avec le public alg\u00e9rien que nous savons passionn\u00e9 et amoureux de la culture italienne.<\/p>\n<p>Malheureusement, la contagion ne s&rsquo;est pas arr\u00eat\u00e9e en Italie et affecte \u00e9galement d&rsquo;autres pays europ\u00e9ens et n&rsquo;\u00e9pargne pas l&rsquo;Afrique non plus. L&rsquo;Alg\u00e9rie a donc \u00e9galement adopt\u00e9 des mesures de confinement d\u00e9cisives, pour \u00e9viter que la situation ne se pr\u00e9cipite.<\/p>\n<p>Conform\u00e9ment \u00e0 ces dispositions, comme vous le savez, l&rsquo;Institut Culturel Italien d&rsquo;Alger a temporairement suspendu les cours en pr\u00e9sence et les \u00e9v\u00e9nements culturels. Cependant, tout notre personnel &#8211; travaillant pendant des jours selon des m\u00e9thodes du t\u00e9l\u00e9travail &#8211; restera \u00e0 votre disposition pour des informations sur les cours de langue en ligne et autres activit\u00e9s \u00e0 distance pour la promotion de la langue et de la culture italienne en Alg\u00e9rie.<\/p>\n<p>Nous vous invitons \u00e0 nous suivre sur tous nos canaux sociaux pour \u00eatre constamment mis \u00e0 jour. Ensemble, m\u00eame avec le pouvoir de la culture, du savoir, de la science, nous surmonterons ce moment tr\u00e8s difficile.<\/p>\n<p><strong>La Directrice<\/strong><\/p>\n<p><strong>Mme Antonia Grande<\/strong><\/p>\n","protected":false},"excerpt":{"rendered":"Chers amis, \u00e9tudiants, enseignants, passionn\u00e9s de la culture italienne dans ce moment difficile de notre histoire, nous sommes confront\u00e9s \u00e0 une situation jamais connue auparavant et nous sommes appel\u00e9s \u00e0 r\u00e9organiser nos vies, du travail \u00e0 la vie sociale. L&rsquo;Ambassadeur d&rsquo;Italie \u00e0 Alger, S.E. Pasquale Ferrara, a longuement d\u00e9crit &#8211; dans la lettre de remerciement [&hellip;]","protected":false},"author":4,"featured_media":0,"parent":495,"menu_order":0,"comment_status":"closed","ping_status":"closed","template":"","meta":{"footnotes":""},"class_list":["post-515","page","type-page","status-publish","hentry"],"_links":{"self":[{"href":"https:\/\/iicalgeri.esteri.it\/fr\/wp-json\/wp\/v2\/pages\/515","targetHints":{"allow":["GET"]}}],"collection":[{"href":"https:\/\/iicalgeri.esteri.it\/fr\/wp-json\/wp\/v2\/pages"}],"about":[{"href":"https:\/\/iicalgeri.esteri.it\/fr\/wp-json\/wp\/v2\/types\/page"}],"author":[{"embeddable":true,"href":"https:\/\/iicalgeri.esteri.it\/fr\/wp-json\/wp\/v2\/users\/4"}],"replies":[{"embeddable":true,"href":"https:\/\/iicalgeri.esteri.it\/fr\/wp-json\/wp\/v2\/comments?post=515"}],"version-history":[{"count":1,"href":"https:\/\/iicalgeri.esteri.it\/fr\/wp-json\/wp\/v2\/pages\/515\/revisions"}],"predecessor-version":[{"id":516,"href":"https:\/\/iicalgeri.esteri.it\/fr\/wp-json\/wp\/v2\/pages\/515\/revisions\/516"}],"up":[{"embeddable":true,"href":"https:\/\/iicalgeri.esteri.it\/fr\/wp-json\/wp\/v2\/pages\/495"}],"wp:attachment":[{"href":"https:\/\/iicalgeri.esteri.it\/fr\/wp-json\/wp\/v2\/media?parent=515"}],"curies":[{"name":"wp","href":"https:\/\/api.w.org\/{rel}","templated":true}]}}