{"id":513,"date":"2023-07-17T10:14:47","date_gmt":"2023-07-17T09:14:47","guid":{"rendered":"https:\/\/iicalgeri.esteri.it\/?page_id=513"},"modified":"2023-08-22T09:05:57","modified_gmt":"2023-08-22T08:05:57","slug":"prix-new-york","status":"publish","type":"page","link":"https:\/\/iicalgeri.esteri.it\/fr\/chi-siamo\/contatti\/opportunites\/prix-et-concours\/prix-new-york\/","title":{"rendered":"Prix New York"},"content":{"rendered":"<p>Le Minist\u00e8re des Affaires Etrang\u00e8res \u2013 Direzione Generale per la Promozione del Sistema Paese et l\u2019Italian Academy for Advanced Studies aupr\u00e8s de Columbia University \u00e0 New York ont \u00e9tabli le prix \u00ab\u00a0New York\u00a0\u00bb, un programme de bourses d&rsquo;\u00e9tudes r\u00e9serv\u00e9 aux jeunes artistes italiens \u00e9mergents, maintenant dans sa dixi\u00e8me \u00e9dition. Aux laur\u00e9ats du Prix New York est offerte la chance de passer une p\u00e9riode de quatre mois \u00e0 New York, \u00e0 l&rsquo;Italian Academy, co\u00efncidant avec les semestres acad\u00e9miques de la Columbia University, afin de d\u00e9velopper leurs talents cr\u00e9atifs en contact avec le milieu culturel et artistique de New York. Les artistes s\u00e9lectionn\u00e9s sont \u00e9galement tenus de participer aux initiatives culturelles et aux activit\u00e9s conjointes pr\u00e9vues par l&rsquo;Italian Academy, et d&rsquo;organiser une exposition personnelle. Les bourses d&rsquo;\u00e9tudes pr\u00e9voient les avantages suivants:<br \/>\n&#8211; ch\u00e8que mensuel pour les frais de s\u00e9jour<br \/>\n&#8211; logement et atelier<br \/>\n&#8211; billet d\u2019avion A\/R pour les Etats-Unis<br \/>\n&#8211; couverture d&rsquo;assurance pour frais m\u00e9dicaux, les accidents, les incidents;<br \/>\n&#8211; formalit\u00e9s relatives \u00e0 l&rsquo;octroi de visas pour la dur\u00e9e de la bourse.<\/p>\n<p>Conditions de participation<\/p>\n<p>Les candidats doivent :<\/p>\n<p>&#8211; \u00eatre des artistes op\u00e9rant dans le secteur sp\u00e9cifique des arts visuels<br \/>\n&#8211; \u00eatre citoyens italiens dont l\u2019\u00e2ge max ne d\u00e9passe les 40 ans<br \/>\n&#8211; avoir au moins une exposition personnelle \u00e0 leur actif<br \/>\n&#8211; avoir une bonne connaissance de la langue anglaise<\/p>\n<p>Pr\u00e9sentation de la candidature et proc\u00e9dures de s\u00e9lection:<br \/>\nPour plus d\u2019informations sur les modalit\u00e9s de pr\u00e9sentation de candidature et sur les proc\u00e9dures de s\u00e9lection, il est possible de consulter le texte int\u00e9gral du concours sur le site du Minist\u00e8re des Affaires Etrang\u00e8res<br \/>\n<a href=\"http:\/\/www.esteri.it\/MAE\/IT\/Ministero\/Servizi\/Italiani\/Opportunita\/Di_studio\">http:\/\/www.esteri.it\/MAE\/IT\/Ministero\/Servizi\/Italiani\/Opportunita\/Di_studio<\/a><\/p>\n<p>ou bien s\u2019adresser directement au Bureau IV de la Direzione Generale per la Promozione del Sistema Paese du Minist\u00e8re des Affaires Etrang\u00e8res &#8211; courrier \u00e9lectronique :\u00a0<a href=\"mailto:premionewyork@esteri.it\">premionewyork@esteri.it<\/a><\/p>\n<p>Pour t\u00e9l\u00e9charger le concours et le mod\u00e8le de la demande, tapez\u00a0<span class=\"titoloRosso\"><a href=\"https:\/\/iicalgeri.esteri.it\/iicmanager\/sedi_resource_iic\/2012\/05\/98988_f_iic5120120402_Bando2012_ita.pdf\">ici<\/a><\/span><\/p>\n","protected":false},"excerpt":{"rendered":"Le Minist\u00e8re des Affaires Etrang\u00e8res \u2013 Direzione Generale per la Promozione del Sistema Paese et l\u2019Italian Academy for Advanced Studies aupr\u00e8s de Columbia University \u00e0 New York ont \u00e9tabli le prix \u00ab\u00a0New York\u00a0\u00bb, un programme de bourses d&rsquo;\u00e9tudes r\u00e9serv\u00e9 aux jeunes artistes italiens \u00e9mergents, maintenant dans sa dixi\u00e8me \u00e9dition. Aux laur\u00e9ats du Prix New York [&hellip;]","protected":false},"author":4,"featured_media":0,"parent":518,"menu_order":0,"comment_status":"closed","ping_status":"closed","template":"","meta":{"footnotes":""},"class_list":["post-513","page","type-page","status-publish","hentry"],"_links":{"self":[{"href":"https:\/\/iicalgeri.esteri.it\/fr\/wp-json\/wp\/v2\/pages\/513","targetHints":{"allow":["GET"]}}],"collection":[{"href":"https:\/\/iicalgeri.esteri.it\/fr\/wp-json\/wp\/v2\/pages"}],"about":[{"href":"https:\/\/iicalgeri.esteri.it\/fr\/wp-json\/wp\/v2\/types\/page"}],"author":[{"embeddable":true,"href":"https:\/\/iicalgeri.esteri.it\/fr\/wp-json\/wp\/v2\/users\/4"}],"replies":[{"embeddable":true,"href":"https:\/\/iicalgeri.esteri.it\/fr\/wp-json\/wp\/v2\/comments?post=513"}],"version-history":[{"count":1,"href":"https:\/\/iicalgeri.esteri.it\/fr\/wp-json\/wp\/v2\/pages\/513\/revisions"}],"predecessor-version":[{"id":514,"href":"https:\/\/iicalgeri.esteri.it\/fr\/wp-json\/wp\/v2\/pages\/513\/revisions\/514"}],"up":[{"embeddable":true,"href":"https:\/\/iicalgeri.esteri.it\/fr\/wp-json\/wp\/v2\/pages\/518"}],"wp:attachment":[{"href":"https:\/\/iicalgeri.esteri.it\/fr\/wp-json\/wp\/v2\/media?parent=513"}],"curies":[{"name":"wp","href":"https:\/\/api.w.org\/{rel}","templated":true}]}}