{"id":503,"date":"2023-07-17T10:30:16","date_gmt":"2023-07-17T09:30:16","guid":{"rendered":"https:\/\/iicalgeri.esteri.it\/?page_id=503"},"modified":"2023-08-21T13:54:46","modified_gmt":"2023-08-21T12:54:46","slug":"circolare-mur","status":"publish","type":"page","link":"https:\/\/iicalgeri.esteri.it\/fr\/chi-siamo\/contatti\/opportunites\/circolare-mur\/","title":{"rendered":"Circolare MUR"},"content":{"rendered":"<p>\u00c0 partir du lundi 20 mars 2023, les \u00e9tudiants internationaux demandeurs de visa peuvent effectuer des pr\u00e9-inscriptions aupr\u00e8s des \u00e9tablissements d&rsquo;enseignement sup\u00e9rieur via le portail Universitaly\u00a0<a href=\"https:\/\/www.universitaly.it\/\">https:\/\/www.universitaly.it\/<\/a>.<\/p>\n<p>Pour tous ceux qui en auront besoin, Uni-Italia fournira \u00e9galement des conseils et une assistance pour les proc\u00e9dures de pr\u00e9-inscription sur Universitaly, \u00e0 travers l&rsquo;adresse \u00e9lectronique suivante:\u00a0<a href=\"mailto:info@uni-italia.it\">info@uni-italia.it<\/a>.<\/p>\n<p>Les demandes de visa doivent \u00eatre d\u00e9pos\u00e9es aupr\u00e8s des repr\u00e9sentations diplomatiques et consulaires comp\u00e9tentes au plus tard le 30 novembre 2023.<\/p>\n<p>La demande de pr\u00e9-inscription pour la d\u00e9livrance du visa pour les candidats aux cours d&rsquo;\u00e9tudes dans les institutions italiennes de formation sup\u00e9rieure doit \u00eatre soumise en utilisant le portail UNIVERSITALY.<\/p>\n","protected":false},"excerpt":{"rendered":"\u00c0 partir du lundi 20 mars 2023, les \u00e9tudiants internationaux demandeurs de visa peuvent effectuer des pr\u00e9-inscriptions aupr\u00e8s des \u00e9tablissements d&rsquo;enseignement sup\u00e9rieur via le portail Universitaly\u00a0https:\/\/www.universitaly.it\/. Pour tous ceux qui en auront besoin, Uni-Italia fournira \u00e9galement des conseils et une assistance pour les proc\u00e9dures de pr\u00e9-inscription sur Universitaly, \u00e0 travers l&rsquo;adresse \u00e9lectronique suivante:\u00a0info@uni-italia.it. Les demandes [&hellip;]","protected":false},"author":4,"featured_media":0,"parent":495,"menu_order":0,"comment_status":"closed","ping_status":"closed","template":"","meta":{"footnotes":""},"class_list":["post-503","page","type-page","status-publish","hentry"],"_links":{"self":[{"href":"https:\/\/iicalgeri.esteri.it\/fr\/wp-json\/wp\/v2\/pages\/503","targetHints":{"allow":["GET"]}}],"collection":[{"href":"https:\/\/iicalgeri.esteri.it\/fr\/wp-json\/wp\/v2\/pages"}],"about":[{"href":"https:\/\/iicalgeri.esteri.it\/fr\/wp-json\/wp\/v2\/types\/page"}],"author":[{"embeddable":true,"href":"https:\/\/iicalgeri.esteri.it\/fr\/wp-json\/wp\/v2\/users\/4"}],"replies":[{"embeddable":true,"href":"https:\/\/iicalgeri.esteri.it\/fr\/wp-json\/wp\/v2\/comments?post=503"}],"version-history":[{"count":1,"href":"https:\/\/iicalgeri.esteri.it\/fr\/wp-json\/wp\/v2\/pages\/503\/revisions"}],"predecessor-version":[{"id":504,"href":"https:\/\/iicalgeri.esteri.it\/fr\/wp-json\/wp\/v2\/pages\/503\/revisions\/504"}],"up":[{"embeddable":true,"href":"https:\/\/iicalgeri.esteri.it\/fr\/wp-json\/wp\/v2\/pages\/495"}],"wp:attachment":[{"href":"https:\/\/iicalgeri.esteri.it\/fr\/wp-json\/wp\/v2\/media?parent=503"}],"curies":[{"name":"wp","href":"https:\/\/api.w.org\/{rel}","templated":true}]}}