{"id":501,"date":"2023-07-16T16:48:38","date_gmt":"2023-07-16T15:48:38","guid":{"rendered":"https:\/\/iicalgeri.esteri.it\/?page_id=501"},"modified":"2023-08-21T13:51:29","modified_gmt":"2023-08-21T12:51:29","slug":"pour-algeriens-en-italie","status":"publish","type":"page","link":"https:\/\/iicalgeri.esteri.it\/fr\/chi-siamo\/la-sede\/espace-presse\/2017-2\/pour-algeriens-en-italie\/","title":{"rendered":"Pour Alg\u00e9riens en Italie"},"content":{"rendered":"<p><span class=\"titoloRosso\">Bourses d\u2019\u00e9tudes destin\u00e9es aux citoyens alg\u00e9riens<br \/>\n<\/span><br \/>\nPour les citoyens alg\u00e9riens qui souhaitent poursuivre des \u00e9tudes et\/ou effectuer des travaux de recherche en Italie dans des institutions publiques ou priv\u00e9es reconnues par l\u2019Etat, ci-dessous mentionn\u00e9es, le Minist\u00e8re des Affaires \u00e9trang\u00e8res italien met \u00e0 disposition\u00a0chaque ann\u00e9e des\u00a0mensualit\u00e9s \u00e0 r\u00e9partir entre les candidats s\u00e9lectionn\u00e9s.<\/p>\n<p>&#8211; Universit\u00e9s, Instituts universitaires et polytechniques<br \/>\n&#8211; Instituts de haute formation artistique et musicale<br \/>\n&#8211; Instituts de restauration<br \/>\n&#8211; Ecole nationale de cin\u00e9ma<br \/>\n&#8211; Coll\u00e8ge universitaires, centres ou laboratoires de recherche, biblioth\u00e8ques, archives et mus\u00e9es<\/p>\n<p><strong>Disciplines concern\u00e9es<\/strong>\u00a0: Toutes disciplines, sauf les sp\u00e9cialit\u00e9s m\u00e9dicales.<\/p>\n<p><strong>Age limite<\/strong>\u00a0: 35 ans<br \/>\n27 ans pour l\u2019Ecole nationale de cin\u00e9ma<br \/>\nLes enseignants d\u2019italien en poste ne sont pas concern\u00e9s pas la limite d\u2019\u00e2ge<\/p>\n<p><strong>Dur\u00e9e de la bourse<\/strong>\u00a0: 3, 6, 9 ou 12 mois, sauf pour les cours de langue et culture italienne qui peuvent \u00eatre de 1, 2 ou 3 mois<\/p>\n<p><strong>Langue requise<\/strong>\u00a0: Italien<\/p>\n<p><strong>Financement<\/strong>\u00a0: Le montant de la bourse est de 700 \u20ac mensuel<br \/>\nAssurance maladies et accidents comprise<br \/>\nLes frais de voyage, d\u2019h\u00e9bergement et de restauration sont \u00e0 la charge du boursier.<\/p>\n<p><strong>Pour plus d\u2019informations consulter le site internet du Minist\u00e8re des Affaires \u00e9trang\u00e8res italien<\/strong>\u00a0<a href=\"http:\/\/www.esteri.it\/MAE\/IT\/Ministero\/Servizi\/Stranieri\/Opportunita\" target=\"_blank\" rel=\"noopener\"><strong>&gt;&gt;&gt;<\/strong><\/a><\/p>\n","protected":false},"excerpt":{"rendered":"Bourses d\u2019\u00e9tudes destin\u00e9es aux citoyens alg\u00e9riens Pour les citoyens alg\u00e9riens qui souhaitent poursuivre des \u00e9tudes et\/ou effectuer des travaux de recherche en Italie dans des institutions publiques ou priv\u00e9es reconnues par l\u2019Etat, ci-dessous mentionn\u00e9es, le Minist\u00e8re des Affaires \u00e9trang\u00e8res italien met \u00e0 disposition\u00a0chaque ann\u00e9e des\u00a0mensualit\u00e9s \u00e0 r\u00e9partir entre les candidats s\u00e9lectionn\u00e9s. &#8211; Universit\u00e9s, Instituts universitaires [&hellip;]","protected":false},"author":4,"featured_media":0,"parent":479,"menu_order":0,"comment_status":"closed","ping_status":"closed","template":"","meta":{"footnotes":""},"class_list":["post-501","page","type-page","status-publish","hentry"],"_links":{"self":[{"href":"https:\/\/iicalgeri.esteri.it\/fr\/wp-json\/wp\/v2\/pages\/501","targetHints":{"allow":["GET"]}}],"collection":[{"href":"https:\/\/iicalgeri.esteri.it\/fr\/wp-json\/wp\/v2\/pages"}],"about":[{"href":"https:\/\/iicalgeri.esteri.it\/fr\/wp-json\/wp\/v2\/types\/page"}],"author":[{"embeddable":true,"href":"https:\/\/iicalgeri.esteri.it\/fr\/wp-json\/wp\/v2\/users\/4"}],"replies":[{"embeddable":true,"href":"https:\/\/iicalgeri.esteri.it\/fr\/wp-json\/wp\/v2\/comments?post=501"}],"version-history":[{"count":1,"href":"https:\/\/iicalgeri.esteri.it\/fr\/wp-json\/wp\/v2\/pages\/501\/revisions"}],"predecessor-version":[{"id":502,"href":"https:\/\/iicalgeri.esteri.it\/fr\/wp-json\/wp\/v2\/pages\/501\/revisions\/502"}],"up":[{"embeddable":true,"href":"https:\/\/iicalgeri.esteri.it\/fr\/wp-json\/wp\/v2\/pages\/479"}],"wp:attachment":[{"href":"https:\/\/iicalgeri.esteri.it\/fr\/wp-json\/wp\/v2\/media?parent=501"}],"curies":[{"name":"wp","href":"https:\/\/api.w.org\/{rel}","templated":true}]}}