{"id":495,"date":"2023-07-16T16:45:04","date_gmt":"2023-07-16T15:45:04","guid":{"rendered":"https:\/\/iicalgeri.esteri.it\/?page_id=495"},"modified":"2023-08-21T13:41:26","modified_gmt":"2023-08-21T12:41:26","slug":"opportunites","status":"publish","type":"page","link":"https:\/\/iicalgeri.esteri.it\/fr\/chi-siamo\/contatti\/opportunites\/","title":{"rendered":"Opportunit\u00e9s"},"content":{"rendered":"<p>L\u2019Institut Culturel Italien d\u2019Alger renseigne sur les opportunit\u00e9s de travail et d\u2019\u00e9tudes dans le domaine linguistique et culturel.<\/p>\n<p>Dans la rubrique Bourses d\u2019Etudes on trouve des informations g\u00e9n\u00e9rales sur les r\u00e8gles qui d\u00e9finissent l\u2019octroie des bourses aux citoyens \u00e9trangers. On distingue deux sections : les bourses offertes par l\u2019Italie aux alg\u00e9riens et les bourses offertes par l\u2019Alg\u00e9rie aux italiens.<\/p>\n<p>Dans la rubrique Emploi on trouve des opportunit\u00e9s de travail dans le secteur des Institutions du \u00ab Syst\u00e8me Italie \u00bb en Alg\u00e9rie, mais aussi dans le secteur priv\u00e9 dans le domaine de la langue et de la culture italienne.<\/p>\n<p>Une rubrique particuli\u00e8re, intitul\u00e9e Enseigner l\u2019italien, est destin\u00e9e \u00e0 ceux, nombreux, qui s\u2019adressent \u00e0 nous pour s\u2019avoir s\u2019ils peuvent enseigner notre langue en Alg\u00e9rie.<\/p>\n<p>Les informations sur les stages dans les Instituts Culturels Italiens et dans d\u2019autres repr\u00e9sentations diplomatiques sont disponibles dans la section Stages.<\/p>\n<p>La rubrique Coop\u00e9ration culturelle et scientifique reprend les \u00e9l\u00e9ments essentiels des accords bilat\u00e9raux entre l\u2019Italie et l\u2019Alg\u00e9rie en signalant les \u00e9ventuelles annonces.<\/p>\n<p>Dans la rubrique Prix et concours sont propos\u00e9s des liens des principaux prix nationaux et internationaux, r\u00e9gionaux, provinciaux et communaux offerts par l\u2019Italie aux citoyens \u00e9trangers et italiens.<\/p>\n<p>La rubrique S\u00e9minaires et colloques propose des informations sur les principaux colloques et cours internationaux qui se d\u00e9roulent en Italie.<\/p>\n","protected":false},"excerpt":{"rendered":"L\u2019Institut Culturel Italien d\u2019Alger renseigne sur les opportunit\u00e9s de travail et d\u2019\u00e9tudes dans le domaine linguistique et culturel. Dans la rubrique Bourses d\u2019Etudes on trouve des informations g\u00e9n\u00e9rales sur les r\u00e8gles qui d\u00e9finissent l\u2019octroie des bourses aux citoyens \u00e9trangers. On distingue deux sections : les bourses offertes par l\u2019Italie aux alg\u00e9riens et les bourses offertes [&hellip;]","protected":false},"author":4,"featured_media":0,"parent":84,"menu_order":0,"comment_status":"closed","ping_status":"closed","template":"","meta":{"footnotes":""},"class_list":["post-495","page","type-page","status-publish","hentry"],"_links":{"self":[{"href":"https:\/\/iicalgeri.esteri.it\/fr\/wp-json\/wp\/v2\/pages\/495","targetHints":{"allow":["GET"]}}],"collection":[{"href":"https:\/\/iicalgeri.esteri.it\/fr\/wp-json\/wp\/v2\/pages"}],"about":[{"href":"https:\/\/iicalgeri.esteri.it\/fr\/wp-json\/wp\/v2\/types\/page"}],"author":[{"embeddable":true,"href":"https:\/\/iicalgeri.esteri.it\/fr\/wp-json\/wp\/v2\/users\/4"}],"replies":[{"embeddable":true,"href":"https:\/\/iicalgeri.esteri.it\/fr\/wp-json\/wp\/v2\/comments?post=495"}],"version-history":[{"count":1,"href":"https:\/\/iicalgeri.esteri.it\/fr\/wp-json\/wp\/v2\/pages\/495\/revisions"}],"predecessor-version":[{"id":496,"href":"https:\/\/iicalgeri.esteri.it\/fr\/wp-json\/wp\/v2\/pages\/495\/revisions\/496"}],"up":[{"embeddable":true,"href":"https:\/\/iicalgeri.esteri.it\/fr\/wp-json\/wp\/v2\/pages\/84"}],"wp:attachment":[{"href":"https:\/\/iicalgeri.esteri.it\/fr\/wp-json\/wp\/v2\/media?parent=495"}],"curies":[{"name":"wp","href":"https:\/\/api.w.org\/{rel}","templated":true}]}}