{"id":475,"date":"2023-07-13T10:57:30","date_gmt":"2023-07-13T09:57:30","guid":{"rendered":"https:\/\/iicalgeri.esteri.it\/?page_id=475"},"modified":"2023-07-17T13:25:10","modified_gmt":"2023-07-17T12:25:10","slug":"c2","status":"publish","type":"page","link":"https:\/\/iicalgeri.esteri.it\/fr\/lingua-e-cultura\/i-corsi-di-lingua\/programme-des-cours\/c2\/","title":{"rendered":"C2"},"content":{"rendered":"<p class=\"titoloRosso\"><strong>Cours bimensuel et trimestriel<\/strong><\/p>\n<p><strong>Informations g\u00e9n\u00e9rales<\/strong><\/p>\n<p><strong>Dur\u00e9e du cours<\/strong>: 60h<br \/>\n<strong>Dur\u00e9e de la le\u00e7on<\/strong>: 6h00 deux fois par semaine\/ 4h00 une ou deux fois par semaine<\/p>\n<p><strong>Inscriptions<\/strong><\/p>\n<p><strong>P\u00e9riode d&rsquo;inscriptions:<\/strong>\u00a0du 1 au 30 septembre 2022<br \/>\n<strong>Condition d&rsquo;inscription:<\/strong>\u00a0aucune<\/p>\n<p><strong>Tarif<\/strong>\u00a0: 20.000 DA<\/p>\n<p><strong>Tarif \u00e9tudiants :<\/strong>\u00a018.000 DA<\/p>\n<p><strong>Payement<\/strong>: en esp\u00e8ces ou versement bancaire<\/p>\n<p><strong>Manuels didactiques<\/strong><\/p>\n<p><strong>Manuel<\/strong>: Progetto Italiano 3 &#8211; Corso multimediale di lingua e civilt\u00e0 italiana &#8211; Libro dello studente + quaderno degli esercizi e delle attivit\u00e0 video<br \/>\n<strong>Prix<\/strong>: compris dans les frais d&rsquo;inscription<\/p>\n<p><strong>Nombre d&rsquo;\u00e9l\u00e8ves:<\/strong>\u00a0min. 6 max. 12<\/p>\n<p><strong>Programme<\/strong><\/p>\n<p class=\"titoloNotizia\">Au terme du cours C2, vous aurez acquis un grade de comp\u00e9tence linguistico-communicative avanc\u00e9 : vous pourrez interagir dans des situations communicatives m\u00eame de type formel, vous pourreze vous exprimer de fa\u00e7on spontan\u00e9e et claire, comprendre et produire des textes compliqu\u00e9s, comme par exemple des textes litt\u00e9raires.<\/p>\n<p><strong>Plus particuli\u00e8rement :<\/strong>\u00a0Lors du cours seront d\u00e9velopp\u00e9es les activit\u00e9s propos\u00e9es dans les unit\u00e9s 17-32 du manuel et compl\u00e9t\u00e9es par d\u2019autres supports en fonction de la consolidation des comp\u00e9tences d\u00e9j\u00e0 acquises et de la progression des comp\u00e9tences pragmatique et culturelle.<\/p>\n","protected":false},"excerpt":{"rendered":"Cours bimensuel et trimestriel Informations g\u00e9n\u00e9rales Dur\u00e9e du cours: 60h Dur\u00e9e de la le\u00e7on: 6h00 deux fois par semaine\/ 4h00 une ou deux fois par semaine Inscriptions P\u00e9riode d&rsquo;inscriptions:\u00a0du 1 au 30 septembre 2022 Condition d&rsquo;inscription:\u00a0aucune Tarif\u00a0: 20.000 DA Tarif \u00e9tudiants :\u00a018.000 DA Payement: en esp\u00e8ces ou versement bancaire Manuels didactiques Manuel: Progetto Italiano 3 [&hellip;]","protected":false},"author":4,"featured_media":0,"parent":439,"menu_order":0,"comment_status":"closed","ping_status":"closed","template":"","meta":{"footnotes":""},"class_list":["post-475","page","type-page","status-publish","hentry"],"_links":{"self":[{"href":"https:\/\/iicalgeri.esteri.it\/fr\/wp-json\/wp\/v2\/pages\/475","targetHints":{"allow":["GET"]}}],"collection":[{"href":"https:\/\/iicalgeri.esteri.it\/fr\/wp-json\/wp\/v2\/pages"}],"about":[{"href":"https:\/\/iicalgeri.esteri.it\/fr\/wp-json\/wp\/v2\/types\/page"}],"author":[{"embeddable":true,"href":"https:\/\/iicalgeri.esteri.it\/fr\/wp-json\/wp\/v2\/users\/4"}],"replies":[{"embeddable":true,"href":"https:\/\/iicalgeri.esteri.it\/fr\/wp-json\/wp\/v2\/comments?post=475"}],"version-history":[{"count":1,"href":"https:\/\/iicalgeri.esteri.it\/fr\/wp-json\/wp\/v2\/pages\/475\/revisions"}],"predecessor-version":[{"id":476,"href":"https:\/\/iicalgeri.esteri.it\/fr\/wp-json\/wp\/v2\/pages\/475\/revisions\/476"}],"up":[{"embeddable":true,"href":"https:\/\/iicalgeri.esteri.it\/fr\/wp-json\/wp\/v2\/pages\/439"}],"wp:attachment":[{"href":"https:\/\/iicalgeri.esteri.it\/fr\/wp-json\/wp\/v2\/media?parent=475"}],"curies":[{"name":"wp","href":"https:\/\/api.w.org\/{rel}","templated":true}]}}