{"id":473,"date":"2023-07-13T10:54:57","date_gmt":"2023-07-13T09:54:57","guid":{"rendered":"https:\/\/iicalgeri.esteri.it\/?page_id=473"},"modified":"2023-07-17T13:23:54","modified_gmt":"2023-07-17T12:23:54","slug":"c1","status":"publish","type":"page","link":"https:\/\/iicalgeri.esteri.it\/fr\/lingua-e-cultura\/i-corsi-di-lingua\/programme-des-cours\/c1\/","title":{"rendered":"C1"},"content":{"rendered":"<p class=\"titoloRosso\"><strong>Cours bimensuel et trimestriel<\/strong><\/p>\n<p><strong>Informations g\u00e9n\u00e9rales<\/strong><\/p>\n<p><strong>Dur\u00e9e du cours:<\/strong>\u00a060h<br \/>\n<strong>Dur\u00e9e de la le\u00e7on:<\/strong>\u00a06h00 deux fois par semaine\/ 4h00 une ou deux fois par semaine<\/p>\n<p><strong>Inscriptions<\/strong><\/p>\n<p><strong>P\u00e9riode d&rsquo;inscriptions:<\/strong>\u00a0du 1 au 30 septembre 2022<br \/>\n<strong>Condition d&rsquo;inscription:<\/strong>\u00a0aucune<\/p>\n<p><strong>Tarif :<\/strong>\u00a020.000 DA<\/p>\n<p><strong>Tarif \u00e9tudiants :<\/strong>\u00a018.000 DA<\/p>\n<p><strong>Payement:<\/strong>\u00a0en esp\u00e8ces ou versement bancaire<\/p>\n<p><strong>Manuels didactiques<\/strong><\/p>\n<p><strong>Manuel<\/strong>: Progetto Italiano 3 &#8211; Corso multimediale di lingua e civilt\u00e0 italiana &#8211; Libro dello studente + quaderno degli esercizi e delle attivit\u00e0 video<br \/>\n<strong>Prix:<\/strong>\u00a0compris dans les frais d&rsquo;inscription<\/p>\n<p><strong>Nombre d&rsquo;\u00e9l\u00e8ves:<\/strong>\u00a0min. 6 max. 12<\/p>\n<p><strong>Programme<\/strong><\/p>\n<p class=\"titoloNotizia\">Vos comp\u00e9tences linguistiques seront \u00e9largies et affin\u00e9es au niveai C1. Au terme du cours vous serez capable de vous int\u00e9grer avec une certaine d\u00e9sinvolture dans des environnements italophones, en expliquant des points de vues et des opinions et en g\u00e9rant une large vari\u00e9t\u00e9 de situations, toujours typiques de la vie quotidienne. Vous pourrez utiliser l\u2019italien m\u00eame dans un contexte de formation et de travail et vous serez capable de comprendre et de produire des textes articul\u00e9s.<\/p>\n<p><strong>Plus particuli\u00e8rement :<\/strong>\u00a0lors du cours seront d\u00e9velopp\u00e9es les activit\u00e9s propos\u00e9es dans les unit\u00e9s 1-16 du manuel et compl\u00e9t\u00e9es par d\u2019autres supports en fonction de la consolidation des comp\u00e9tences d\u00e9j\u00e0 acquises et de la progression des comp\u00e9tences pragmatique et culturelle.<\/p>\n","protected":false},"excerpt":{"rendered":"Cours bimensuel et trimestriel Informations g\u00e9n\u00e9rales Dur\u00e9e du cours:\u00a060h Dur\u00e9e de la le\u00e7on:\u00a06h00 deux fois par semaine\/ 4h00 une ou deux fois par semaine Inscriptions P\u00e9riode d&rsquo;inscriptions:\u00a0du 1 au 30 septembre 2022 Condition d&rsquo;inscription:\u00a0aucune Tarif :\u00a020.000 DA Tarif \u00e9tudiants :\u00a018.000 DA Payement:\u00a0en esp\u00e8ces ou versement bancaire Manuels didactiques Manuel: Progetto Italiano 3 &#8211; Corso multimediale [&hellip;]","protected":false},"author":4,"featured_media":0,"parent":439,"menu_order":0,"comment_status":"closed","ping_status":"closed","template":"","meta":{"footnotes":""},"class_list":["post-473","page","type-page","status-publish","hentry"],"_links":{"self":[{"href":"https:\/\/iicalgeri.esteri.it\/fr\/wp-json\/wp\/v2\/pages\/473","targetHints":{"allow":["GET"]}}],"collection":[{"href":"https:\/\/iicalgeri.esteri.it\/fr\/wp-json\/wp\/v2\/pages"}],"about":[{"href":"https:\/\/iicalgeri.esteri.it\/fr\/wp-json\/wp\/v2\/types\/page"}],"author":[{"embeddable":true,"href":"https:\/\/iicalgeri.esteri.it\/fr\/wp-json\/wp\/v2\/users\/4"}],"replies":[{"embeddable":true,"href":"https:\/\/iicalgeri.esteri.it\/fr\/wp-json\/wp\/v2\/comments?post=473"}],"version-history":[{"count":1,"href":"https:\/\/iicalgeri.esteri.it\/fr\/wp-json\/wp\/v2\/pages\/473\/revisions"}],"predecessor-version":[{"id":474,"href":"https:\/\/iicalgeri.esteri.it\/fr\/wp-json\/wp\/v2\/pages\/473\/revisions\/474"}],"up":[{"embeddable":true,"href":"https:\/\/iicalgeri.esteri.it\/fr\/wp-json\/wp\/v2\/pages\/439"}],"wp:attachment":[{"href":"https:\/\/iicalgeri.esteri.it\/fr\/wp-json\/wp\/v2\/media?parent=473"}],"curies":[{"name":"wp","href":"https:\/\/api.w.org\/{rel}","templated":true}]}}