{"id":466,"date":"2023-07-13T10:48:43","date_gmt":"2023-07-13T09:48:43","guid":{"rendered":"https:\/\/iicalgeri.esteri.it\/?page_id=466"},"modified":"2023-07-17T13:17:05","modified_gmt":"2023-07-17T12:17:05","slug":"b2-2","status":"publish","type":"page","link":"https:\/\/iicalgeri.esteri.it\/fr\/lingua-e-cultura\/i-corsi-di-lingua\/programme-des-cours\/b2-2\/","title":{"rendered":"B2-2"},"content":{"rendered":"<p><strong>Cours bimensuel et trimestriel<\/strong><\/p>\n<p><strong>Informations g\u00e9n\u00e9rales<\/strong><\/p>\n<p><strong>Dur\u00e9e du cours:<\/strong>\u00a050h<br \/>\n<strong>Dur\u00e9e de la le\u00e7on:<\/strong>\u00a06h00 deux fois par semaine\/ 4h00 une ou deux fois par semaine<\/p>\n<p><strong>Inscriptions<\/strong><\/p>\n<p><strong>P\u00e9riode d&rsquo;inscriptions:<\/strong>\u00a0du 1 au 30 septembre 2022<br \/>\n<strong>Condition d&rsquo;inscription:<\/strong>\u00a0aucune<\/p>\n<p><strong>Tarif<\/strong>\u00a0: 20.000 DA<\/p>\n<p><strong>Tarif \u00e9tudiants<\/strong>\u00a0: 18.000 DA<\/p>\n<p><strong>Payement<\/strong>: en esp\u00e8ces ou versement bancaire<\/p>\n<p><strong>Manuels didactiques<\/strong><\/p>\n<p><strong>Manuel<\/strong>: Progetto Italiano 2 &#8211; Corso multimediale di lingua e civilt\u00e0 italiana &#8211; Libro dello studente + quaderno degli esercizi e delle attivit\u00e0 video<br \/>\n<strong>Prix<\/strong>: compris dans les frais d&rsquo;inscription<\/p>\n<p><strong>Nombre d&rsquo;\u00e9l\u00e8ves:<\/strong>\u00a0min. 6 max. 12<\/p>\n<p><strong>Programme<\/strong><\/p>\n<p>Au terme du cours B2, vous aurez acquis un certain degr\u00e9 d\u2019autonomie dans l\u2019utilisation de la langue : vous serez capable d\u2019interagir dans un contexte italophone o\u00f9 vous pourrez vous retrouver entant que touriste et utiliser l\u2019italien pour exprimer vos opinions et donner des explications de fa\u00e7on \u00e9l\u00e9mentaire sur des arguments de la vie quotidienne.<\/p>\n<p><strong>Plus particuli\u00e8rement<\/strong>\u00a0: lors du cours seront abord\u00e9s les fonctions, les habilit\u00e9s linguistiques, les structures grammaticales et le lexiques qui propos\u00e9s dans les unit\u00e9s 10-11 du manuel et compl\u00e9t\u00e9s par d\u2019autres supports en fonction du progression de la comp\u00e9tence culturelle.<\/p>\n","protected":false},"excerpt":{"rendered":"Cours bimensuel et trimestriel Informations g\u00e9n\u00e9rales Dur\u00e9e du cours:\u00a050h Dur\u00e9e de la le\u00e7on:\u00a06h00 deux fois par semaine\/ 4h00 une ou deux fois par semaine Inscriptions P\u00e9riode d&rsquo;inscriptions:\u00a0du 1 au 30 septembre 2022 Condition d&rsquo;inscription:\u00a0aucune Tarif\u00a0: 20.000 DA Tarif \u00e9tudiants\u00a0: 18.000 DA Payement: en esp\u00e8ces ou versement bancaire Manuels didactiques Manuel: Progetto Italiano 2 &#8211; Corso [&hellip;]","protected":false},"author":4,"featured_media":0,"parent":439,"menu_order":0,"comment_status":"closed","ping_status":"closed","template":"","meta":{"footnotes":""},"class_list":["post-466","page","type-page","status-publish","hentry"],"_links":{"self":[{"href":"https:\/\/iicalgeri.esteri.it\/fr\/wp-json\/wp\/v2\/pages\/466","targetHints":{"allow":["GET"]}}],"collection":[{"href":"https:\/\/iicalgeri.esteri.it\/fr\/wp-json\/wp\/v2\/pages"}],"about":[{"href":"https:\/\/iicalgeri.esteri.it\/fr\/wp-json\/wp\/v2\/types\/page"}],"author":[{"embeddable":true,"href":"https:\/\/iicalgeri.esteri.it\/fr\/wp-json\/wp\/v2\/users\/4"}],"replies":[{"embeddable":true,"href":"https:\/\/iicalgeri.esteri.it\/fr\/wp-json\/wp\/v2\/comments?post=466"}],"version-history":[{"count":1,"href":"https:\/\/iicalgeri.esteri.it\/fr\/wp-json\/wp\/v2\/pages\/466\/revisions"}],"predecessor-version":[{"id":467,"href":"https:\/\/iicalgeri.esteri.it\/fr\/wp-json\/wp\/v2\/pages\/466\/revisions\/467"}],"up":[{"embeddable":true,"href":"https:\/\/iicalgeri.esteri.it\/fr\/wp-json\/wp\/v2\/pages\/439"}],"wp:attachment":[{"href":"https:\/\/iicalgeri.esteri.it\/fr\/wp-json\/wp\/v2\/media?parent=466"}],"curies":[{"name":"wp","href":"https:\/\/api.w.org\/{rel}","templated":true}]}}