{"id":459,"date":"2023-07-13T10:34:38","date_gmt":"2023-07-13T09:34:38","guid":{"rendered":"https:\/\/iicalgeri.esteri.it\/?page_id=459"},"modified":"2023-07-17T12:21:47","modified_gmt":"2023-07-17T11:21:47","slug":"b1-1","status":"publish","type":"page","link":"https:\/\/iicalgeri.esteri.it\/fr\/lingua-e-cultura\/i-corsi-di-lingua\/programme-des-cours\/b1-1\/","title":{"rendered":"B1-1"},"content":{"rendered":"<p class=\"titoloRosso\"><strong>Cours bimensuel et trimestriel<\/strong><\/p>\n<p><strong>Informations g\u00e9n\u00e9rales<\/strong><\/p>\n<p><strong>Dur\u00e9e du cours:<\/strong>\u00a050h<br \/>\n<strong>Dur\u00e9e de la le\u00e7on:<\/strong>\u00a06h00 deux fois par semaine\/ 4h00 une ou deux fois par semaine<\/p>\n<p><strong>Inscriptions<\/strong><\/p>\n<p><strong>P\u00e9riode d&rsquo;inscriptions:<\/strong>\u00a0du 1 au 30 septembre 2022<br \/>\n<strong>Condition d&rsquo;inscription:<\/strong>\u00a0aucune<\/p>\n<p><strong>Tarif :<\/strong>\u00a020.000 DA<\/p>\n<p><strong>Tarif \u00e9tudiants :<\/strong>\u00a018.000 DA<\/p>\n<p><strong>Payement:<\/strong>\u00a0en esp\u00e8ces ou versement bancaire<\/p>\n<p><strong>Manuels didactiques<\/strong><\/p>\n<p><strong>Manuel:<\/strong>\u00a0Progetto Italiano 2 &#8211; Corso multimediale di lingua e civilt\u00e0 italiana &#8211; Libro dello studente + quaderno degli esercizi e delle attivit\u00e0 video<br \/>\n<strong>Prix:<\/strong>\u00a0compris dans les frais d&rsquo;inscription<\/p>\n<p><strong>Nombre d&rsquo;\u00e9l\u00e8ves:<\/strong>\u00a0min. 6 max. 12<\/p>\n<p class=\"titoloCategoria\"><strong>Programme<\/strong><\/p>\n<p class=\"titoloNotizia\">Pour acc\u00e9der \u00e0 ce niveau B1, vous devez avoir des comp\u00e9tences linguistiques se rapportant \u00e0 celles propos\u00e9es dans le programme du 2\u00e8me niveau. Au terme de ce cours vous serez capable d\u2019interagir dans un contexte italophone o\u00f9 vous pourrez vous retrouver entant que touriste, vous pourrez, de fa\u00e7on \u00e9l\u00e9mentaire, exprimer vos opinions et donner des explications.\n<\/p>\n<p><strong>L<\/strong>ors du cours on pr\u00e9sentera les fonctions, les habilit\u00e9s linguistiques, les structures grammaticales et le lexiques qui propos\u00e9s dans les unit\u00e9s 1-2-3 du manuel<\/p>\n","protected":false},"excerpt":{"rendered":"Cours bimensuel et trimestriel Informations g\u00e9n\u00e9rales Dur\u00e9e du cours:\u00a050h Dur\u00e9e de la le\u00e7on:\u00a06h00 deux fois par semaine\/ 4h00 une ou deux fois par semaine Inscriptions P\u00e9riode d&rsquo;inscriptions:\u00a0du 1 au 30 septembre 2022 Condition d&rsquo;inscription:\u00a0aucune Tarif :\u00a020.000 DA Tarif \u00e9tudiants :\u00a018.000 DA Payement:\u00a0en esp\u00e8ces ou versement bancaire Manuels didactiques Manuel:\u00a0Progetto Italiano 2 &#8211; Corso multimediale di [&hellip;]","protected":false},"author":4,"featured_media":0,"parent":439,"menu_order":0,"comment_status":"closed","ping_status":"closed","template":"","meta":{"footnotes":""},"class_list":["post-459","page","type-page","status-publish","hentry"],"_links":{"self":[{"href":"https:\/\/iicalgeri.esteri.it\/fr\/wp-json\/wp\/v2\/pages\/459","targetHints":{"allow":["GET"]}}],"collection":[{"href":"https:\/\/iicalgeri.esteri.it\/fr\/wp-json\/wp\/v2\/pages"}],"about":[{"href":"https:\/\/iicalgeri.esteri.it\/fr\/wp-json\/wp\/v2\/types\/page"}],"author":[{"embeddable":true,"href":"https:\/\/iicalgeri.esteri.it\/fr\/wp-json\/wp\/v2\/users\/4"}],"replies":[{"embeddable":true,"href":"https:\/\/iicalgeri.esteri.it\/fr\/wp-json\/wp\/v2\/comments?post=459"}],"version-history":[{"count":1,"href":"https:\/\/iicalgeri.esteri.it\/fr\/wp-json\/wp\/v2\/pages\/459\/revisions"}],"predecessor-version":[{"id":460,"href":"https:\/\/iicalgeri.esteri.it\/fr\/wp-json\/wp\/v2\/pages\/459\/revisions\/460"}],"up":[{"embeddable":true,"href":"https:\/\/iicalgeri.esteri.it\/fr\/wp-json\/wp\/v2\/pages\/439"}],"wp:attachment":[{"href":"https:\/\/iicalgeri.esteri.it\/fr\/wp-json\/wp\/v2\/media?parent=459"}],"curies":[{"name":"wp","href":"https:\/\/api.w.org\/{rel}","templated":true}]}}