{"id":455,"date":"2023-07-13T10:28:30","date_gmt":"2023-07-13T09:28:30","guid":{"rendered":"https:\/\/iicalgeri.esteri.it\/?page_id=455"},"modified":"2023-07-17T11:49:26","modified_gmt":"2023-07-17T10:49:26","slug":"a2-1","status":"publish","type":"page","link":"https:\/\/iicalgeri.esteri.it\/fr\/lingua-e-cultura\/i-corsi-di-lingua\/programme-des-cours\/a2-1\/","title":{"rendered":"A2-1"},"content":{"rendered":"<p class=\"titoloRosso\"><strong>Cours bimensuel et trimestriel<\/strong><\/p>\n<p><strong>Informations g\u00e9n\u00e9rales<\/strong><\/p>\n<p><strong>Dur\u00e9e du cours:<\/strong>\u00a050h<br \/>\n<strong>Dur\u00e9e de la le\u00e7on:<\/strong>\u00a06h00 deux fois par semaine\/ 4h00 une ou deux fois par semaine<\/p>\n<p><strong>Inscriptions<\/strong><\/p>\n<p><strong>P\u00e9riode d&rsquo;inscriptions:<\/strong>\u00a0du 1 au 30 septembre 2022<br \/>\n<strong>Condition d&rsquo;inscription:<\/strong>\u00a0aucune<\/p>\n<p><strong>Tarif<\/strong>\u00a0: 18.000 DA<\/p>\n<p><strong>Tarif \u00e9tudiants<\/strong>\u00a0: 16.000 DA<\/p>\n<p><strong>Payement<\/strong>: en esp\u00e8ces ou versement bancaire<\/p>\n<p><strong>Manuels didactiques<\/strong><\/p>\n<p><strong>Manuel<\/strong>: Nuovissimo Progetto Italiano 1b<br \/>\n<strong>Prix<\/strong>: compris dans les frais d&rsquo;inscription<\/p>\n<p><strong>Nombre d&rsquo;\u00e9l\u00e8ves:<\/strong>\u00a0min. 6 max. 12<\/p>\n<p class=\"titoloCategoria\"><strong>Programme<\/strong><\/p>\n<p class=\"titoloNotizia\">Pour acc\u00e9der \u00e0 ce niveau A2, vous devez avoir des comp\u00e9tences linguistiques se rapportant \u00e0 celles propos\u00e9es dans le programme du 1er niveau. Durant ce cours, vous commencerez \u00e0 acqu\u00e9rir une certaine autonomie dans l\u2019usage de la langue, vous augmenterez vos connaissances des structures linguistiques et lexicales apprises, vous apprendrez \u00e0 vous exprimer sur vos projets et vos d\u00e9sirs et \u00e0 raconter vos exp\u00e9riences. Au terme du cours vous arriverez \u00e0 comprendre des textes simples se r\u00e9f\u00e9rant \u00e0 la vie quotidienne et vous serez en mesure de r\u00e9diger de petits textes\u00a0comme une lettre pour un ami italien.<\/p>\n<p><span class=\"titoloNotizia\">Plus particuli\u00e8rement:<\/span>\u00a0le cours pr\u00e9sentera les fonctions, les habilit\u00e9s linguistiques, les structures grammaticales et le lexique propos\u00e9s dans les unit\u00e9s 6-7-8 du manuel.<\/p>\n","protected":false},"excerpt":{"rendered":"Cours bimensuel et trimestriel Informations g\u00e9n\u00e9rales Dur\u00e9e du cours:\u00a050h Dur\u00e9e de la le\u00e7on:\u00a06h00 deux fois par semaine\/ 4h00 une ou deux fois par semaine Inscriptions P\u00e9riode d&rsquo;inscriptions:\u00a0du 1 au 30 septembre 2022 Condition d&rsquo;inscription:\u00a0aucune Tarif\u00a0: 18.000 DA Tarif \u00e9tudiants\u00a0: 16.000 DA Payement: en esp\u00e8ces ou versement bancaire Manuels didactiques Manuel: Nuovissimo Progetto Italiano 1b Prix: [&hellip;]","protected":false},"author":4,"featured_media":0,"parent":439,"menu_order":0,"comment_status":"closed","ping_status":"closed","template":"","meta":{"footnotes":""},"class_list":["post-455","page","type-page","status-publish","hentry"],"_links":{"self":[{"href":"https:\/\/iicalgeri.esteri.it\/fr\/wp-json\/wp\/v2\/pages\/455","targetHints":{"allow":["GET"]}}],"collection":[{"href":"https:\/\/iicalgeri.esteri.it\/fr\/wp-json\/wp\/v2\/pages"}],"about":[{"href":"https:\/\/iicalgeri.esteri.it\/fr\/wp-json\/wp\/v2\/types\/page"}],"author":[{"embeddable":true,"href":"https:\/\/iicalgeri.esteri.it\/fr\/wp-json\/wp\/v2\/users\/4"}],"replies":[{"embeddable":true,"href":"https:\/\/iicalgeri.esteri.it\/fr\/wp-json\/wp\/v2\/comments?post=455"}],"version-history":[{"count":1,"href":"https:\/\/iicalgeri.esteri.it\/fr\/wp-json\/wp\/v2\/pages\/455\/revisions"}],"predecessor-version":[{"id":456,"href":"https:\/\/iicalgeri.esteri.it\/fr\/wp-json\/wp\/v2\/pages\/455\/revisions\/456"}],"up":[{"embeddable":true,"href":"https:\/\/iicalgeri.esteri.it\/fr\/wp-json\/wp\/v2\/pages\/439"}],"wp:attachment":[{"href":"https:\/\/iicalgeri.esteri.it\/fr\/wp-json\/wp\/v2\/media?parent=455"}],"curies":[{"name":"wp","href":"https:\/\/api.w.org\/{rel}","templated":true}]}}