{"id":450,"date":"2023-07-13T10:18:23","date_gmt":"2023-07-13T09:18:23","guid":{"rendered":"https:\/\/iicalgeri.esteri.it\/?page_id=450"},"modified":"2023-10-05T10:47:52","modified_gmt":"2023-10-05T09:47:52","slug":"a1-1","status":"publish","type":"page","link":"https:\/\/iicalgeri.esteri.it\/fr\/lingua-e-cultura\/i-corsi-di-lingua\/programme-des-cours\/a1-1\/","title":{"rendered":"A1-1"},"content":{"rendered":"<p><strong>Cours bimensuel et trimestriel<\/strong><\/p>\n<p><strong>Informations g\u00e9n\u00e9rales<\/strong><\/p>\n<p><strong>Dur\u00e9e du cours:<\/strong>\u00a050h<br \/>\n<strong>Dur\u00e9e de la le\u00e7on:<\/strong>\u00a06h00 deux fois par semaine\/ 4h00 une ou deux fois par semaine<\/p>\n<p><strong>Inscriptions<\/strong><\/p>\n<p><strong>P\u00e9riode d&rsquo;inscriptions:<\/strong> du 1 au 21 d\u00e9cembre 2023<br \/>\n<strong>Condition d&rsquo;inscription:<\/strong>\u00a0aucune<\/p>\n<p><strong>Tarif<\/strong> : 18.500 DA<\/p>\n<p><strong>Tarif \u00e9tudiants<\/strong> : 16.500 DA<\/p>\n<p><strong>Payement<\/strong>: en esp\u00e8ces ou versement bancaire<\/p>\n<p><strong>Manuels didactiques<\/strong><\/p>\n<p><strong>Manuel<\/strong>: Nuovissimo Progetto Italiano 1a<br \/>\n<strong>Prix<\/strong>: compris dans les frais d&rsquo;inscription<\/p>\n<p><strong>Nombre d&rsquo;\u00e9l\u00e8ves:<\/strong>\u00a0min. 6 max. 12<\/p>\n<p><strong>Programme<\/strong><\/p>\n<p>Ce cours d\u2019initiation A1 s\u2019adresse aux d\u00e9butants. Vous apprendrez \u00e0 vous pr\u00e9senter et \u00e0 exprimer votre avis. Au terme du cours vous arriverez \u00e0 vous exprimer, de fa\u00e7on simple, sur des arguments du quotidien comme la famille et le travail mais aussi dans un contexte de touriste en Italie.<\/p>\n<p>Plus particuli\u00e8rement: le cours pr\u00e9sentera les fonctions, les habilit\u00e9s linguistiques, les structures grammaticales et le lexique qui sont propos\u00e9s dans les unit\u00e9s 1-2 du manuel<\/p>\n","protected":false},"excerpt":{"rendered":"Cours bimensuel et trimestriel Informations g\u00e9n\u00e9rales Dur\u00e9e du cours:\u00a050h Dur\u00e9e de la le\u00e7on:\u00a06h00 deux fois par semaine\/ 4h00 une ou deux fois par semaine Inscriptions P\u00e9riode d&rsquo;inscriptions: du 1 au 21 d\u00e9cembre 2023 Condition d&rsquo;inscription:\u00a0aucune Tarif : 18.500 DA Tarif \u00e9tudiants : 16.500 DA Payement: en esp\u00e8ces ou versement bancaire Manuels didactiques Manuel: Nuovissimo Progetto [&hellip;]","protected":false},"author":4,"featured_media":0,"parent":439,"menu_order":0,"comment_status":"closed","ping_status":"closed","template":"","meta":{"footnotes":""},"class_list":["post-450","page","type-page","status-publish","hentry"],"_links":{"self":[{"href":"https:\/\/iicalgeri.esteri.it\/fr\/wp-json\/wp\/v2\/pages\/450","targetHints":{"allow":["GET"]}}],"collection":[{"href":"https:\/\/iicalgeri.esteri.it\/fr\/wp-json\/wp\/v2\/pages"}],"about":[{"href":"https:\/\/iicalgeri.esteri.it\/fr\/wp-json\/wp\/v2\/types\/page"}],"author":[{"embeddable":true,"href":"https:\/\/iicalgeri.esteri.it\/fr\/wp-json\/wp\/v2\/users\/4"}],"replies":[{"embeddable":true,"href":"https:\/\/iicalgeri.esteri.it\/fr\/wp-json\/wp\/v2\/comments?post=450"}],"version-history":[{"count":3,"href":"https:\/\/iicalgeri.esteri.it\/fr\/wp-json\/wp\/v2\/pages\/450\/revisions"}],"predecessor-version":[{"id":840,"href":"https:\/\/iicalgeri.esteri.it\/fr\/wp-json\/wp\/v2\/pages\/450\/revisions\/840"}],"up":[{"embeddable":true,"href":"https:\/\/iicalgeri.esteri.it\/fr\/wp-json\/wp\/v2\/pages\/439"}],"wp:attachment":[{"href":"https:\/\/iicalgeri.esteri.it\/fr\/wp-json\/wp\/v2\/media?parent=450"}],"curies":[{"name":"wp","href":"https:\/\/api.w.org\/{rel}","templated":true}]}}