{"id":446,"date":"2023-07-13T14:05:31","date_gmt":"2023-07-13T13:05:31","guid":{"rendered":"https:\/\/iicalgeri.esteri.it\/?page_id=446"},"modified":"2023-07-17T11:11:20","modified_gmt":"2023-07-17T10:11:20","slug":"cours-intensif","status":"publish","type":"page","link":"https:\/\/iicalgeri.esteri.it\/fr\/lingua-e-cultura\/i-corsi-di-lingua\/programme-des-cours\/cours-intensif\/","title":{"rendered":"Cours intensif"},"content":{"rendered":"<p class=\"titoloRosso\">L&rsquo;Institut Culturel Italien d&rsquo;Alger propose un cours mensuel pour d\u00e9butants durant les mois de\u00a0<strong>juillet<\/strong>\u00a0et\u00a0<strong>ao\u00fbt<\/strong>.<\/p>\n<p class=\"titoloCategoria\"><strong>Informations g\u00e9n\u00e9rales<\/strong><\/p>\n<p>Les cours se tiendront la matin\u00e9e (de\u00a0<strong>09h00<\/strong>\u00a0\u00e0\u00a0<strong>12h00<\/strong>), l&rsquo;apr\u00e8s-midi (de\u00a0<strong>13h00<\/strong>\u00a0\u00e0\u00a0<strong>16h00<\/strong>) et le soir (de\u00a0<strong>17h30<\/strong>\u00a0\u00e0\u00a0<strong>20h30<\/strong>).<\/p>\n","protected":false},"excerpt":{"rendered":"L&rsquo;Institut Culturel Italien d&rsquo;Alger propose un cours mensuel pour d\u00e9butants durant les mois de\u00a0juillet\u00a0et\u00a0ao\u00fbt. Informations g\u00e9n\u00e9rales Les cours se tiendront la matin\u00e9e (de\u00a009h00\u00a0\u00e0\u00a012h00), l&rsquo;apr\u00e8s-midi (de\u00a013h00\u00a0\u00e0\u00a016h00) et le soir (de\u00a017h30\u00a0\u00e0\u00a020h30).","protected":false},"author":4,"featured_media":0,"parent":439,"menu_order":11,"comment_status":"closed","ping_status":"closed","template":"","meta":{"footnotes":""},"class_list":["post-446","page","type-page","status-publish","hentry"],"_links":{"self":[{"href":"https:\/\/iicalgeri.esteri.it\/fr\/wp-json\/wp\/v2\/pages\/446","targetHints":{"allow":["GET"]}}],"collection":[{"href":"https:\/\/iicalgeri.esteri.it\/fr\/wp-json\/wp\/v2\/pages"}],"about":[{"href":"https:\/\/iicalgeri.esteri.it\/fr\/wp-json\/wp\/v2\/types\/page"}],"author":[{"embeddable":true,"href":"https:\/\/iicalgeri.esteri.it\/fr\/wp-json\/wp\/v2\/users\/4"}],"replies":[{"embeddable":true,"href":"https:\/\/iicalgeri.esteri.it\/fr\/wp-json\/wp\/v2\/comments?post=446"}],"version-history":[{"count":1,"href":"https:\/\/iicalgeri.esteri.it\/fr\/wp-json\/wp\/v2\/pages\/446\/revisions"}],"predecessor-version":[{"id":447,"href":"https:\/\/iicalgeri.esteri.it\/fr\/wp-json\/wp\/v2\/pages\/446\/revisions\/447"}],"up":[{"embeddable":true,"href":"https:\/\/iicalgeri.esteri.it\/fr\/wp-json\/wp\/v2\/pages\/439"}],"wp:attachment":[{"href":"https:\/\/iicalgeri.esteri.it\/fr\/wp-json\/wp\/v2\/media?parent=446"}],"curies":[{"name":"wp","href":"https:\/\/api.w.org\/{rel}","templated":true}]}}