{"id":444,"date":"2023-07-13T11:10:10","date_gmt":"2023-07-13T10:10:10","guid":{"rendered":"https:\/\/iicalgeri.esteri.it\/?page_id=444"},"modified":"2023-07-17T11:07:07","modified_gmt":"2023-07-17T10:07:07","slug":"cours-de-conversation","status":"publish","type":"page","link":"https:\/\/iicalgeri.esteri.it\/fr\/lingua-e-cultura\/i-corsi-di-lingua\/programme-des-cours\/cours-de-conversation\/","title":{"rendered":"Cours de conversation"},"content":{"rendered":"<p class=\"titoloRosso\"><strong>Cours de conversation<\/strong><\/p>\n<p>Les cours de conversation s\u2019adressent \u00e0 tous ceux qui souhaitent\u00a0<strong>renforcer<\/strong>\u00a0leur acquis et\u00a0<strong>d\u00e9velopper<\/strong>\u00a0<strong>l\u2019expression<\/strong>\u00a0et l\u2019<strong>interaction orale<\/strong>. La m\u00e9thodologie des cours de conversation collectifs vise \u00e0 donner une plus grande confiance dans les capacit\u00e9s communicatives, \u00e0 rendre les \u00e9l\u00e8ves autonomes et sert \u00e9galement \u00e0 consolider les comp\u00e9tences de chacun.<\/p>\n<p class=\"titoloRosso\"><strong>Cours trimestriel<\/strong><\/p>\n<p class=\"titoloCategoria\"><strong>Informations g\u00e9n\u00e9rales<\/strong><\/p>\n<p><span class=\"titoloNotizia\"><strong>Dur\u00e9e du cours<\/strong>:<\/span>\u00a030h<br \/>\n<span class=\"titoloNotizia\"><br \/>\n<strong>Dur\u00e9e de la le\u00e7on<\/strong>:<\/span>\u00a03h00<\/p>\n<p>Les cours de conversations sont organis\u00e9s pour les \u00e9tudiants en possession d\u00e9j\u00e0 de comp\u00e9tences linguistico-communicatives des niveaux\u00a0<strong>B2<\/strong>,\u00a0<strong>C1<\/strong>\u00a0et\u00a0<strong>C2<\/strong>.<\/p>\n<p>Ces cours se tiennent une fois par semaine et pr\u00e9voient 10 rencontres pour un volume horaire de 30h selon le tableau\u00a0suivant<\/p>\n<table class=\"table\" border=\"1\" cellspacing=\"2\" cellpadding=\"0\">\n<tbody>\n<tr>\n<td><strong>Cours<\/strong><\/td>\n<td><strong>Dur\u00e9e<\/strong><\/td>\n<td><strong>Jour<\/strong><\/td>\n<td><strong>Horaire<\/strong><\/td>\n<td><strong>Tarif<\/strong><\/td>\n<\/tr>\n<tr>\n<td>\u00a0Conversation<\/td>\n<td>\u00a030h<\/td>\n<td>\u00a0vendredi -samedi<\/td>\n<td>\u00a009h00-12h00<\/td>\n<td>15.000 DA<\/td>\n<\/tr>\n<\/tbody>\n<\/table>\n<p>&nbsp;<\/p>\n<p class=\"titoloCategoria\"><strong>Inscriptions<\/strong><\/p>\n<p><span class=\"titoloNotizia\"><strong>P\u00e9riode d&rsquo;inscriptions<\/strong>:<\/span>\u00a0du 1 &#8211; 30 septembre 2021<\/p>\n<p><strong>modalit\u00e9<\/strong>\u00a0en pr\u00e9sentiel ou en ligne<br \/>\n<span class=\"titoloNotizia\"><strong>Test de niveau<\/strong>:<\/span>\u00a0un test de niveau est pr\u00e9vu pour ceux qui ne sont pas en possession d&rsquo;une\u00a0<strong>Attestation<\/strong>\u00a0d\u00e9livr\u00e9e par l&rsquo;Institut.<br \/>\n<span class=\"titoloNotizia\"><strong>Payement<\/strong>:<\/span>\u00a0en esp\u00e8ces ou versement bancaire<\/p>\n<p class=\"titoloCategoria\"><strong>Manuels et mat\u00e9riels didactiques<\/strong><\/p>\n<p>Le mat\u00e9riel didactique concernant les arguments sp\u00e9cifi\u00e9s dans le programme est pr\u00e9par\u00e9 par l\u2019enseignant sur la base des niveaux et des th\u00e8mes d\u00e9finis. Ce mat\u00e9riel est gratuit.<\/p>\n<p><strong>Nombre d&rsquo;\u00e9l\u00e8ves:<\/strong>\u00a0min. 6 \/ max. 12<\/p>\n<p>&nbsp;<\/p>\n<p class=\"titoloCategoria\"><strong>Programme<\/strong><\/p>\n<p class=\"titoloNotizia\">Les cours de conversation d\u00e9veloppent l\u2019habilit\u00e9 du parler, en reprenant les situations communicatives et les fonctions linguistiques des diff\u00e9rents niveaux de cours de langue correspondants. Les cours de conversation proposent de consolider les comp\u00e9tences d\u00e9j\u00e0 acquises et de d\u00e9velopper la comp\u00e9tence pragmatique.<\/p>\n<p><strong>Plus particuli\u00e8rement:<\/strong>\u00a0Ces cours pr\u00e9voient une participation active des \u00e9l\u00e8ves, en faisant appel \u00e0 des activit\u00e9s ludiques \u00e0 effectuer en couple ou en groupe dans le but de cr\u00e9er en classe des situations communicatives authentiques qui stimulent la n\u00e9cessit\u00e9 de s\u2019exprimer.<\/p>\n","protected":false},"excerpt":{"rendered":"Cours de conversation Les cours de conversation s\u2019adressent \u00e0 tous ceux qui souhaitent\u00a0renforcer\u00a0leur acquis et\u00a0d\u00e9velopper\u00a0l\u2019expression\u00a0et l\u2019interaction orale. La m\u00e9thodologie des cours de conversation collectifs vise \u00e0 donner une plus grande confiance dans les capacit\u00e9s communicatives, \u00e0 rendre les \u00e9l\u00e8ves autonomes et sert \u00e9galement \u00e0 consolider les comp\u00e9tences de chacun. Cours trimestriel Informations g\u00e9n\u00e9rales Dur\u00e9e du [&hellip;]","protected":false},"author":4,"featured_media":0,"parent":439,"menu_order":10,"comment_status":"closed","ping_status":"closed","template":"","meta":{"footnotes":""},"class_list":["post-444","page","type-page","status-publish","hentry"],"_links":{"self":[{"href":"https:\/\/iicalgeri.esteri.it\/fr\/wp-json\/wp\/v2\/pages\/444","targetHints":{"allow":["GET"]}}],"collection":[{"href":"https:\/\/iicalgeri.esteri.it\/fr\/wp-json\/wp\/v2\/pages"}],"about":[{"href":"https:\/\/iicalgeri.esteri.it\/fr\/wp-json\/wp\/v2\/types\/page"}],"author":[{"embeddable":true,"href":"https:\/\/iicalgeri.esteri.it\/fr\/wp-json\/wp\/v2\/users\/4"}],"replies":[{"embeddable":true,"href":"https:\/\/iicalgeri.esteri.it\/fr\/wp-json\/wp\/v2\/comments?post=444"}],"version-history":[{"count":1,"href":"https:\/\/iicalgeri.esteri.it\/fr\/wp-json\/wp\/v2\/pages\/444\/revisions"}],"predecessor-version":[{"id":445,"href":"https:\/\/iicalgeri.esteri.it\/fr\/wp-json\/wp\/v2\/pages\/444\/revisions\/445"}],"up":[{"embeddable":true,"href":"https:\/\/iicalgeri.esteri.it\/fr\/wp-json\/wp\/v2\/pages\/439"}],"wp:attachment":[{"href":"https:\/\/iicalgeri.esteri.it\/fr\/wp-json\/wp\/v2\/media?parent=444"}],"curies":[{"name":"wp","href":"https:\/\/api.w.org\/{rel}","templated":true}]}}