{"id":439,"date":"2023-07-13T10:03:21","date_gmt":"2023-07-13T09:03:21","guid":{"rendered":"https:\/\/iicalgeri.esteri.it\/?page_id=439"},"modified":"2026-03-30T17:13:47","modified_gmt":"2026-03-30T16:13:47","slug":"programme-des-cours","status":"publish","type":"page","link":"https:\/\/iicalgeri.esteri.it\/fr\/lingua-e-cultura\/i-corsi-di-lingua\/programme-des-cours\/","title":{"rendered":"Cours d&rsquo;Italien Standard"},"content":{"rendered":"<p><strong>CALENDRIER<\/strong><\/p>\n<p>L&rsquo;Institut Culturel Italien propose des cours d&rsquo;une dur\u00e9e de 2 mois (6 heures de cours par semaine) ou de 3 mois (4 heures de cours par semaine). Pour chaque classe, le nombre minimum d&rsquo;\u00e9tudiants requis pour l&rsquo;activation d&rsquo;un cours est de 8, le maximum est de 15.<\/p>\n<p>Pour le calendrier des cours, vous pouvez contacter directement l&rsquo;Institut.<\/p>\n<p><strong>INSCRIPTION<\/strong><\/p>\n<p>Les inscriptions ont lieu \u00e0 l&rsquo;Institut &#8211; adresse 4 bis, Rue Yahia Mazouni, 16030 El Biar, Alger &#8211; de 9 heures \u00e0 16 heures, du dimanche au jeudi.<\/p>\n<p>Les documents suivants sont n\u00e9cessaires pour l&rsquo;inscription :<\/p>\n<ul>\n<li>le <a href=\"https:\/\/iicalgeri.esteri.it\/wp-content\/uploads\/2026\/03\/Formulaire-dinscription-25.03-1.pdf\">formulaire<\/a> d\u00fbment rempli ;<\/li>\n<li>2 photos d&rsquo;identit\u00e9 ;<\/li>\n<li>carte d&rsquo;identit\u00e9 ;<\/li>\n<li>photocopie du certificat de scolarit\u00e9 (pour les \u00e9tudiants).<\/li>\n<\/ul>\n<p><strong>Les tarfis<\/strong><\/p>\n<table class=\"table\" border=\"0\" cellspacing=\"0\" cellpadding=\"0\">\n<tbody>\n<tr>\n<th class=\"tableGray\">Corso<\/th>\n<th class=\"tableGray\">Certification<\/th>\n<th class=\"tableGray\">Dur\u00e9e<\/th>\n<th class=\"tableGray\">Tarif<\/th>\n<\/tr>\n<tr>\n<td class=\"tableGray\"><span class=\"titoloNotizia\">Niveau 1<\/span><\/td>\n<td class=\"tableGray\">\u00a0A1.1 utilisateur d\u00e9butant<\/td>\n<td class=\"tableGray\">50h<\/td>\n<td class=\"tableGray\">21.000 DA (-2000 DA pour les \u00e9tudiants)<\/td>\n<\/tr>\n<tr>\n<td class=\"tableGray\"><span class=\"titoloNotizia\">Niveau 2<\/span><\/td>\n<td class=\"tableGray\">\u00a0A1.2 utilisateur faux d\u00e9butant<\/td>\n<td class=\"tableGray\">50h<\/td>\n<td class=\"tableGray\">\u00a021.000 DA (-2000 DA pour les \u00e9tudiants)<\/td>\n<\/tr>\n<tr>\n<td class=\"tableGray\">Niveau 3<\/td>\n<td class=\"tableGray\">\u00a0A2.1 utilisateur \u00e9l\u00e9mentaire<\/td>\n<td class=\"tableGray\">50h<\/td>\n<td class=\"tableGray\">\u00a021.000 DA (-2000 DA pour les \u00e9tudiants)<\/td>\n<\/tr>\n<tr>\n<td class=\"tableGray\"><span class=\"titoloNotizia\">Niveau 4<\/span><\/td>\n<td class=\"tableGray\">\u00a0A2.2 utilisateur Niveau Seuil<\/td>\n<td class=\"tableGray\">50h<\/td>\n<td class=\"tableGray\">\u00a021.000 DA (-2000 DA pour les \u00e9tudiants)<\/td>\n<\/tr>\n<tr>\n<td class=\"tableGray\"><span class=\"titoloNotizia\">Niveau 5<\/span><\/td>\n<td class=\"tableGray\">\u00a0B1.1 utilisateur interm\u00e9diaire<\/td>\n<td class=\"tableGray\">50h<\/td>\n<td class=\"tableGray\">\u00a023.000 DA (-2000 DA pour les \u00e9tudiants)<\/td>\n<\/tr>\n<tr>\n<td class=\"tableGray\">Niveau 6<\/td>\n<td class=\"tableGray\">\u00a0B1.2 utilisateur interm\u00e9diaire<\/td>\n<td class=\"tableGray\">50h<\/td>\n<td class=\"tableGray\">\u00a023.000 DA (-2000 DA pour les \u00e9tudiants)<\/td>\n<\/tr>\n<tr>\n<td class=\"tableGray\"><span class=\"titoloNotizia\">Niveau 7<\/span><\/td>\n<td class=\"tableGray\">\u00a0B2.1 utilisateur interm\u00e9diaire avanc\u00e9<\/td>\n<td class=\"tableGray\">50h<\/td>\n<td class=\"tableGray\">\u00a023.000 DA (-2000 DA pour les \u00e9tudiants)<\/td>\n<\/tr>\n<tr>\n<td class=\"tableGray\"><span class=\"titoloNotizia\">Niveau 8<\/span><\/td>\n<td class=\"tableGray\">\u00a0B2.2 utilisateur interm\u00e9diaire avanc\u00e9<\/td>\n<td class=\"tableGray\">50h<\/td>\n<td class=\"tableGray\">\u00a023.000 DA (-2000 DA pour les \u00e9tudiants)<\/td>\n<\/tr>\n<tr>\n<td class=\"tableGray\"><span class=\"titoloNotizia\">Niveau 9\u00a0 \u00a0\u00a0<\/span><\/td>\n<td class=\"tableGray\">\u00a0C1 utilisateur exp\u00e9riment\u00e9<\/td>\n<td class=\"tableGray\">60h<\/td>\n<td class=\"tableGray\">\u00a023.000 DA (-2000 DA pour les \u00e9tudiants)<\/td>\n<\/tr>\n<tr>\n<td class=\"tableGray\"><span class=\"titoloNotizia\">Niveau 10<\/span><\/td>\n<td class=\"tableGray\">\u00a0C2 utilisateur exp\u00e9riment\u00e9<\/td>\n<td class=\"tableGray\">60h<\/td>\n<td class=\"tableGray\">\u00a023.000 DA (-2000 DA pour les \u00e9tudiants)<\/td>\n<\/tr>\n<tr>\n<td class=\"tableGray\"><span class=\"titoloNotizia\">Co<\/span><span class=\"titoloNotizia\">nversatio<\/span><span class=\"titoloNotizia\">n<\/span><\/td>\n<td class=\"tableGray\"><\/td>\n<td class=\"tableGray\">30h<\/td>\n<td class=\"tableGray\">\u00a018.000 DA (-2000 DA pour les \u00e9tudiants)<\/td>\n<\/tr>\n<tr>\n<td class=\"tableGray\">Civilisation<\/td>\n<td class=\"tableGray\">\u00a0selon la demande<\/td>\n<td class=\"tableGray\">50h<\/td>\n<td class=\"tableGray\">\u00a018.000 DA (-2000 DA pour les \u00e9tudiants)<\/td>\n<\/tr>\n<tr>\n<td class=\"tableGray\"><\/td>\n<td class=\"tableGray\"><\/td>\n<td class=\"tableGray\"><\/td>\n<td class=\"tableGray\"><\/td>\n<\/tr>\n<\/tbody>\n<\/table>\n<p><strong><span style=\"text-decoration: underline;\">Important : suppl\u00e9ment de 1 000 DA pour les cours du week-end<\/span><\/strong><\/p>\n<p>&nbsp;<\/p>\n<p>Voici un <a href=\"https:\/\/iicalgeri.esteri.it\/wp-content\/uploads\/2026\/03\/Couts-des-cours-ditalien-aprile-maggio-giugno-2026.xlsx\">r\u00e9sum\u00e9 des prix<\/a><\/p>\n<p>&nbsp;<\/p>\n<p><strong>PAIEMENT<\/strong><\/p>\n<p>Le paiement peut \u00eatre effectu\u00e9 en vous pr\u00e9sentant directement \u00e0 l\u2019Institut, soit par virement bancaire selon les coordonn\u00e9es suivantes :<\/p>\n<p>Cr\u00e9dit Populaire d\u2019Alg\u00e9rie \u2013 CPA &#8211; Agence : Agence El Biar<\/p>\n<p>IBAN\/RIB\u00a0: 00400105452021758986<\/p>\n<p><strong>TEST D&rsquo;ENTR\u00c9E<\/strong> <strong>sur rendez-vous<\/strong><\/p>\n<p>A l&rsquo;exception du niveau A.1 (d\u00e9butants), l&rsquo;acc\u00e8s \u00e0 tous les autres niveaux est possible sous r\u00e9serve de la r\u00e9ussite de l&rsquo;examen final du niveau pr\u00e9c\u00e9dent. Pour les \u00e9tudiants dont les connaissances linguistiques n&rsquo;ont pas \u00e9t\u00e9 acquises dans notre Institut, un test d&rsquo;entr\u00e9e est n\u00e9cessaire pour attribuer le niveau.<\/p>\n<p>Veuillez prendre rendez-vous en appelant le +213. 23. 053278 ou en \u00e9crivant \u00e0 iicalgeri@esteri.it<\/p>\n<p>Le texte d&rsquo;entr\u00e9e co\u00fbte 2 000 DA.<\/p>\n<p>&nbsp;<\/p>\n<p><strong>Pour l&rsquo;ann\u00e9e 2025, les jours suivants seront des jours f\u00e9ri\u00e9s<\/strong><\/p>\n<p>Mercredi 01 janvier : Jour de l&rsquo;An<br \/>\nDimanche 30 mars : A\u00efd El Fitr<br \/>\nLundi 31 avril : A\u00efd El Fitr<br \/>\nDimanche 20 avril : P\u00e2ques<br \/>\nLundi 21 avril : Lundi de l&rsquo;Ange<br \/>\nJeudi 01 mai : F\u00eate du travail<br \/>\nLundi 02 juin : F\u00eate de la R\u00e9publique<br \/>\nSamedi 07 juin : A\u00efd El Adha<br \/>\nSamedi 05 juillet : F\u00eate de l&rsquo;ind\u00e9pendance de l&rsquo;Alg\u00e9rie<br \/>\nSamedi 01 novembre : F\u00eate de la r\u00e9volution<br \/>\nJeudi 25 d\u00e9cembre : No\u00ebl<\/p>\n<p>&nbsp;<\/p>\n<p><strong>CONTACTS<\/strong><\/p>\n<p>Pour plus d&rsquo;informations sur les cours, veuillez appeler le <strong>+213. 23. 053278<\/strong> ou envoyez un courriel \u00e0 <strong>iicalgeri@esteri.it<\/strong><\/p>\n<p>&nbsp;<\/p>\n","protected":false},"excerpt":{"rendered":"CALENDRIER L&rsquo;Institut Culturel Italien propose des cours d&rsquo;une dur\u00e9e de 2 mois (6 heures de cours par semaine) ou de 3 mois (4 heures de cours par semaine). Pour chaque classe, le nombre minimum d&rsquo;\u00e9tudiants requis pour l&rsquo;activation d&rsquo;un cours est de 8, le maximum est de 15. Pour le calendrier des cours, vous pouvez [&hellip;]","protected":false},"author":4,"featured_media":0,"parent":86,"menu_order":2,"comment_status":"closed","ping_status":"closed","template":"","meta":{"footnotes":""},"class_list":["post-439","page","type-page","status-publish","hentry"],"_links":{"self":[{"href":"https:\/\/iicalgeri.esteri.it\/fr\/wp-json\/wp\/v2\/pages\/439","targetHints":{"allow":["GET"]}}],"collection":[{"href":"https:\/\/iicalgeri.esteri.it\/fr\/wp-json\/wp\/v2\/pages"}],"about":[{"href":"https:\/\/iicalgeri.esteri.it\/fr\/wp-json\/wp\/v2\/types\/page"}],"author":[{"embeddable":true,"href":"https:\/\/iicalgeri.esteri.it\/fr\/wp-json\/wp\/v2\/users\/4"}],"replies":[{"embeddable":true,"href":"https:\/\/iicalgeri.esteri.it\/fr\/wp-json\/wp\/v2\/comments?post=439"}],"version-history":[{"count":7,"href":"https:\/\/iicalgeri.esteri.it\/fr\/wp-json\/wp\/v2\/pages\/439\/revisions"}],"predecessor-version":[{"id":8468,"href":"https:\/\/iicalgeri.esteri.it\/fr\/wp-json\/wp\/v2\/pages\/439\/revisions\/8468"}],"up":[{"embeddable":true,"href":"https:\/\/iicalgeri.esteri.it\/fr\/wp-json\/wp\/v2\/pages\/86"}],"wp:attachment":[{"href":"https:\/\/iicalgeri.esteri.it\/fr\/wp-json\/wp\/v2\/media?parent=439"}],"curies":[{"name":"wp","href":"https:\/\/api.w.org\/{rel}","templated":true}]}}