{"id":398,"date":"2023-07-16T10:11:39","date_gmt":"2023-07-16T09:11:39","guid":{"rendered":"https:\/\/iicalgeri.esteri.it\/?page_id=398"},"modified":"2023-07-17T09:47:56","modified_gmt":"2023-07-17T08:47:56","slug":"devenir-membre","status":"publish","type":"page","link":"https:\/\/iicalgeri.esteri.it\/fr\/chi-siamo\/la-sede\/devenir-membre\/","title":{"rendered":"Devenir Membre"},"content":{"rendered":"<p>Le Club des Amis de l\u2019Institut<\/p>\n<p>Le Club des Amis de l\u2019Institut a pour but de promouvoir et de renforcer, \u00e0 un niveau non-institutionnel, les liens d&rsquo;amiti\u00e9 et les \u00e9changes culturels entre l&rsquo;Italie et l&rsquo;Alg\u00e9rie. Les membres peuvent assister aux diff\u00e9rentes manifestations culturelles organis\u00e9es par l\u2019Institut en recevant r\u00e9guli\u00e8rement par courrier ou par mail les invitations.<\/p>\n<p>En outre, ils b\u00e9n\u00e9ficient de tous les services qu\u2019offre l&rsquo;Institut :<\/p>\n<p>acc\u00e8s \u00e0 la biblioth\u00e8que, \u00e0 la vid\u00e9oth\u00e8que et au pr\u00eat; consultation des revues et hebdomadaires italiens; vision des cha\u00eenes de la TV italienne sur \u00e9cran g\u00e9ant; acc\u00e8s au cin\u00e9-club.<\/p>\n<p>&nbsp;<\/p>\n<p>La carte Amici dell&rsquo;istituto donne\u00a0droit aux adh\u00e8rents de la biblioth\u00e8que de disposer de l\u2019espace caf\u00e9 et cela de 12h00 \u00e014h00 de\u00a0dimanche \u00e0 jeudi, le samedi\u00a0de 11h00 \u00e0 15h00.<br \/>\nLa valeure de la carte\u00a0est de 3000 DA.\u00a0La validit\u00e9e de la carte Amici\u00a0dell&rsquo;istituto d\u00e9pend de celle de carte\u00a0d\u2019adh\u00e8rent de la biblioth\u00e8que.<\/p>\n<p><img decoding=\"async\" src=\"https:\/\/www.iicalgeri.esteri.it\/iic_algeri\/resource\/img\/2017\/01\/foto_biblioitalia_3.jpg\" alt=\"foto biblioitalia 3\" \/><\/p>\n","protected":false},"excerpt":{"rendered":"Le Club des Amis de l\u2019Institut Le Club des Amis de l\u2019Institut a pour but de promouvoir et de renforcer, \u00e0 un niveau non-institutionnel, les liens d&rsquo;amiti\u00e9 et les \u00e9changes culturels entre l&rsquo;Italie et l&rsquo;Alg\u00e9rie. Les membres peuvent assister aux diff\u00e9rentes manifestations culturelles organis\u00e9es par l\u2019Institut en recevant r\u00e9guli\u00e8rement par courrier ou par mail les [&hellip;]","protected":false},"author":4,"featured_media":0,"parent":83,"menu_order":0,"comment_status":"closed","ping_status":"closed","template":"","meta":{"footnotes":""},"class_list":["post-398","page","type-page","status-publish","hentry"],"_links":{"self":[{"href":"https:\/\/iicalgeri.esteri.it\/fr\/wp-json\/wp\/v2\/pages\/398","targetHints":{"allow":["GET"]}}],"collection":[{"href":"https:\/\/iicalgeri.esteri.it\/fr\/wp-json\/wp\/v2\/pages"}],"about":[{"href":"https:\/\/iicalgeri.esteri.it\/fr\/wp-json\/wp\/v2\/types\/page"}],"author":[{"embeddable":true,"href":"https:\/\/iicalgeri.esteri.it\/fr\/wp-json\/wp\/v2\/users\/4"}],"replies":[{"embeddable":true,"href":"https:\/\/iicalgeri.esteri.it\/fr\/wp-json\/wp\/v2\/comments?post=398"}],"version-history":[{"count":1,"href":"https:\/\/iicalgeri.esteri.it\/fr\/wp-json\/wp\/v2\/pages\/398\/revisions"}],"predecessor-version":[{"id":399,"href":"https:\/\/iicalgeri.esteri.it\/fr\/wp-json\/wp\/v2\/pages\/398\/revisions\/399"}],"up":[{"embeddable":true,"href":"https:\/\/iicalgeri.esteri.it\/fr\/wp-json\/wp\/v2\/pages\/83"}],"wp:attachment":[{"href":"https:\/\/iicalgeri.esteri.it\/fr\/wp-json\/wp\/v2\/media?parent=398"}],"curies":[{"name":"wp","href":"https:\/\/api.w.org\/{rel}","templated":true}]}}