{"id":396,"date":"2023-07-16T10:09:24","date_gmt":"2023-07-16T09:09:24","guid":{"rendered":"https:\/\/iicalgeri.esteri.it\/?page_id=396"},"modified":"2023-07-17T09:45:16","modified_gmt":"2023-07-17T08:45:16","slug":"ou-sommes-nous","status":"publish","type":"page","link":"https:\/\/iicalgeri.esteri.it\/fr\/chi-siamo\/la-sede\/ou-sommes-nous\/","title":{"rendered":"O\u00f9 sommes-nous"},"content":{"rendered":"<p><iframe loading=\"lazy\" src=\"https:\/\/www.google.com\/maps\/embed?pb=!1m14!1m8!1m3!1d12785.82786376554!2d3.0336073!3d36.7596036!3m2!1i1024!2i768!4f13.1!3m3!1m2!1s0x0%3A0xf91a1f61e911c94f!2sinstitut+culturel+italien!5e0!3m2!1sit!2sit!4v1485367321029\" width=\"100%\" height=\"450\" seamless=\"seamless\" allowfullscreen=\"allowfullscreen\" data-mce-fragment=\"1\"><\/iframe><\/p>\n<p>En venant \u00e0 pieds de la Rue El Brahimi, dans la direction de l&rsquo;ambassade am\u00e9ricaine, apr\u00e8s la Fondation Boudiaf, tourner \u00e0 droite (sortie \u00e0 sens unique sur la rue Brahimi), pr\u00e8s de 4 a Yahia Mazouni (signes indiquent l&#8217;emplacement montrant deux drapeaux de l&rsquo;Italie et l&rsquo;Europe)<\/p>\n<p><strong>En voiture et en bus<\/strong><br \/>\nArr\u00eat de bus \u00e0 c\u00f4t\u00e9 de la Fondation Boudiaf, descendez de 200 m\u00e8tres.<br \/>\nParking tout autour du Si\u00e8ge.<\/p>\n","protected":false},"excerpt":{"rendered":"En venant \u00e0 pieds de la Rue El Brahimi, dans la direction de l&rsquo;ambassade am\u00e9ricaine, apr\u00e8s la Fondation Boudiaf, tourner \u00e0 droite (sortie \u00e0 sens unique sur la rue Brahimi), pr\u00e8s de 4 a Yahia Mazouni (signes indiquent l&#8217;emplacement montrant deux drapeaux de l&rsquo;Italie et l&rsquo;Europe) En voiture et en bus Arr\u00eat de bus \u00e0 [&hellip;]","protected":false},"author":4,"featured_media":0,"parent":83,"menu_order":0,"comment_status":"closed","ping_status":"closed","template":"","meta":{"footnotes":""},"class_list":["post-396","page","type-page","status-publish","hentry"],"_links":{"self":[{"href":"https:\/\/iicalgeri.esteri.it\/fr\/wp-json\/wp\/v2\/pages\/396","targetHints":{"allow":["GET"]}}],"collection":[{"href":"https:\/\/iicalgeri.esteri.it\/fr\/wp-json\/wp\/v2\/pages"}],"about":[{"href":"https:\/\/iicalgeri.esteri.it\/fr\/wp-json\/wp\/v2\/types\/page"}],"author":[{"embeddable":true,"href":"https:\/\/iicalgeri.esteri.it\/fr\/wp-json\/wp\/v2\/users\/4"}],"replies":[{"embeddable":true,"href":"https:\/\/iicalgeri.esteri.it\/fr\/wp-json\/wp\/v2\/comments?post=396"}],"version-history":[{"count":1,"href":"https:\/\/iicalgeri.esteri.it\/fr\/wp-json\/wp\/v2\/pages\/396\/revisions"}],"predecessor-version":[{"id":397,"href":"https:\/\/iicalgeri.esteri.it\/fr\/wp-json\/wp\/v2\/pages\/396\/revisions\/397"}],"up":[{"embeddable":true,"href":"https:\/\/iicalgeri.esteri.it\/fr\/wp-json\/wp\/v2\/pages\/83"}],"wp:attachment":[{"href":"https:\/\/iicalgeri.esteri.it\/fr\/wp-json\/wp\/v2\/media?parent=396"}],"curies":[{"name":"wp","href":"https:\/\/api.w.org\/{rel}","templated":true}]}}